{"id":1152,"date":"2013-09-26T18:23:14","date_gmt":"2013-09-26T16:23:14","guid":{"rendered":"http:\/\/www.e-ucm.es\/?page_id=1152"},"modified":"2021-08-04T18:05:35","modified_gmt":"2021-08-04T16:05:35","slug":"people","status":"publish","type":"page","link":"https:\/\/www.e-ucm.es\/es\/people\/","title":{"rendered":"Qui\u00e9nes somos"},"content":{"rendered":"<div id='about_main'  class='avia-section av-12gf24w-bfc67bca2b07ec0064e43d7ffdb50610 main_color avia-section-default avia-no-shadow  avia-builder-el-0  el_before_av_layerslider  avia-builder-el-first  avia-bg-style-scroll container_wrap sidebar_right'  ><div class='container av-section-cont-open' ><main  role=\"main\" itemprop=\"mainContentOfPage\"  class='template-page content  av-content-small alpha units'><div class='post-entry post-entry-type-page post-entry-1152'><div class='entry-content-wrapper clearfix'>\n\n<style type=\"text\/css\" data-created_by=\"avia_inline_auto\" id=\"style-css-av-118ok1c-1863a3c5042ea99098d9ababcfd805f0\">\n#top .av-special-heading.av-118ok1c-1863a3c5042ea99098d9ababcfd805f0{\npadding-bottom:0;\n}\nbody .av-special-heading.av-118ok1c-1863a3c5042ea99098d9ababcfd805f0 .av-special-heading-tag .heading-char{\nfont-size:25px;\n}\n.av-special-heading.av-118ok1c-1863a3c5042ea99098d9ababcfd805f0 .av-subheading{\nfont-size:15px;\n}\n<\/style>\n<div  class='av-special-heading av-118ok1c-1863a3c5042ea99098d9ababcfd805f0 av-special-heading-h1 blockquote modern-quote  avia-builder-el-1  el_before_av_textblock  avia-builder-el-first '><h1 class='av-special-heading-tag '  itemprop=\"headline\"  >Nuestro Equipo<\/h1><div class=\"special-heading-border\"><div class=\"special-heading-inner-border\"><\/div><\/div><\/div>\n<section  class='av_textblock_section av-zygw28-1e37cb5da64604a19a3103de23656c3d '   itemscope=\"itemscope\" itemtype=\"https:\/\/schema.org\/CreativeWork\" ><div class='avia_textblock'  itemprop=\"text\" ><p>Nuestro equipo lo forma un grupo heterog\u00e9neo de 12 personas entre personal investigador de la Universidad Complutense de Madrid, investigadores contratados y colaboradores externos. \u00a1An\u00edmate y conoce a nuestros miembros!<\/p>\n<\/div><\/section>\n\n<\/div><\/div><\/main><!-- close content main element --><\/div><\/div><div id='layer_slider_1'  class='avia-layerslider main_color avia-shadow  avia-builder-el-3  el_after_av_section  el_before_av_section  slider-not-first container_wrap sidebar_right'  style='height: 371px; max-width: 1150px; margin: 0 auto;'  ><\/div>\n<div id='about_main'  class='avia-section av-wasg74-b9d37b5f267c7243ae591f1cb0f8b1ee main_color avia-section-default avia-no-shadow  avia-builder-el-4  el_after_av_layerslider  el_before_av_section  avia-bg-style-scroll container_wrap sidebar_right'  ><div class='container av-section-cont-open' ><div class='template-page content  av-content-small alpha units'><div class='post-entry post-entry-type-page post-entry-1152'><div class='entry-content-wrapper clearfix'>\n\n<style type=\"text\/css\" data-created_by=\"avia_inline_auto\" id=\"style-css-av-av_heading-174bfaa3b4589fbefbba843a8cfa727c\">\n#top .av-special-heading.av-av_heading-174bfaa3b4589fbefbba843a8cfa727c{\npadding-bottom:0;\n}\nbody .av-special-heading.av-av_heading-174bfaa3b4589fbefbba843a8cfa727c .av-special-heading-tag .heading-char{\nfont-size:25px;\n}\n.av-special-heading.av-av_heading-174bfaa3b4589fbefbba843a8cfa727c .av-subheading{\nfont-size:15px;\n}\n<\/style>\n<div  class='av-special-heading av-av_heading-174bfaa3b4589fbefbba843a8cfa727c av-special-heading-h1 blockquote modern-quote  avia-builder-el-5  el_before_av_two_third  avia-builder-el-first '><h1 class='av-special-heading-tag '  itemprop=\"headline\"  >Quienes somos<\/h1><div class=\"special-heading-border\"><div class=\"special-heading-inner-border\"><\/div><\/div><\/div>\n<div  class='flex_column av-2wsbcw-4eedbe058c3995aa6ef6944bb2fb7aaf av_two_third  avia-builder-el-6  el_after_av_heading  el_before_av_one_third  first flex_column_div  '     ><div  class='avia-testimonial-wrapper av-qnmpg0-d4fc2d5703cd00b935832405941a1760 avia-slider-testimonials avia-slider-1-testimonials avia_animate_when_almost_visible av-slideshow-ui av-control-default av-slider-hover-pause av-slideshow-autoplay av-loop-endless av-loop-manual-endless' data-slideshow-options=\"{&quot;animation&quot;:&quot;fade&quot;,&quot;autoplay&quot;:true,&quot;loop_autoplay&quot;:&quot;endless&quot;,&quot;interval&quot;:5,&quot;loop_manual&quot;:&quot;manual-endless&quot;,&quot;autoplay_stopper&quot;:false,&quot;noNavigation&quot;:false,&quot;bg_slider&quot;:false,&quot;keep_padding&quot;:&quot;&quot;,&quot;hoverpause&quot;:true,&quot;show_slide_delay&quot;:0}\">\n<section class=\"avia-testimonial-row\"><div class='avia-testimonial av-q79xgg-aa2b5452d22aabf5fad2c444f09a33c0 avia-testimonial-row-1 avia-first-testimonial flex_column no_margin av_one_full'><div class='avia-testimonial_inner'  itemscope=\"itemscope\" itemtype=\"https:\/\/schema.org\/CreativeWork\" ><div class='avia-testimonial-content '><div class='avia-testimonial-markup-entry-content'  itemprop=\"text\" ><p>Quiz\u00e1 la caracter\u00edsticas m\u00e1s atractiva de nuestro grupo sea, adem\u00e1s de nuestra capacidad de trabajo y adaptaci\u00f3n, nuestra gran versatilidad. Somos capaces de planificar, desarrollar, gestionar e implementar todo el ciclo de vida de un proyecto de investigaci\u00f3n y desarrollo, llevando a cabo todas las tareas que esto implica. Desde, por ejemplo, tareas m\u00e1s asociadas al \u00e1mbito de la investigaci\u00f3n educativa, como pueden ser la realizaci\u00f3n de dise\u00f1os experimentales para la evaluaci\u00f3n de nuevas tecnolog\u00edas educativas, su posterior an\u00e1lisis y publicaci\u00f3n, hasta tareas m\u00e1s t\u00e9cnicas, como pueden ser el desarrollo de nuevas arquitecturas y productos software utilizando tecnolog\u00edas punteras, pasando por tareas asociadas a la gesti\u00f3n de proyectos europeos o a la formaci\u00f3n de personal docente.<\/p>\n<\/div><\/div><div class=\"avia-testimonial-meta\"><div class=\"avia-testimonial-arrow-wrap\"><div class=\"avia-arrow\"><\/div><\/div><div class='avia-testimonial-image'  itemprop=\"image\" ><img loading=\"lazy\" decoding=\"async\" width=\"80\" height=\"80\" src=\"https:\/\/www.e-ucm.es\/wp-content\/uploads\/2013\/09\/ico_80x80_baltasar2.jpg\" class=\"attachment-square size-square\" alt=\"\" \/><\/div><div class='avia-testimonial-meta-mini'  itemprop=\"author\" itemscope=\"itemscope\" itemtype=\"https:\/\/schema.org\/Person\" ><strong  class='avia-testimonial-name'  itemprop=\"name\" > Baltasar Fern\u00e1ndez Manj\u00f3n<\/strong><span  class='avia-testimonial-subtitle '  itemprop=\"jobTitle\" >Director del grupo e-UCM<\/span><\/div><\/div><\/div><\/div>\n<\/section><div class='avia-slideshow-arrows avia-slideshow-controls' ><a href='#prev' class='prev-slide  avia-svg-icon avia-font-svg_entypo-fontello' data-av_svg_icon='left-open-big' data-av_iconset='svg_entypo-fontello' tabindex='-1' title=\"Anterior\"><svg version=\"1.1\" xmlns=\"http:\/\/www.w3.org\/2000\/svg\" width=\"15\" height=\"32\" viewBox=\"0 0 15 32\" preserveAspectRatio=\"xMidYMid meet\" aria-labelledby='av-svg-title-1' aria-describedby='av-svg-desc-1' role=\"graphics-symbol\" aria-hidden=\"true\">\n<title id='av-svg-title-1'>Anterior<\/title>\n<desc id='av-svg-desc-1'>Anterior<\/desc>\n<path d=\"M14.464 27.84q0.832 0.832 0 1.536-0.832 0.832-1.536 0l-12.544-12.608q-0.768-0.768 0-1.6l12.544-12.608q0.704-0.832 1.536 0 0.832 0.704 0 1.536l-11.456 11.904z\"><\/path>\n<\/svg><span class='avia_hidden_link_text'>Anterior<\/span><\/a><a href='#next' class='next-slide  avia-svg-icon avia-font-svg_entypo-fontello' data-av_svg_icon='right-open-big' data-av_iconset='svg_entypo-fontello' tabindex='-1' title=\"Posterior\"><svg version=\"1.1\" xmlns=\"http:\/\/www.w3.org\/2000\/svg\" width=\"15\" height=\"32\" viewBox=\"0 0 15 32\" preserveAspectRatio=\"xMidYMid meet\" aria-labelledby='av-svg-title-2' aria-describedby='av-svg-desc-2' role=\"graphics-symbol\" aria-hidden=\"true\">\n<title id='av-svg-title-2'>Posterior<\/title>\n<desc id='av-svg-desc-2'>Posterior<\/desc>\n<path d=\"M0.416 27.84l11.456-11.84-11.456-11.904q-0.832-0.832 0-1.536 0.832-0.832 1.536 0l12.544 12.608q0.768 0.832 0 1.6l-12.544 12.608q-0.704 0.832-1.536 0-0.832-0.704 0-1.536z\"><\/path>\n<\/svg><span class='avia_hidden_link_text'>Posterior<\/span><\/a><\/div><\/div><\/div><div  class='flex_column av-okcg00-a0462bc34a020ae33495da237d047db9 av_one_third  avia-builder-el-8  el_after_av_two_third  el_before_av_hr  flex_column_div  '     ><div  class='avia-builder-widget-area clearfix  avia-builder-el-9  avia-builder-el-no-sibling '><div id=\"avia_google_maps-2\" class=\"widget clearfix avia-widget-container avia_google_maps avia_no_block_preview\"><div class=\"avia-preview-headline\">Enfold Google Maps Widget<\/div><div class=\"avia-preview-info\">T\u00edtulo: Mapa<\/div><div class=\"avia-preview-info\">Latitud: 40.4532812<\/div><div class=\"avia-preview-info\">Longitud: -3.7327115000000504<\/div><div class=\"avia-preview-in-front\" style=\"color: red;\">Google Maps is disabled in theme options &quot;Google Services&quot;.<\/div><\/div><\/div><\/div><div  class='hr av-23k59s-ba6df939d9c9ef104b0249c980b4120e hr-default  avia-builder-el-10  el_after_av_one_third  el_before_av_heading '><span class='hr-inner '><span class=\"hr-inner-style\"><\/span><\/span><\/div>\n\n<style type=\"text\/css\" data-created_by=\"avia_inline_auto\" id=\"style-css-av-av_heading-2ebf3fe86e2f54311653e6081732f3d9\">\n#top .av-special-heading.av-av_heading-2ebf3fe86e2f54311653e6081732f3d9{\npadding-bottom:10px;\n}\nbody .av-special-heading.av-av_heading-2ebf3fe86e2f54311653e6081732f3d9 .av-special-heading-tag .heading-char{\nfont-size:25px;\n}\n.av-special-heading.av-av_heading-2ebf3fe86e2f54311653e6081732f3d9 .av-subheading{\nfont-size:15px;\n}\n<\/style>\n<div  class='av-special-heading av-av_heading-2ebf3fe86e2f54311653e6081732f3d9 av-special-heading-h1 blockquote modern-quote  avia-builder-el-11  el_after_av_hr  el_before_av_one_half '><h1 class='av-special-heading-tag '  itemprop=\"headline\"  >Contacto<\/h1><div class=\"special-heading-border\"><div class=\"special-heading-inner-border\"><\/div><\/div><\/div>\n<div  class='flex_column av-gzxzlc-9c56a2111ad9a646bec426a1c31ac211 av_one_half  avia-builder-el-12  el_after_av_heading  el_before_av_one_half  first flex_column_div  '     ><section  class='av_textblock_section av-fnein4-0b05be8e713211e61fecc3ed2963191f '   itemscope=\"itemscope\" itemtype=\"https:\/\/schema.org\/CreativeWork\" ><div class='avia_textblock'  itemprop=\"text\" ><div id=\"contact_block\">\n<div class=\"contact_img\"><img loading=\"lazy\" decoding=\"async\" class=\"alignnone size-full wp-image-3227\" alt=\"logo_ucm\" src=\"\/wp-content\/uploads\/2013\/09\/logo_ucm.jpg\" width=\"175\" height=\"81\" \/><\/div>\n<div class=\"contact_txt\">\n<h2>e-UCM Research Group<\/h2>\n<h3><span style=\"font-size: 13px;\">Departamento de Ingenier\u00eda del Software e Inteligencia Artificial<\/span><\/h3>\n<\/div>\n<\/div>\n<\/div><\/section><\/div><div  class='flex_column av-e72y00-7869c62139f7936794cc23bc88222dd1 av_one_half  avia-builder-el-14  el_after_av_one_half  avia-builder-el-last  flex_column_div  '     ><section  class='av_textblock_section av-d2abmo-a3c4fbcbd13d89a8d42a5e71bfd0dd1e '   itemscope=\"itemscope\" itemtype=\"https:\/\/schema.org\/CreativeWork\" ><div class='avia_textblock'  itemprop=\"text\" >\n<style type=\"text\/css\" data-created_by=\"avia_inline_auto\" id=\"style-css-av-acxqi8-c7a4a5d2e5931f9da187fba1fdd920b1\">\n.av_font_icon.av-acxqi8-c7a4a5d2e5931f9da187fba1fdd920b1{\ncolor:#017870;\nborder-color:#017870;\n}\n.avia-svg-icon.av-acxqi8-c7a4a5d2e5931f9da187fba1fdd920b1 svg:first-child{\nstroke:#017870;\nfill:#017870;\n}\n.av_font_icon.av-acxqi8-c7a4a5d2e5931f9da187fba1fdd920b1 .av-icon-char{\nfont-size:20px;\nline-height:20px;\n}\n<\/style>\n<span  class='av_font_icon av-acxqi8-c7a4a5d2e5931f9da187fba1fdd920b1 avia_animate_when_visible av-icon-style- avia-icon-pos-left avia-svg-icon avia-font-svg_entypo-fontello avia-icon-animate'><span class='av-icon-char' data-av_svg_icon='4' data-av_iconset='svg_entypo-fontello' ><\/span><\/span>\n<p>C\/ Profesor Garc\u00eda Santesmases s\/n. 28040 Madrid, Espa\u00f1a<\/p>\n\n<style type=\"text\/css\" data-created_by=\"avia_inline_auto\" id=\"style-css-av-8qm434-41e0b5345c5733f62a006b27bb465376\">\n.av_font_icon.av-8qm434-41e0b5345c5733f62a006b27bb465376{\ncolor:#017870;\nborder-color:#017870;\n}\n.avia-svg-icon.av-8qm434-41e0b5345c5733f62a006b27bb465376 svg:first-child{\nstroke:#017870;\nfill:#017870;\n}\n.av_font_icon.av-8qm434-41e0b5345c5733f62a006b27bb465376 .av-icon-char{\nfont-size:20px;\nline-height:20px;\n}\n<\/style>\n<span  class='av_font_icon av-8qm434-41e0b5345c5733f62a006b27bb465376 avia_animate_when_visible av-icon-style- avia-icon-pos-left avia-svg-icon avia-font-svg_entypo-fontello avia-icon-animate'><span class='av-icon-char' data-av_svg_icon='1' data-av_iconset='svg_entypo-fontello' ><\/span><\/span>\n<p>(+34) 91 394 76 23<\/p>\n\n<style type=\"text\/css\" data-created_by=\"avia_inline_auto\" id=\"style-css-av-77lvi8-a7ef252405887c7a87e48209728890aa\">\n.av_font_icon.av-77lvi8-a7ef252405887c7a87e48209728890aa{\ncolor:#017870;\nborder-color:#017870;\n}\n.avia-svg-icon.av-77lvi8-a7ef252405887c7a87e48209728890aa svg:first-child{\nstroke:#017870;\nfill:#017870;\n}\n.av_font_icon.av-77lvi8-a7ef252405887c7a87e48209728890aa .av-icon-char{\nfont-size:20px;\nline-height:20px;\n}\n<\/style>\n<span  class='av_font_icon av-77lvi8-a7ef252405887c7a87e48209728890aa avia_animate_when_visible av-icon-style- avia-icon-pos-left avia-svg-icon avia-font-svg_entypo-fontello avia-icon-animate'><span class='av-icon-char' data-av_svg_icon='5' data-av_iconset='svg_entypo-fontello' ><\/span><\/span>\n<p>contact [arroba] e-ucm.es<\/p>\n<\/div><\/section><\/div><\/div><\/div><\/div><!-- close content main div --><\/div><\/div><div id='about-participa'  class='avia-section av-62oytc-460f5c4c78da564400840691893cb211 main_color avia-section-no-padding avia-no-shadow  avia-builder-el-19  el_after_av_section  avia-builder-el-last  avia-bg-style-fixed container_wrap sidebar_right'  ><div class='container av-section-cont-open' ><div class='template-page content  av-content-small alpha units'><div class='post-entry post-entry-type-page post-entry-1152'><div class='entry-content-wrapper clearfix'>\n<section  class='av_textblock_section av-3v5o40-a61aba5ef79b4b21ba2bf49e72888504 '   itemscope=\"itemscope\" itemtype=\"https:\/\/schema.org\/CreativeWork\" ><div class='avia_textblock'  itemprop=\"text\" ><h3><\/h3>\n<h3><\/h3>\n<h3><span style=\"color: #ffffff;\">Participa<\/span><\/h3>\n<p><span style=\"color: #ffffff;\">\u00bfEst\u00e1s buscando socios para un nuevo proyecto de I+D+i? \u00bfEres un desarrollador interesado en contribuir a alguno de nuestros proyectos libres? \u00bfTe dedicas a la educaci\u00f3n y quieres saber m\u00e1s sobre lo que hacemos? \u00bfEst\u00e1s pensando en dedicarte a la investigaci\u00f3n en e-Learning? \u00a1Contacta con nosotros! Estamos deseando colaborar contigo, independientemente de cu\u00e1l sea tu perfil. <\/span><\/p>\n<\/div><\/section>\n<div  class='avia-button-wrap av-2ydr9c-41d5d270e4932bd5deb4943a688d43b9-wrap avia-button-center  avia-builder-el-21  el_after_av_textblock  avia-builder-el-last '><a href='https:\/\/www.e-ucm.es\/es\/contacto\/'  class='avia-button av-2ydr9c-41d5d270e4932bd5deb4943a688d43b9 av-link-btn avia-icon_select-yes-left-icon avia-size-small avia-position-center avia-color-silver'   aria-label=\"M\u00e1ndanos un mail\"><span class='avia_button_icon avia_button_icon_left avia-svg-icon avia-font-svg_entypo-fontello' data-av_svg_icon='17' data-av_iconset='svg_entypo-fontello'><\/span><span class='avia_iconbox_title' >M\u00e1ndanos un mail<\/span><\/a><\/div>\n<\/div><\/div><\/div><!-- close content main div --><\/div><\/div><div id='after_section_3'  class='main_color av_default_container_wrap container_wrap sidebar_right'  ><div class='container av-section-cont-open' ><div class='template-page content  av-content-small alpha units'><div class='post-entry post-entry-type-page post-entry-1152'><div class='entry-content-wrapper clearfix'><\/p>\n","protected":false},"excerpt":{"rendered":"","protected":false},"author":1,"featured_media":0,"parent":0,"menu_order":0,"comment_status":"open","ping_status":"open","template":"","meta":{"footnotes":""},"class_list":["post-1152","page","type-page","status-publish","hentry"],"_links":{"self":[{"href":"https:\/\/www.e-ucm.es\/es\/wp-json\/wp\/v2\/pages\/1152","targetHints":{"allow":["GET"]}}],"collection":[{"href":"https:\/\/www.e-ucm.es\/es\/wp-json\/wp\/v2\/pages"}],"about":[{"href":"https:\/\/www.e-ucm.es\/es\/wp-json\/wp\/v2\/types\/page"}],"author":[{"embeddable":true,"href":"https:\/\/www.e-ucm.es\/es\/wp-json\/wp\/v2\/users\/1"}],"replies":[{"embeddable":true,"href":"https:\/\/www.e-ucm.es\/es\/wp-json\/wp\/v2\/comments?post=1152"}],"version-history":[{"count":14,"href":"https:\/\/www.e-ucm.es\/es\/wp-json\/wp\/v2\/pages\/1152\/revisions"}],"predecessor-version":[{"id":8366,"href":"https:\/\/www.e-ucm.es\/es\/wp-json\/wp\/v2\/pages\/1152\/revisions\/8366"}],"wp:attachment":[{"href":"https:\/\/www.e-ucm.es\/es\/wp-json\/wp\/v2\/media?parent=1152"}],"curies":[{"name":"wp","href":"https:\/\/api.w.org\/{rel}","templated":true}]}}