{"id":1158,"date":"2013-09-26T18:38:32","date_gmt":"2013-09-26T16:38:32","guid":{"rendered":"http:\/\/www.e-ucm.es\/?page_id=1158"},"modified":"2021-08-04T18:14:39","modified_gmt":"2021-08-04T16:14:39","slug":"proyectos","status":"publish","type":"page","link":"https:\/\/www.e-ucm.es\/es\/proyectos\/","title":{"rendered":"Proyectos"},"content":{"rendered":"\n<p><\/p>\n\n\n<div id='content-filler'  class='avia-section av-av_section-bb3bb56765d9bde7b6ec67314598313d main_color avia-section-no-padding avia-no-shadow  avia-builder-el-0  el_before_av_layerslider  avia-builder-el-first  avia-bg-style-scroll container_wrap sidebar_right'  ><div class='container av-section-cont-open' ><main  role=\"main\" itemprop=\"mainContentOfPage\"  class='template-page content  av-content-small alpha units'><div class='post-entry post-entry-type-page post-entry-1158'><div class='entry-content-wrapper clearfix'>\n<\/div><\/div><\/main><!-- close content main element --><\/div><\/div><div id='layer_slider_1'  class='avia-layerslider main_color avia-shadow  avia-builder-el-1  el_after_av_section  el_before_av_section  slider-not-first container_wrap sidebar_right'  style='height: 151px; max-width: 1140px; margin: 0 auto;'  ><\/div>\n<div id='projects_main'  class='avia-section av-av_section-9287d55e0b0d9867c178ae7d5e02533a main_color avia-section-default avia-no-shadow  avia-builder-el-2  el_after_av_layerslider  avia-builder-el-last  avia-bg-style-scroll container_wrap sidebar_right'  ><div class='container av-section-cont-open' ><div class='template-page content  av-content-small alpha units'><div class='post-entry post-entry-type-page post-entry-1158'><div class='entry-content-wrapper clearfix'>\n<div  class='flex_column av-av_one_third-2a9015ff38129c418a3f2eafba3e9512 av_one_third  avia-builder-el-3  el_before_av_two_third  avia-builder-el-first  first flex_column_div  '     ><style type=\"text\/css\" data-created_by=\"avia_inline_auto\" id=\"style-css-av-av_image-edeb8d47c17a7e9eac8d8225a472676d\">\n.avia-image-container.av-av_image-edeb8d47c17a7e9eac8d8225a472676d img.avia_image{\nbox-shadow:none;\n}\n.avia-image-container.av-av_image-edeb8d47c17a7e9eac8d8225a472676d .av-image-caption-overlay-center{\ncolor:#ffffff;\n}\n<\/style>\n<div  class='avia-image-container av-av_image-edeb8d47c17a7e9eac8d8225a472676d av-styling- avia_animated_image av-animated-when-visible-95 left-to-right avia-align-center  avia-builder-el-4  avia-builder-el-no-sibling '   itemprop=\"image\" itemscope=\"itemscope\" itemtype=\"https:\/\/schema.org\/ImageObject\" ><div class=\"avia-image-container-inner\"><div class=\"avia-image-overlay-wrap\"><img decoding=\"async\" width=\"202\" height=\"235\" fetchpriority=\"high\" class='wp-image-1512 avia-img-lazy-loading-not-1512 avia_image ' src=\"http:\/\/www.e-ucm.es\/wp-content\/uploads\/2013\/09\/img_proyectos.png\" alt='Entidades financiadoras' title='Entidades financiadoras'   itemprop=\"thumbnailUrl\"  \/><\/div><\/div><\/div><\/div><div  class='flex_column av-av_two_third-bb0c93372dbfdfd42698443400a42550 av_two_third  avia-builder-el-5  el_after_av_one_third  el_before_av_hr  flex_column_div  '     ><p>\n<style type=\"text\/css\" data-created_by=\"avia_inline_auto\" id=\"style-css-av-av_heading-f89734b6ccc491ee4c65d20f8e721611\">\n#top .av-special-heading.av-av_heading-f89734b6ccc491ee4c65d20f8e721611{\npadding-bottom:10px;\n}\nbody .av-special-heading.av-av_heading-f89734b6ccc491ee4c65d20f8e721611 .av-special-heading-tag .heading-char{\nfont-size:25px;\n}\n.av-special-heading.av-av_heading-f89734b6ccc491ee4c65d20f8e721611 .av-subheading{\nfont-size:15px;\n}\n<\/style>\n<div  class='av-special-heading av-av_heading-f89734b6ccc491ee4c65d20f8e721611 av-special-heading-h3 blockquote modern-quote  avia-builder-el-6  el_before_av_hr  avia-builder-el-first '><h3 class='av-special-heading-tag '  itemprop=\"headline\"  >\u00bfEn qu\u00e9 proyectos trabajamos?<\/h3><div class=\"special-heading-border\"><div class=\"special-heading-inner-border\"><\/div><\/div><\/div><br \/>\n<div  class='hr av-av_hr-291a30c6f826c8acfb798cde4642bd2a hr-short  avia-builder-el-7  el_after_av_heading  el_before_av_textblock  hr-left'><span class='hr-inner '><span class=\"hr-inner-style\"><\/span><\/span><\/div><br \/>\n<section  class='av_textblock_section av-av_textblock-a2abf683283c7446c7be9a9d766b40e6 '   itemscope=\"itemscope\" itemtype=\"https:\/\/schema.org\/CreativeWork\" ><div class='avia_textblock'  itemprop=\"text\" ><p>Desarrollamos nuestra actividad investigadora a trav\u00e9s de diversos tipos de proyectos. Por un lado, participamos en la planificaci\u00f3n y ejecuci\u00f3n de proyectos competitivos en cooperaci\u00f3n, tanto a nivel nacional (plan nacional de I+D, plan Avanza, etc.) como a nivel europeo (s\u00e9ptimo programa Marco, programa de aprendizaje permanente, programa Alfa, etc.). Estos proyectos constituyen el grueso de nuestra financiaci\u00f3n y la base de nuestro trabajo. Pero por otro lado, tambi\u00e9n llevamos a cabo proyectos de car\u00e1cter m\u00e1s experimental e innovador, dirigidos fundamentalmente por la iniciativa y empuje del grupo y motivados por las ganas de ayudar a que el campo del e-Learning avance.<\/p>\n<\/div><\/section><\/p><\/div><div  class='hr av-av_hr-6782de5e73343334843daa9043c4aa80 hr-full  avia-builder-el-9  el_after_av_two_third  el_before_av_heading  hr-shadow'><span class='hr-inner '><span class=\"hr-inner-style\"><\/span><\/span><\/div>\n\n<style type=\"text\/css\" data-created_by=\"avia_inline_auto\" id=\"style-css-av-av_heading-b0f45e94d74f474d6bc7a011c1022e50\">\n#top .av-special-heading.av-av_heading-b0f45e94d74f474d6bc7a011c1022e50{\npadding-bottom:10px;\n}\nbody .av-special-heading.av-av_heading-b0f45e94d74f474d6bc7a011c1022e50 .av-special-heading-tag .heading-char{\nfont-size:25px;\n}\n.av-special-heading.av-av_heading-b0f45e94d74f474d6bc7a011c1022e50 .av-subheading{\nfont-size:15px;\n}\n<\/style>\n<div  class='av-special-heading av-av_heading-b0f45e94d74f474d6bc7a011c1022e50 av-special-heading-h4 blockquote modern-quote  avia-builder-el-10  el_after_av_hr  el_before_av_hr '><h4 class='av-special-heading-tag '  itemprop=\"headline\"  >Puedes seleccionar una de nuestras categor\u00edas o ver todos nuestros proyectos<\/h4><div class=\"special-heading-border\"><div class=\"special-heading-inner-border\"><\/div><\/div><\/div>\n<div  class='hr av-av_hr-c69e1af1bad63c3964cc522caf796498 hr-short  avia-builder-el-11  el_after_av_heading  el_before_av_portfolio  avia-builder-el-last  hr-center'><span class='hr-inner '><span class=\"hr-inner-style\"><\/span><\/span><\/div>\n<div  id=\"av-sc-portfolio-1\"  class=\"av-portfolio-grid-sorting-container\"><div class='sort_width_container  av-sort-yes' data-portfolio-id='1' ><div id='js_sort_items' ><div class='sort_by_cat '><a href=\"#\" data-filter=\"all_sort\" class=\"all_sort_button active_sort\"><span class=\"inner_sort_button\"><span>Todo<\/span><small class=\"av-cat-count\"> 12 <\/small><\/span><\/a><span class=\"text-sep proy-experimental_sort_sep\">\/<\/span><a href=\"#\" data-filter=\"proy-experimental_sort\" class=\"proy-experimental_sort_button\" ><span class=\"inner_sort_button\"><span>Experimental @es<\/span><small class=\"av-cat-count\"> 8 <\/small><\/span><\/a><span class=\"text-sep proy-financiados_sort_sep\">\/<\/span><a href=\"#\" data-filter=\"proy-financiados_sort\" class=\"proy-financiados_sort_button\" ><span class=\"inner_sort_button\"><span>Financiados<\/span><small class=\"av-cat-count\"> 5 <\/small><\/span><\/a><\/div><\/div><\/div><div  class=' grid-sort-container isotope   no_margin-container with-excerpt-container grid-total-even grid-col-4 grid-links-' data-portfolio-id='1'><div data-ajax-id='8951' class=' grid-entry flex_column isotope-item all_sort no_margin post-entry post-entry-8951 grid-entry-overview grid-loop-1 grid-parity-odd  actuales-es_sort actuales_sort proy-experimental_sort proy_sort homepage-proy_sort  av_one_fourth first default_av_fullwidth '><article class='main_color inner-entry'  itemscope=\"itemscope\" itemtype=\"https:\/\/schema.org\/CreativeWork\" ><a href=\"https:\/\/www.e-ucm.es\/es\/portfolio-item\/justshare\/\" title='JustShare'  data-rel='grid-1' class='grid-image avia-hover-fx'> <img decoding=\"async\" fetchpriority=\"high\" width=\"260\" height=\"146\" src=\"https:\/\/www.e-ucm.es\/wp-content\/uploads\/2026\/03\/ss1.png\" class=\"wp-image-8952 avia-img-lazy-loading-not-8952 attachment-portfolio_small size-portfolio_small wp-post-image\" alt=\"\" \/><\/a><div class='grid-content'><div class='avia-arrow'><\/div><header class=\"entry-content-header\" aria-label=\"Portfolio: JustShare\"><h3 class='grid-entry-title entry-title '  itemprop=\"headline\" ><a href='https:\/\/www.e-ucm.es\/es\/portfolio-item\/justshare\/' title='JustShare'>JustShare<\/a><\/h3><\/header><div class='grid-entry-excerpt entry-content'  itemprop=\"text\" >Videojuego para abordar huella digital<\/div><\/div><footer class=\"entry-footer\"><\/footer><\/article><\/div><div data-ajax-id='8652' class=' grid-entry flex_column isotope-item all_sort no_margin post-entry post-entry-8652 grid-entry-overview grid-loop-2 grid-parity-even  actuales_sort proy-financiados_sort financiados-nacional_sort proy_sort homepage-proy_sort  av_one_fourth  default_av_fullwidth '><article class='main_color inner-entry'  itemscope=\"itemscope\" itemtype=\"https:\/\/schema.org\/CreativeWork\" ><a href=\"https:\/\/www.e-ucm.es\/es\/portfolio-item\/gameval-2\/\" title='GAMEVAL2'  data-rel='grid-1' class='grid-image avia-hover-fx'> <img decoding=\"async\" fetchpriority=\"high\" width=\"260\" height=\"185\" src=\"https:\/\/www.e-ucm.es\/wp-content\/uploads\/2025\/05\/micin-aei-260x185.jpg\" class=\"wp-image-8655 avia-img-lazy-loading-not-8655 attachment-portfolio_small size-portfolio_small wp-post-image\" alt=\"\" \/><\/a><div class='grid-content'><div class='avia-arrow'><\/div><header class=\"entry-content-header\" aria-label=\"Portfolio: GAMEVAL2\"><h3 class='grid-entry-title entry-title '  itemprop=\"headline\" ><a href='https:\/\/www.e-ucm.es\/es\/portfolio-item\/gameval-2\/' title='GAMEVAL2'>GAMEVAL2<\/a><\/h3><\/header><div class='grid-entry-excerpt entry-content'  itemprop=\"text\" >Proyecto nacional (2020-2025)<\/div><\/div><footer class=\"entry-footer\"><\/footer><\/article><\/div><div data-ajax-id='8608' class=' grid-entry flex_column isotope-item all_sort no_margin post-entry post-entry-8608 grid-entry-overview grid-loop-3 grid-parity-odd  actuales_sort actuales-es_sort proy-experimental_sort proy_sort homepage-proy_sort  av_one_fourth  default_av_fullwidth '><article class='main_color inner-entry'  itemscope=\"itemscope\" itemtype=\"https:\/\/schema.org\/CreativeWork\" ><a href=\"https:\/\/www.e-ucm.es\/es\/portfolio-item\/la-entrevista\/\" title='La entrevista'  data-rel='grid-1' class='grid-image avia-hover-fx'> <img decoding=\"async\" fetchpriority=\"high\" width=\"260\" height=\"185\" src=\"https:\/\/www.e-ucm.es\/wp-content\/uploads\/2025\/05\/Captura-de-pantalla-1-260x185.png\" class=\"wp-image-8610 avia-img-lazy-loading-not-8610 attachment-portfolio_small size-portfolio_small wp-post-image\" alt=\"\" \/><\/a><div class='grid-content'><div class='avia-arrow'><\/div><header class=\"entry-content-header\" aria-label=\"Portfolio: La entrevista\"><h3 class='grid-entry-title entry-title '  itemprop=\"headline\" ><a href='https:\/\/www.e-ucm.es\/es\/portfolio-item\/la-entrevista\/' title='La entrevista'>La entrevista<\/a><\/h3><\/header><div class='grid-entry-excerpt entry-content'  itemprop=\"text\" >Videojuego para abordar sexismo en el entorno laboral<\/div><\/div><footer class=\"entry-footer\"><\/footer><\/article><\/div><div data-ajax-id='8595' class=' grid-entry flex_column isotope-item all_sort no_margin post-entry post-entry-8595 grid-entry-overview grid-loop-4 grid-parity-even  actuales_sort actuales-es_sort proy-experimental_sort proy_sort homepage-proy_sort  av_one_fourth  default_av_fullwidth '><article class='main_color inner-entry'  itemscope=\"itemscope\" itemtype=\"https:\/\/schema.org\/CreativeWork\" ><a href=\"https:\/\/www.e-ucm.es\/es\/portfolio-item\/kiddo\/\" title='Kiddo'  data-rel='grid-1' class='grid-image avia-hover-fx'> <img decoding=\"async\" fetchpriority=\"high\" width=\"260\" height=\"185\" src=\"https:\/\/www.e-ucm.es\/wp-content\/uploads\/2025\/05\/kiddo-esp-1-260x185.jpg\" class=\"wp-image-8710 avia-img-lazy-loading-not-8710 attachment-portfolio_small size-portfolio_small wp-post-image\" alt=\"\" \/><\/a><div class='grid-content'><div class='avia-arrow'><\/div><header class=\"entry-content-header\" aria-label=\"Portfolio: Kiddo\"><h3 class='grid-entry-title entry-title '  itemprop=\"headline\" ><a href='https:\/\/www.e-ucm.es\/es\/portfolio-item\/kiddo\/' title='Kiddo'>Kiddo<\/a><\/h3><\/header><div class='grid-entry-excerpt entry-content'  itemprop=\"text\" >Videojuego para abordar estereotipos de g\u00e9nero<\/div><\/div><footer class=\"entry-footer\"><\/footer><\/article><\/div><div data-ajax-id='8417' class=' grid-entry flex_column isotope-item all_sort no_margin post-entry post-entry-8417 grid-entry-overview grid-loop-5 grid-parity-odd  actuales_sort actuales-es_sort proy-experimental_sort proy_sort homepage-proy_sort  av_one_fourth first default_av_fullwidth '><article class='main_color inner-entry'  itemscope=\"itemscope\" itemtype=\"https:\/\/schema.org\/CreativeWork\" ><a href=\"https:\/\/www.e-ucm.es\/es\/portfolio-item\/articoding\/\" title='Articoding'  data-rel='grid-1' class='grid-image avia-hover-fx'> <img decoding=\"async\" fetchpriority=\"high\" width=\"258\" height=\"185\" src=\"https:\/\/www.e-ucm.es\/wp-content\/uploads\/2022\/09\/articoding-258x185.png\" class=\"wp-image-8540 avia-img-lazy-loading-not-8540 attachment-portfolio_small size-portfolio_small wp-post-image\" alt=\"\" \/><\/a><div class='grid-content'><div class='avia-arrow'><\/div><header class=\"entry-content-header\" aria-label=\"Portfolio: Articoding\"><h3 class='grid-entry-title entry-title '  itemprop=\"headline\" ><a href='https:\/\/www.e-ucm.es\/es\/portfolio-item\/articoding\/' title='Articoding'>Articoding<\/a><\/h3><\/header><div class='grid-entry-excerpt entry-content'  itemprop=\"text\" >Videojuego para aprender programaci\u00f3n<\/div><\/div><footer class=\"entry-footer\"><\/footer><\/article><\/div><div data-ajax-id='8307' class=' grid-entry flex_column isotope-item all_sort no_margin post-entry post-entry-8307 grid-entry-overview grid-loop-6 grid-parity-even  actuales_sort actuales-es_sort proy-experimental_sort proy_sort homepage-proy_sort  av_one_fourth  default_av_fullwidth '><article class='main_color inner-entry'  itemscope=\"itemscope\" itemtype=\"https:\/\/schema.org\/CreativeWork\" ><a href=\"https:\/\/www.e-ucm.es\/es\/portfolio-item\/first-aid-game\/\" title='First Aid Game'  data-rel='grid-1' class='grid-image avia-hover-fx'> <img decoding=\"async\" fetchpriority=\"high\" width=\"260\" height=\"185\" src=\"https:\/\/www.e-ucm.es\/wp-content\/uploads\/2020\/09\/firstaidgame-260x185.jpg\" class=\"wp-image-8304 avia-img-lazy-loading-not-8304 attachment-portfolio_small size-portfolio_small wp-post-image\" alt=\"\" \/><\/a><div class='grid-content'><div class='avia-arrow'><\/div><header class=\"entry-content-header\" aria-label=\"Portfolio: First Aid Game\"><h3 class='grid-entry-title entry-title '  itemprop=\"headline\" ><a href='https:\/\/www.e-ucm.es\/es\/portfolio-item\/first-aid-game\/' title='First Aid Game'>First Aid Game<\/a><\/h3><\/header><div class='grid-entry-excerpt entry-content'  itemprop=\"text\" >Videojuego para aprender protocolos de primeros auxilios<\/div><\/div><footer class=\"entry-footer\"><\/footer><\/article><\/div><div data-ajax-id='8238' class=' grid-entry flex_column isotope-item all_sort no_margin post-entry post-entry-8238 grid-entry-overview grid-loop-7 grid-parity-odd  actuales_sort actuales-es_sort proy-experimental_sort proy_sort homepage-proy_sort  av_one_fourth  default_av_fullwidth '><article class='main_color inner-entry'  itemscope=\"itemscope\" itemtype=\"https:\/\/schema.org\/CreativeWork\" ><a href=\"https:\/\/www.e-ucm.es\/es\/portfolio-item\/simva\/\" title='Simva'  data-rel='grid-1' class='grid-image avia-hover-fx'> <img decoding=\"async\" fetchpriority=\"high\" width=\"260\" height=\"185\" src=\"https:\/\/www.e-ucm.es\/wp-content\/uploads\/2020\/07\/simvalogo-260x185.png\" class=\"wp-image-8246 avia-img-lazy-loading-not-8246 attachment-portfolio_small size-portfolio_small wp-post-image\" alt=\"\" \/><\/a><div class='grid-content'><div class='avia-arrow'><\/div><header class=\"entry-content-header\" aria-label=\"Portfolio: Simva\"><h3 class='grid-entry-title entry-title '  itemprop=\"headline\" ><a href='https:\/\/www.e-ucm.es\/es\/portfolio-item\/simva\/' title='Simva'>Simva<\/a><\/h3><\/header><div class='grid-entry-excerpt entry-content'  itemprop=\"text\" >Herramienta de validaci\u00f3n para juegos y componentes educativos<\/div><\/div><footer class=\"entry-footer\"><\/footer><\/article><\/div><div data-ajax-id='8113' class=' grid-entry flex_column isotope-item all_sort no_margin post-entry post-entry-8113 grid-entry-overview grid-loop-8 grid-parity-even  proy-experimental_sort proy-financiados_sort financiados-nacional_sort proy_sort terminados_sort  av_one_fourth  default_av_fullwidth '><article class='main_color inner-entry'  itemscope=\"itemscope\" itemtype=\"https:\/\/schema.org\/CreativeWork\" ><a href=\"https:\/\/www.e-ucm.es\/es\/portfolio-item\/juego-igualdad\/\" title='Juegos educativos para educar en igualdad'  data-rel='grid-1' class='grid-image avia-hover-fx'> <img decoding=\"async\" fetchpriority=\"high\" width=\"260\" height=\"185\" src=\"https:\/\/www.e-ucm.es\/wp-content\/uploads\/2019\/03\/ejemplo-personajes-juego-260x185.png\" class=\"wp-image-8097 avia-img-lazy-loading-not-8097 attachment-portfolio_small size-portfolio_small wp-post-image\" alt=\"\" \/><\/a><div class='grid-content'><div class='avia-arrow'><\/div><header class=\"entry-content-header\" aria-label=\"Portfolio: Juegos educativos para educar en igualdad\"><h3 class='grid-entry-title entry-title '  itemprop=\"headline\" ><a href='https:\/\/www.e-ucm.es\/es\/portfolio-item\/juego-igualdad\/' title='Juegos educativos para educar en igualdad'>Juegos educativos para educar en igualdad<\/a><\/h3><\/header><\/div><footer class=\"entry-footer\"><\/footer><\/article><\/div><div data-ajax-id='8058' class=' grid-entry flex_column isotope-item all_sort no_margin post-entry post-entry-8058 grid-entry-overview grid-loop-9 grid-parity-odd  actuales-es_sort actuales_sort proy-experimental_sort proy_sort homepage-proy_sort  av_one_fourth first default_av_fullwidth '><article class='main_color inner-entry'  itemscope=\"itemscope\" itemtype=\"https:\/\/schema.org\/CreativeWork\" ><a href=\"https:\/\/www.e-ucm.es\/es\/portfolio-item\/conectado\/\" title='Conectado'  data-rel='grid-1' class='grid-image avia-hover-fx'> <img decoding=\"async\" fetchpriority=\"high\" width=\"256\" height=\"185\" src=\"https:\/\/www.e-ucm.es\/wp-content\/uploads\/2018\/07\/bigIcon-256x185.png\" class=\"wp-image-8065 avia-img-lazy-loading-not-8065 attachment-portfolio_small size-portfolio_small wp-post-image\" alt=\"\" \/><\/a><div class='grid-content'><div class='avia-arrow'><\/div><header class=\"entry-content-header\" aria-label=\"Portfolio: Conectado\"><h3 class='grid-entry-title entry-title '  itemprop=\"headline\" ><a href='https:\/\/www.e-ucm.es\/es\/portfolio-item\/conectado\/' title='Conectado'>Conectado<\/a><\/h3><\/header><div class='grid-entry-excerpt entry-content'  itemprop=\"text\" >Videojuego para concienciar sobre el acoso y el ciberacoso<\/div><\/div><footer class=\"entry-footer\"><\/footer><\/article><\/div><div data-ajax-id='8030' class=' grid-entry flex_column isotope-item all_sort no_margin post-entry post-entry-8030 grid-entry-overview grid-loop-10 grid-parity-even  proy-financiados_sort financiados-internacional_sort proy_sort homepage-proy_sort terminados_sort  av_one_fourth  default_av_fullwidth '><article class='main_color inner-entry'  itemscope=\"itemscope\" itemtype=\"https:\/\/schema.org\/CreativeWork\" ><a href=\"https:\/\/www.e-ucm.es\/es\/portfolio-item\/impress\/\" title='IMPRESS'  data-rel='grid-1' class='grid-image avia-hover-fx'> <img decoding=\"async\" fetchpriority=\"high\" width=\"164\" height=\"74\" src=\"https:\/\/www.e-ucm.es\/wp-content\/uploads\/2018\/01\/impress_logo_164x75.png\" class=\"wp-image-8026 avia-img-lazy-loading-not-8026 attachment-portfolio_small size-portfolio_small wp-post-image\" alt=\"\" srcset=\"https:\/\/www.e-ucm.es\/wp-content\/uploads\/2018\/01\/impress_logo_164x75.png 164w, https:\/\/www.e-ucm.es\/wp-content\/uploads\/2018\/01\/impress_logo_164x75-120x54.png 120w\" sizes=\"(max-width: 164px) 100vw, 164px\" \/><\/a><div class='grid-content'><div class='avia-arrow'><\/div><header class=\"entry-content-header\" aria-label=\"Portfolio: IMPRESS\"><h3 class='grid-entry-title entry-title '  itemprop=\"headline\" ><a href='https:\/\/www.e-ucm.es\/es\/portfolio-item\/impress\/' title='IMPRESS'>IMPRESS<\/a><\/h3><\/header><div class='grid-entry-excerpt entry-content'  itemprop=\"text\" >Proyecto europeo sobre gamificaci\u00f3n en ingenier\u00eda de sofware<\/div><\/div><footer class=\"entry-footer\"><\/footer><\/article><\/div><div data-ajax-id='8013' class=' grid-entry flex_column isotope-item all_sort no_margin post-entry post-entry-8013 grid-entry-overview grid-loop-11 grid-parity-odd  proy-financiados_sort financiados-nacional_sort proy_sort homepage-proy_sort terminados_sort  av_one_fourth  default_av_fullwidth '><article class='main_color inner-entry'  itemscope=\"itemscope\" itemtype=\"https:\/\/schema.org\/CreativeWork\" ><a href=\"https:\/\/www.e-ucm.es\/es\/portfolio-item\/gameval\/\" title='GAMEVAL'  data-rel='grid-1' class='grid-image avia-hover-fx'> <img decoding=\"async\" fetchpriority=\"high\" width=\"260\" height=\"60\" src=\"https:\/\/www.e-ucm.es\/wp-content\/uploads\/2018\/01\/image_2018-01-23_16-19-46-260x60.png\" class=\"wp-image-8034 avia-img-lazy-loading-not-8034 attachment-portfolio_small size-portfolio_small wp-post-image\" alt=\"\" srcset=\"https:\/\/www.e-ucm.es\/wp-content\/uploads\/2018\/01\/image_2018-01-23_16-19-46-260x60.png 260w, https:\/\/www.e-ucm.es\/wp-content\/uploads\/2018\/01\/image_2018-01-23_16-19-46-120x27.png 120w, https:\/\/www.e-ucm.es\/wp-content\/uploads\/2018\/01\/image_2018-01-23_16-19-46.png 265w\" sizes=\"(max-width: 260px) 100vw, 260px\" \/><\/a><div class='grid-content'><div class='avia-arrow'><\/div><header class=\"entry-content-header\" aria-label=\"Portfolio: GAMEVAL\"><h3 class='grid-entry-title entry-title '  itemprop=\"headline\" ><a href='https:\/\/www.e-ucm.es\/es\/portfolio-item\/gameval\/' title='GAMEVAL'>GAMEVAL<\/a><\/h3><\/header><div class='grid-entry-excerpt entry-content'  itemprop=\"text\" >Proyecto nacional<\/div><\/div><footer class=\"entry-footer\"><\/footer><\/article><\/div><div data-ajax-id='7631' class=' grid-entry flex_column isotope-item all_sort no_margin post-entry post-entry-7631 grid-entry-overview grid-loop-12 grid-parity-even  post-entry-last  proy-financiados_sort financiados-internacional_sort proy_sort homepage-proy_sort terminados_sort  av_one_fourth  default_av_fullwidth '><article class='main_color inner-entry'  itemscope=\"itemscope\" itemtype=\"https:\/\/schema.org\/CreativeWork\" ><a href=\"https:\/\/www.e-ucm.es\/es\/portfolio-item\/h2020-beaconing\/\" title='H2020 BEACONING'  data-rel='grid-1' class='grid-image avia-hover-fx'> <img decoding=\"async\" fetchpriority=\"high\" width=\"260\" height=\"185\" src=\"https:\/\/www.e-ucm.es\/wp-content\/uploads\/2017\/06\/beacologo-1-260x185.png\" class=\"wp-image-7696 avia-img-lazy-loading-not-7696 attachment-portfolio_small size-portfolio_small wp-post-image\" alt=\"\" \/><\/a><div class='grid-content'><div class='avia-arrow'><\/div><header class=\"entry-content-header\" aria-label=\"Portfolio: H2020 BEACONING\"><h3 class='grid-entry-title entry-title '  itemprop=\"headline\" ><a href='https:\/\/www.e-ucm.es\/es\/portfolio-item\/h2020-beaconing\/' title='H2020 BEACONING'>H2020 BEACONING<\/a><\/h3><\/header><div class='grid-entry-excerpt entry-content'  itemprop=\"text\" >Proyecto europeo del programa H2020<\/div><\/div><footer class=\"entry-footer\"><\/footer><\/article><\/div><\/div><\/div>   <!--   class=\"av-portfolio-grid-sorting-container\"  --><div class='pagination-wrap  '><nav class='pagination'><span class='pagination-meta'>P\u00e1gina 1 de 2<\/span><span class='current'>1<\/span><a href='https:\/\/www.e-ucm.es\/es\/wp-json\/wp\/v2\/pages\/1158\/?avia-element-paging=2' class='inactive next_page' >2<\/a><\/nav>\n<\/div>\n<\/div><\/div><\/div><!-- close content main div --><\/div><\/div><div id='after_section_2'  class='main_color av_default_container_wrap container_wrap sidebar_right'  ><div class='container av-section-cont-open' ><div class='template-page content  av-content-small alpha units'><div class='post-entry post-entry-type-page post-entry-1158'><div class='entry-content-wrapper clearfix'>\n","protected":false},"excerpt":{"rendered":"","protected":false},"author":1,"featured_media":0,"parent":0,"menu_order":0,"comment_status":"open","ping_status":"open","template":"","meta":{"footnotes":""},"class_list":["post-1158","page","type-page","status-publish","hentry"],"_links":{"self":[{"href":"https:\/\/www.e-ucm.es\/es\/wp-json\/wp\/v2\/pages\/1158","targetHints":{"allow":["GET"]}}],"collection":[{"href":"https:\/\/www.e-ucm.es\/es\/wp-json\/wp\/v2\/pages"}],"about":[{"href":"https:\/\/www.e-ucm.es\/es\/wp-json\/wp\/v2\/types\/page"}],"author":[{"embeddable":true,"href":"https:\/\/www.e-ucm.es\/es\/wp-json\/wp\/v2\/users\/1"}],"replies":[{"embeddable":true,"href":"https:\/\/www.e-ucm.es\/es\/wp-json\/wp\/v2\/comments?post=1158"}],"version-history":[{"count":14,"href":"https:\/\/www.e-ucm.es\/es\/wp-json\/wp\/v2\/pages\/1158\/revisions"}],"predecessor-version":[{"id":8383,"href":"https:\/\/www.e-ucm.es\/es\/wp-json\/wp\/v2\/pages\/1158\/revisions\/8383"}],"wp:attachment":[{"href":"https:\/\/www.e-ucm.es\/es\/wp-json\/wp\/v2\/media?parent=1158"}],"curies":[{"name":"wp","href":"https:\/\/api.w.org\/{rel}","templated":true}]}}