{"id":1555,"date":"2013-12-09T20:27:12","date_gmt":"2013-12-09T18:27:12","guid":{"rendered":"http:\/\/www.e-ucm.es\/?page_id=1555"},"modified":"2021-08-04T18:06:26","modified_gmt":"2021-08-04T16:06:26","slug":"angeldba","status":"publish","type":"page","link":"https:\/\/www.e-ucm.es\/es\/people\/angeldba\/","title":{"rendered":"\u00c1ngel del Blanco Aguado"},"content":{"rendered":"\n<p><\/p>\n\n\n<div id='about_bio'  class='avia-section av-av_section-9c06ff9eebdaa31c5aebfc5a1421199b main_color avia-section-default avia-no-shadow  avia-builder-el-0  el_before_av_section  avia-builder-el-first  avia-bg-style-scroll container_wrap sidebar_right'  ><div class='container av-section-cont-open' ><main  role=\"main\" itemprop=\"mainContentOfPage\"  class='template-page content  av-content-small alpha units'><div class='post-entry post-entry-type-page post-entry-1555'><div class='entry-content-wrapper clearfix'>\n<div  class='flex_column av-av_two_third-2a9015ff38129c418a3f2eafba3e9512 av_two_third  avia-builder-el-1  el_before_av_one_third  avia-builder-el-first  first flex_column_div  '     ><p>\n<style type=\"text\/css\" data-created_by=\"avia_inline_auto\" id=\"style-css-av-av_heading-43f54888f41389f3be402bc4a9b8bfb9\">\n#top .av-special-heading.av-av_heading-43f54888f41389f3be402bc4a9b8bfb9{\npadding-bottom:0;\n}\nbody .av-special-heading.av-av_heading-43f54888f41389f3be402bc4a9b8bfb9 .av-special-heading-tag .heading-char{\nfont-size:25px;\n}\n.av-special-heading.av-av_heading-43f54888f41389f3be402bc4a9b8bfb9 .av-subheading{\nfont-size:15px;\n}\n<\/style>\n<div  class='av-special-heading av-av_heading-43f54888f41389f3be402bc4a9b8bfb9 av-special-heading-h1  avia-builder-el-2  el_before_av_textblock  avia-builder-el-first '><h1 class='av-special-heading-tag '  itemprop=\"headline\"  >\u00c1ngel del Blanco Aguado<\/h1><div class=\"special-heading-border\"><div class=\"special-heading-inner-border\"><\/div><\/div><\/div><br \/>\n<section  class='av_textblock_section av-av_textblock-a2abf683283c7446c7be9a9d766b40e6 '   itemscope=\"itemscope\" itemtype=\"https:\/\/schema.org\/CreativeWork\" ><div class='avia_textblock'  itemprop=\"text\" ><h6>Investigador contratado a tiempo completo y PhD Candidate<\/h6>\n<\/div><\/section><br \/>\n<section  class='av_textblock_section av-av_textblock-a2abf683283c7446c7be9a9d766b40e6 '   itemscope=\"itemscope\" itemtype=\"https:\/\/schema.org\/CreativeWork\" ><div class='avia_textblock'  itemprop=\"text\" ><p><strong>\u00c1ngel del Blanco Aguado<\/strong>\u00a0trabaja como investigador contratado a tiempo completo en el grupo eUCM desde 2009 en el \u00e1rea de investigaci\u00f3n de serious games: proyecto eAdventure. M\u00e1s en concreto, ha centrado sus esfuerzos en la integraci\u00f3n t\u00e9cnica de contenidos altamente interactivos en los entornos de e-Learning, con especial \u00e9nfasis en los est\u00e1ndares de e-Learning (SCORM, IMS-CC y LTI, TLA, etc&#8230;) y sus limitaciones. Tiene mas de 24 articulos publicados en revistas relevantes y conferencias del campo.<\/p>\n<\/div><\/section><\/p><\/div><div  class='flex_column av-av_one_third-bb0c93372dbfdfd42698443400a42550 av_one_third  avia-builder-el-5  el_after_av_two_third  avia-builder-el-last  flex_column_div  '     ><style type=\"text\/css\" data-created_by=\"avia_inline_auto\" id=\"style-css-av-av_image-d16f463b7460a314cef11a109a5d332d\">\n.avia-image-container.av-av_image-d16f463b7460a314cef11a109a5d332d img.avia_image{\nbox-shadow:none;\n}\n.avia-image-container.av-av_image-d16f463b7460a314cef11a109a5d332d .av-image-caption-overlay-center{\ncolor:#ffffff;\n}\n<\/style>\n<div  class='avia-image-container av-av_image-d16f463b7460a314cef11a109a5d332d av-styling- avia_animated_image av-animated-when-visible-95 left-to-right avia-align-right  avia-builder-el-6  avia-builder-el-no-sibling '   itemprop=\"image\" itemscope=\"itemscope\" itemtype=\"https:\/\/schema.org\/ImageObject\" ><div class=\"avia-image-container-inner\"><div class=\"avia-image-overlay-wrap\"><img decoding=\"async\" width=\"300\" height=\"200\" fetchpriority=\"high\" class='wp-image-2161 avia-img-lazy-loading-not-2161 avia_image ' src=\"http:\/\/www.e-ucm.es\/wp-content\/uploads\/2013\/12\/Foto-Angel-Web-300x200.jpg\" alt='' title='Foto-Angel-Web'   itemprop=\"thumbnailUrl\" srcset=\"https:\/\/www.e-ucm.es\/wp-content\/uploads\/2013\/12\/Foto-Angel-Web-300x200.jpg 300w, https:\/\/www.e-ucm.es\/wp-content\/uploads\/2013\/12\/Foto-Angel-Web-120x80.jpg 120w, https:\/\/www.e-ucm.es\/wp-content\/uploads\/2013\/12\/Foto-Angel-Web.jpg 330w\" sizes=\"(max-width: 300px) 100vw, 300px\" \/><\/div><\/div><\/div><\/div><\/div><\/div><\/main><!-- close content main element --><\/div><\/div><div id='about_bio-details'  class='avia-section av-av_section-3d53eed02703b131d5c8128804bbe963 main_color avia-section-default avia-no-shadow  avia-builder-el-7  el_after_av_section  el_before_av_section  avia-bg-style-scroll container_wrap sidebar_right'  ><div class='container av-section-cont-open' ><div class='template-page content  av-content-small alpha units'><div class='post-entry post-entry-type-page post-entry-1555'><div class='entry-content-wrapper clearfix'>\n<div  class='flex_column av-av_one_half-2a9015ff38129c418a3f2eafba3e9512 av_one_half  avia-builder-el-8  el_before_av_one_half  avia-builder-el-first  first flex_column_div  '     ><p>\n<style type=\"text\/css\" data-created_by=\"avia_inline_auto\" id=\"style-css-av-av_heading-e575be40d208066673f724ce004e12aa\">\n#top .av-special-heading.av-av_heading-e575be40d208066673f724ce004e12aa{\npadding-bottom:0;\n}\nbody .av-special-heading.av-av_heading-e575be40d208066673f724ce004e12aa .av-special-heading-tag .heading-char{\nfont-size:25px;\n}\n.av-special-heading.av-av_heading-e575be40d208066673f724ce004e12aa .av-subheading{\nfont-size:15px;\n}\n<\/style>\n<div  class='av-special-heading av-av_heading-e575be40d208066673f724ce004e12aa av-special-heading-h3  avia-builder-el-9  el_before_av_tab_container  avia-builder-el-first '><h3 class='av-special-heading-tag '  itemprop=\"headline\"  >Contacto<\/h3><div class=\"special-heading-border\"><div class=\"special-heading-inner-border\"><\/div><\/div><\/div><br \/>\n<div  class='tabcontainer av-av_tab_container-0bacd910096d11a3cec6dfb538798966 top_tab  avia-builder-el-10  el_after_av_heading  avia-builder-el-last '>\n<section class='av_tab_section av_tab_section av-av_tab-96f26a7fcab5cc57323999b1dec1d25a'  itemscope=\"itemscope\" itemtype=\"https:\/\/schema.org\/CreativeWork\" ><div id='tab-id-1-tab' class='tab active_tab' role='tab' aria-selected=\"true\" tabindex=\"0\" data-fake-id='#tab-id-1' aria-controls='tab-id-1-content'  itemprop=\"headline\" ><span class='tab_icon avia-svg-icon avia-font-svg_entypo-fontello' data-av_svg_icon='5' data-av_iconset='svg_entypo-fontello'><\/span>B\u00e1sico<\/div><div id='tab-id-1-content' class='tab_content active_tab_content' role='tabpanel' aria-labelledby='tab-id-1-tab' aria-hidden=\"false\"><div class='tab_inner_content invers-color'  itemprop=\"text\" ><p>\n<style type=\"text\/css\" data-created_by=\"avia_inline_auto\" id=\"style-css-av-av_font_icon-df07f069f8e8cb0cfb4667fdbf00cbf6\">\n.av_font_icon.av-av_font_icon-df07f069f8e8cb0cfb4667fdbf00cbf6{\ncolor:#017870;\nborder-color:#017870;\n}\n.avia-svg-icon.av-av_font_icon-df07f069f8e8cb0cfb4667fdbf00cbf6 svg:first-child{\nstroke:#017870;\nfill:#017870;\n}\n.av_font_icon.av-av_font_icon-df07f069f8e8cb0cfb4667fdbf00cbf6 .av-icon-char{\nfont-size:15px;\nline-height:15px;\n}\n<\/style>\n<span  class='av_font_icon av-av_font_icon-df07f069f8e8cb0cfb4667fdbf00cbf6 avia_animate_when_visible av-icon-style- avia-icon-pos-left avia-svg-icon avia-font-svg_entypo-fontello avia-icon-animate'><span class='av-icon-char' data-av_svg_icon='5' data-av_iconset='svg_entypo-fontello' ><\/span><\/span> \u00a0 angel.dba [arroba] fdi.ucm.es<\/p>\n<p>\n<style type=\"text\/css\" data-created_by=\"avia_inline_auto\" id=\"style-css-av-av_font_icon-b858b37b2565d071bd848c3725a835d6\">\n.av_font_icon.av-av_font_icon-b858b37b2565d071bd848c3725a835d6{\ncolor:#017870;\nborder-color:#017870;\n}\n.avia-svg-icon.av-av_font_icon-b858b37b2565d071bd848c3725a835d6 svg:first-child{\nstroke:#017870;\nfill:#017870;\n}\n.av_font_icon.av-av_font_icon-b858b37b2565d071bd848c3725a835d6 .av-icon-char{\nfont-size:15px;\nline-height:15px;\n}\n<\/style>\n<span  class='av_font_icon av-av_font_icon-b858b37b2565d071bd848c3725a835d6 avia_animate_when_visible av-icon-style- avia-icon-pos-left avia-svg-icon avia-font-svg_entypo-fontello avia-icon-animate'><span class='av-icon-char' data-av_svg_icon='18' data-av_iconset='svg_entypo-fontello' ><\/span><\/span> \u00a0Aula 16<\/p>\n<\/div><\/div><\/section>\n<section class='av_tab_section av_tab_section av-av_tab-9e45eb7521df651cb03adc8448d8643b'  itemscope=\"itemscope\" itemtype=\"https:\/\/schema.org\/CreativeWork\" ><div id='tab-id-2-tab' class='tab' role='tab' aria-selected=\"false\" tabindex=\"0\" data-fake-id='#tab-id-2' aria-controls='tab-id-2-content'  itemprop=\"headline\" ><span class='tab_icon avia-svg-icon avia-font-svg_entypo-fontello' data-av_svg_icon='14' data-av_iconset='svg_entypo-fontello'><\/span>Social<\/div><div id='tab-id-2-content' class='tab_content' role='tabpanel' aria-labelledby='tab-id-2-tab' aria-hidden=\"true\"><div class='tab_inner_content invers-color'  itemprop=\"text\" ><p>\n<style type=\"text\/css\" data-created_by=\"avia_inline_auto\" id=\"style-css-av-av_font_icon-bd68ea0e3e6ccd35255256d3dd9cadc8\">\n.av_font_icon.av-av_font_icon-bd68ea0e3e6ccd35255256d3dd9cadc8{\ncolor:#017870;\nborder-color:#017870;\n}\n.avia-svg-icon.av-av_font_icon-bd68ea0e3e6ccd35255256d3dd9cadc8 svg:first-child{\nstroke:#017870;\nfill:#017870;\n}\n.av_font_icon.av-av_font_icon-bd68ea0e3e6ccd35255256d3dd9cadc8 .av-icon-char{\nfont-size:15px;\nline-height:15px;\n}\n<\/style>\n<span  class='av_font_icon av-av_font_icon-bd68ea0e3e6ccd35255256d3dd9cadc8 avia_animate_when_visible av-icon-style- avia-icon-pos-left avia-svg-icon avia-font-svg_entypo-fontello avia-icon-animate'><a href='https:\/\/www.facebook.com\/angel.delblancoaguado'   class='av-icon-char' data-av_svg_icon='212' data-av_iconset='svg_entypo-fontello' ><\/a><\/span><a href=\"https:\/\/www.facebook.com\/angel.delblancoaguado\" target=\"_blank\" rel=\"noopener\">Facebook<\/a><\/p>\n<p>\n<style type=\"text\/css\" data-created_by=\"avia_inline_auto\" id=\"style-css-av-av_font_icon-61aa61412cf6cf20a4289b284a906590\">\n.av_font_icon.av-av_font_icon-61aa61412cf6cf20a4289b284a906590{\ncolor:#017870;\nborder-color:#017870;\n}\n.avia-svg-icon.av-av_font_icon-61aa61412cf6cf20a4289b284a906590 svg:first-child{\nstroke:#017870;\nfill:#017870;\n}\n.av_font_icon.av-av_font_icon-61aa61412cf6cf20a4289b284a906590 .av-icon-char{\nfont-size:15px;\nline-height:15px;\n}\n<\/style>\n<span  class='av_font_icon av-av_font_icon-61aa61412cf6cf20a4289b284a906590 avia_animate_when_visible av-icon-style- avia-icon-pos-left avia-svg-icon avia-font-svg_entypo-fontello avia-icon-animate'><a href='https:\/\/twitter.com\/adelbla'   class='av-icon-char' data-av_svg_icon='210' data-av_iconset='svg_entypo-fontello' ><\/a><\/span>\u00a0<a href=\"https:\/\/twitter.com\/adelbla\" target=\"_blank\" rel=\"noopener\">Twitter<\/a><\/p>\n<p>\n<style type=\"text\/css\" data-created_by=\"avia_inline_auto\" id=\"style-css-av-av_font_icon-31829d468ae90e5f2702332f444c9b30\">\n.av_font_icon.av-av_font_icon-31829d468ae90e5f2702332f444c9b30{\ncolor:#017870;\nborder-color:#017870;\n}\n.avia-svg-icon.av-av_font_icon-31829d468ae90e5f2702332f444c9b30 svg:first-child{\nstroke:#017870;\nfill:#017870;\n}\n.av_font_icon.av-av_font_icon-31829d468ae90e5f2702332f444c9b30 .av-icon-char{\nfont-size:15px;\nline-height:15px;\n}\n<\/style>\n<span  class='av_font_icon av-av_font_icon-31829d468ae90e5f2702332f444c9b30 avia_animate_when_visible av-icon-style- avia-icon-pos-left avia-svg-icon avia-font-svg_entypo-fontello avia-icon-animate'><a href='https:\/\/github.com\/angeldelblanco'   class='av-icon-char' data-av_svg_icon='204' data-av_iconset='svg_entypo-fontello' ><\/a><\/span>\u00a0<a href=\"https:\/\/github.com\/angeldelblanco\" target=\"_blank\" rel=\"noopener\">Github<\/a><\/p>\n<p><span style=\"font-size: 14px; line-height: 1.5em;\">\u00a0<\/span><\/p>\n<\/div><\/div><\/section>\n<section class='av_tab_section av_tab_section av-av_tab-0a60c8954a4ff39770676596faec88ec'  itemscope=\"itemscope\" itemtype=\"https:\/\/schema.org\/CreativeWork\" ><div id='tab-id-3-tab' class='tab' role='tab' aria-selected=\"false\" tabindex=\"0\" data-fake-id='#tab-id-3' aria-controls='tab-id-3-content'  itemprop=\"headline\" ><span class='tab_icon avia-svg-icon avia-font-svg_entypo-fontello' data-av_svg_icon='7' data-av_iconset='svg_entypo-fontello'><\/span>Research<\/div><div id='tab-id-3-content' class='tab_content' role='tabpanel' aria-labelledby='tab-id-3-tab' aria-hidden=\"true\"><div class='tab_inner_content invers-color'  itemprop=\"text\" ><p>\n<style type=\"text\/css\" data-created_by=\"avia_inline_auto\" id=\"style-css-av-av_font_icon-a710a2ad7a264c3e94604583ebe9f87d\">\n.av_font_icon.av-av_font_icon-a710a2ad7a264c3e94604583ebe9f87d{\ncolor:#017870;\nborder-color:#017870;\n}\n.avia-svg-icon.av-av_font_icon-a710a2ad7a264c3e94604583ebe9f87d svg:first-child{\nstroke:#017870;\nfill:#017870;\n}\n.av_font_icon.av-av_font_icon-a710a2ad7a264c3e94604583ebe9f87d .av-icon-char{\nfont-size:15px;\nline-height:15px;\n}\n<\/style>\n<span  class='av_font_icon av-av_font_icon-a710a2ad7a264c3e94604583ebe9f87d avia_animate_when_visible av-icon-style- avia-icon-pos-left avia-svg-icon avia-font-svg_entypo-fontello avia-icon-animate'><span class='av-icon-char' data-av_svg_icon='33' data-av_iconset='svg_entypo-fontello' ><\/span><\/span>\u00a0<a href=\"http:\/\/scholar.google.es\/citations?user=U_JP2gYAAAAJ&#038;hl=en\" target=\"_blank\" rel=\"noopener\">Google Scholar<\/a><\/p>\n<p>\n<style type=\"text\/css\" data-created_by=\"avia_inline_auto\" id=\"style-css-av-av_font_icon-3bd5c05f7af8c221237d525a86cf0520\">\n.av_font_icon.av-av_font_icon-3bd5c05f7af8c221237d525a86cf0520{\ncolor:#017870;\nborder-color:#017870;\n}\n.avia-svg-icon.av-av_font_icon-3bd5c05f7af8c221237d525a86cf0520 svg:first-child{\nstroke:#017870;\nfill:#017870;\n}\n.av_font_icon.av-av_font_icon-3bd5c05f7af8c221237d525a86cf0520 .av-icon-char{\nfont-size:15px;\nline-height:15px;\n}\n<\/style>\n<span  class='av_font_icon av-av_font_icon-3bd5c05f7af8c221237d525a86cf0520 avia_animate_when_visible av-icon-style- avia-icon-pos-left avia-svg-icon avia-font-svg_entypo-fontello avia-icon-animate'><a href='http:\/\/www.mendeley.com\/profiles\/angel-del-blanco-aguado\/'   class='av-icon-char' data-av_svg_icon='76' data-av_iconset='svg_entypo-fontello' ><\/a><\/span>\u00a0<a href=\"http:\/\/www.mendeley.com\/profiles\/angel-del-blanco-aguado\/\" target=\"_blank\" rel=\"noopener\">Mendeley<\/a><\/p>\n<p>\n<style type=\"text\/css\" data-created_by=\"avia_inline_auto\" id=\"style-css-av-av_font_icon-4ca95b4644e4d449dd9e46119311c910\">\n.av_font_icon.av-av_font_icon-4ca95b4644e4d449dd9e46119311c910{\ncolor:#017870;\nborder-color:#017870;\n}\n.avia-svg-icon.av-av_font_icon-4ca95b4644e4d449dd9e46119311c910 svg:first-child{\nstroke:#017870;\nfill:#017870;\n}\n.av_font_icon.av-av_font_icon-4ca95b4644e4d449dd9e46119311c910 .av-icon-char{\nfont-size:15px;\nline-height:15px;\n}\n<\/style>\n<span  class='av_font_icon av-av_font_icon-4ca95b4644e4d449dd9e46119311c910 avia_animate_when_visible av-icon-style- avia-icon-pos-left avia-svg-icon avia-font-svg_entypo-fontello avia-icon-animate'><a href='https:\/\/www.researchgate.net\/profile\/Angel_Blanco\/'   class='av-icon-char' data-av_svg_icon='54' data-av_iconset='svg_entypo-fontello' ><\/a><\/span>\u00a0<a href=\"https:\/\/www.researchgate.net\/profile\/Angel_Blanco\/\" target=\"_blank\" rel=\"noopener\">Research Gate<\/a><\/p>\n<\/div><\/div><\/section>\n<\/div><\/p><\/div><div  class='flex_column av-av_one_half-bb0c93372dbfdfd42698443400a42550 av_one_half  avia-builder-el-19  el_after_av_one_half  avia-builder-el-last  flex_column_div  '     ><p>\n<style type=\"text\/css\" data-created_by=\"avia_inline_auto\" id=\"style-css-av-av_heading-a6287a2ef87851784686e1435352a43a\">\n#top .av-special-heading.av-av_heading-a6287a2ef87851784686e1435352a43a{\npadding-bottom:10px;\n}\nbody .av-special-heading.av-av_heading-a6287a2ef87851784686e1435352a43a .av-special-heading-tag .heading-char{\nfont-size:25px;\n}\n.av-special-heading.av-av_heading-a6287a2ef87851784686e1435352a43a .av-subheading{\nfont-size:15px;\n}\n<\/style>\n<div  class='av-special-heading av-av_heading-a6287a2ef87851784686e1435352a43a av-special-heading-h3  avia-builder-el-20  el_before_av_progress  avia-builder-el-first '><h3 class='av-special-heading-tag '  itemprop=\"headline\"  >Investigaci\u00f3n<\/h3><div class=\"special-heading-border\"><div class=\"special-heading-inner-border\"><\/div><\/div><\/div><br \/>\n\n<style type=\"text\/css\" data-created_by=\"avia_inline_auto\" id=\"style-css-sub-av-av_progress-b8e53da2d8c1190fd7ca7402640ee8bc\">\n#top .avia-progress-bar-container .avia-progress-bar.av-av_progress_bar-bf91c94b1cd75f6c0647fb4188dbbba1 .bar{\nwidth:70%;\nbackground-image: linear-gradient( -45deg, #D7D7D7 25%, #F9F9F9 25%, #F9F9F9 50%, #D7D7D7 50%, #D7D7D7 75%, #F9F9F9 75%, #F9F9F9 );\nbackground-image: linear-gradient( -45deg, #D7D7D7 25%, #F9F9F9 25%, #F9F9F9 50%, #D7D7D7 50%, #D7D7D7 75%, #F9F9F9 75%, #F9F9F9 );\nbackground-color:#D7D7D7;\n}\n#top .avia-progress-bar-container .avia-progress-bar.av-av_progress_bar-5c9495fd130b53dd83bdbc58d82c782e .bar{\nwidth:75%;\nbackground-image: linear-gradient( -45deg, #D7D7D7 25%, #F9F9F9 25%, #F9F9F9 50%, #D7D7D7 50%, #D7D7D7 75%, #F9F9F9 75%, #F9F9F9 );\nbackground-image: linear-gradient( -45deg, #D7D7D7 25%, #F9F9F9 25%, #F9F9F9 50%, #D7D7D7 50%, #D7D7D7 75%, #F9F9F9 75%, #F9F9F9 );\nbackground-color:#D7D7D7;\n}\n#top .avia-progress-bar-container .avia-progress-bar.av-av_progress_bar-62fe732e9f2af895762866d9ef9972f2 .bar{\nwidth:95%;\nbackground-image: linear-gradient( -45deg, #D7D7D7 25%, #F9F9F9 25%, #F9F9F9 50%, #D7D7D7 50%, #D7D7D7 75%, #F9F9F9 75%, #F9F9F9 );\nbackground-image: linear-gradient( -45deg, #D7D7D7 25%, #F9F9F9 25%, #F9F9F9 50%, #D7D7D7 50%, #D7D7D7 75%, #F9F9F9 75%, #F9F9F9 );\nbackground-color:#D7D7D7;\n}\n#top .avia-progress-bar-container .avia-progress-bar.av-av_progress_bar-5a9a81aa475d4f0264573db8e6013def .bar{\nwidth:55%;\nbackground-image: linear-gradient( -45deg, #D7D7D7 25%, #F9F9F9 25%, #F9F9F9 50%, #D7D7D7 50%, #D7D7D7 75%, #F9F9F9 75%, #F9F9F9 );\nbackground-image: linear-gradient( -45deg, #D7D7D7 25%, #F9F9F9 25%, #F9F9F9 50%, #D7D7D7 50%, #D7D7D7 75%, #F9F9F9 75%, #F9F9F9 );\nbackground-color:#D7D7D7;\n}\n#top .avia-progress-bar-container .avia-progress-bar.av-av_progress_bar-8e5c3916b0879bc33e169e48be5996a4 .bar{\nwidth:65%;\nbackground-image: linear-gradient( -45deg, #D7D7D7 25%, #F9F9F9 25%, #F9F9F9 50%, #D7D7D7 50%, #D7D7D7 75%, #F9F9F9 75%, #F9F9F9 );\nbackground-image: linear-gradient( -45deg, #D7D7D7 25%, #F9F9F9 25%, #F9F9F9 50%, #D7D7D7 50%, #D7D7D7 75%, #F9F9F9 75%, #F9F9F9 );\nbackground-color:#D7D7D7;\n}\n<\/style>\n<div  class='avia-progress-bar-container av-av_progress-b8e53da2d8c1190fd7ca7402640ee8bc av-striped-bar av-animated-bar avia_animate_when_almost_visible  avia-builder-el-21  el_after_av_heading  el_before_av_button '><div class='avia-progress-bar av-av_progress_bar-bf91c94b1cd75f6c0647fb4188dbbba1 icon-bar-no silver-bar icon-bar-no'><div class=\"progressbar-title-wrap\"><div class=\"progressbar-icon\"><span class='progressbar-char avia-svg-icon avia-font-svg_entypo-fontello' data-av_svg_icon='43' data-av_iconset='svg_entypo-fontello'><\/span><\/div><div class='progressbar-title'>Aplicaciones m\u00e9dicas de serious games <\/div><\/div><div class=\"progress\"><div class=\"bar-outer\"><div class='bar' data-progress='70'><\/div><\/div><\/div><\/div><div class='avia-progress-bar av-av_progress_bar-5c9495fd130b53dd83bdbc58d82c782e icon-bar-no silver-bar icon-bar-no'><div class=\"progressbar-title-wrap\"><div class=\"progressbar-icon\"><span class='progressbar-char avia-svg-icon avia-font-svg_entypo-fontello' data-av_svg_icon='' data-av_iconset='svg_entypo-fontello'><\/span><\/div><div class='progressbar-title'>Dise\u00f1o de serious games<\/div><\/div><div class=\"progress\"><div class=\"bar-outer\"><div class='bar' data-progress='75'><\/div><\/div><\/div><\/div><div class='avia-progress-bar av-av_progress_bar-62fe732e9f2af895762866d9ef9972f2 icon-bar-no silver-bar icon-bar-no'><div class=\"progressbar-title-wrap\"><div class=\"progressbar-icon\"><span class='progressbar-char avia-svg-icon avia-font-svg_entypo-fontello' data-av_svg_icon='' data-av_iconset='svg_entypo-fontello'><\/span><\/div><div class='progressbar-title'>Integraci\u00f3n de serious games en LMS<\/div><\/div><div class=\"progress\"><div class=\"bar-outer\"><div class='bar' data-progress='95'><\/div><\/div><\/div><\/div><div class='avia-progress-bar av-av_progress_bar-5a9a81aa475d4f0264573db8e6013def icon-bar-no silver-bar icon-bar-no'><div class=\"progressbar-title-wrap\"><div class=\"progressbar-icon\"><span class='progressbar-char avia-svg-icon avia-font-svg_entypo-fontello' data-av_svg_icon='' data-av_iconset='svg_entypo-fontello'><\/span><\/div><div class='progressbar-title'>Serious games adaptativos<\/div><\/div><div class=\"progress\"><div class=\"bar-outer\"><div class='bar' data-progress='55'><\/div><\/div><\/div><\/div><div class='avia-progress-bar av-av_progress_bar-8e5c3916b0879bc33e169e48be5996a4 icon-bar-no silver-bar icon-bar-no'><div class=\"progressbar-title-wrap\"><div class=\"progressbar-icon\"><span class='progressbar-char avia-svg-icon avia-font-svg_entypo-fontello' data-av_svg_icon='' data-av_iconset='svg_entypo-fontello'><\/span><\/div><div class='progressbar-title'>Evaluaci\u00f3n en serious games<\/div><\/div><div class=\"progress\"><div class=\"bar-outer\"><div class='bar' data-progress='65'><\/div><\/div><\/div><\/div><\/div><br \/>\n<div  class='avia-button-wrap av-av_button-f3e5e4f70059ab496be41270c9cf95ea-wrap avia-button-center  avia-builder-el-22  el_after_av_progress  avia-builder-el-last '><a href='https:\/\/www.e-ucm.es\/es\/people\/angeldba\/angel-dba-papers\/'  class='avia-button av-av_button-f3e5e4f70059ab496be41270c9cf95ea av-link-btn avia-icon_select-yes-left-icon avia-size-medium avia-position-center avia-color-silver'  target=\"_blank\"  rel=\"noopener noreferrer\"  aria-label=\"Ver todas sus publicaciones\"><span class='avia_button_icon avia_button_icon_left avia-svg-icon avia-font-svg_entypo-fontello' data-av_svg_icon='7' data-av_iconset='svg_entypo-fontello'><\/span><span class='avia_iconbox_title' >Ver todas sus publicaciones<\/span><\/a><\/div><\/p><\/div><\/div><\/div><\/div><!-- close content main div --><\/div><\/div><div id='about_bio-cv'  class='avia-section av-av_section-3d253ee5dadbd33126136b15bca57f03 main_color avia-section-default avia-no-shadow  avia-builder-el-23  el_after_av_section  avia-builder-el-last  avia-bg-style-scroll container_wrap sidebar_right'  ><div class='container av-section-cont-open' ><div class='template-page content  av-content-small alpha units'><div class='post-entry post-entry-type-page post-entry-1555'><div class='entry-content-wrapper clearfix'>\n\n<style type=\"text\/css\" data-created_by=\"avia_inline_auto\" id=\"style-css-av-av_heading-cc322977eaa6301bbfa5b4fa714c457d\">\n#top .av-special-heading.av-av_heading-cc322977eaa6301bbfa5b4fa714c457d{\npadding-bottom:10px;\n}\nbody .av-special-heading.av-av_heading-cc322977eaa6301bbfa5b4fa714c457d .av-special-heading-tag .heading-char{\nfont-size:25px;\n}\n.av-special-heading.av-av_heading-cc322977eaa6301bbfa5b4fa714c457d .av-subheading{\nfont-size:15px;\n}\n<\/style>\n<div  class='av-special-heading av-av_heading-cc322977eaa6301bbfa5b4fa714c457d av-special-heading-h2  avia-builder-el-24  el_before_av_tab_container  avia-builder-el-first '><h2 class='av-special-heading-tag '  itemprop=\"headline\"  >Curr\u00edculum<\/h2><div class=\"special-heading-border\"><div class=\"special-heading-inner-border\"><\/div><\/div><\/div>\n<div  class='tabcontainer av-av_tab_container-0bacd910096d11a3cec6dfb538798966 top_tab  avia-builder-el-25  el_after_av_heading  avia-builder-el-last '>\n<section class='av_tab_section av_tab_section av-av_tab-90b5725d71e401fb33a8e252863495d5'  itemscope=\"itemscope\" itemtype=\"https:\/\/schema.org\/CreativeWork\" ><div id='tab-id-4-tab' class='tab active_tab' role='tab' aria-selected=\"true\" tabindex=\"0\" data-fake-id='#tab-id-4' aria-controls='tab-id-4-content'  itemprop=\"headline\" >Formaci\u00f3n<\/div><div id='tab-id-4-content' class='tab_content active_tab_content' role='tabpanel' aria-labelledby='tab-id-4-tab' aria-hidden=\"false\"><div class='tab_inner_content invers-color'  itemprop=\"text\" ><p>&#8211; Acad\u00e9mica<\/p>\n<p>&#8211; Carrera<\/p>\n<p>&#8211; Doctorado<\/p>\n<p>&#8211; M\u00e1ster<\/p>\n<\/div><\/div><\/section>\n<section class='av_tab_section av_tab_section av-av_tab-8c1939c626e376a9c6cfaff8c8b2c1da'  itemscope=\"itemscope\" itemtype=\"https:\/\/schema.org\/CreativeWork\" ><div id='tab-id-5-tab' class='tab' role='tab' aria-selected=\"false\" tabindex=\"0\" data-fake-id='#tab-id-5' aria-controls='tab-id-5-content'  itemprop=\"headline\" >Docencia<\/div><div id='tab-id-5-content' class='tab_content' role='tabpanel' aria-labelledby='tab-id-5-tab' aria-hidden=\"true\"><div class='tab_inner_content invers-color'  itemprop=\"text\" ><p>Fulanito es profesor de &#8230;.<\/p>\n<\/div><\/div><\/section>\n<\/div>\n<\/div><\/div><\/div><!-- close content main div --><\/div><\/div><div id='after_section_3'  class='main_color av_default_container_wrap container_wrap sidebar_right'  ><div class='container av-section-cont-open' ><div class='template-page content  av-content-small alpha units'><div class='post-entry post-entry-type-page post-entry-1555'><div class='entry-content-wrapper clearfix'><\/p>\n","protected":false},"excerpt":{"rendered":"","protected":false},"author":8,"featured_media":2160,"parent":1152,"menu_order":0,"comment_status":"open","ping_status":"closed","template":"","meta":{"footnotes":""},"class_list":["post-1555","page","type-page","status-publish","has-post-thumbnail","hentry"],"_links":{"self":[{"href":"https:\/\/www.e-ucm.es\/es\/wp-json\/wp\/v2\/pages\/1555","targetHints":{"allow":["GET"]}}],"collection":[{"href":"https:\/\/www.e-ucm.es\/es\/wp-json\/wp\/v2\/pages"}],"about":[{"href":"https:\/\/www.e-ucm.es\/es\/wp-json\/wp\/v2\/types\/page"}],"author":[{"embeddable":true,"href":"https:\/\/www.e-ucm.es\/es\/wp-json\/wp\/v2\/users\/8"}],"replies":[{"embeddable":true,"href":"https:\/\/www.e-ucm.es\/es\/wp-json\/wp\/v2\/comments?post=1555"}],"version-history":[{"count":7,"href":"https:\/\/www.e-ucm.es\/es\/wp-json\/wp\/v2\/pages\/1555\/revisions"}],"predecessor-version":[{"id":8367,"href":"https:\/\/www.e-ucm.es\/es\/wp-json\/wp\/v2\/pages\/1555\/revisions\/8367"}],"up":[{"embeddable":true,"href":"https:\/\/www.e-ucm.es\/es\/wp-json\/wp\/v2\/pages\/1152"}],"wp:featuredmedia":[{"embeddable":true,"href":"https:\/\/www.e-ucm.es\/es\/wp-json\/wp\/v2\/media\/2160"}],"wp:attachment":[{"href":"https:\/\/www.e-ucm.es\/es\/wp-json\/wp\/v2\/media?parent=1555"}],"curies":[{"name":"wp","href":"https:\/\/api.w.org\/{rel}","templated":true}]}}