{"id":2014,"date":"2014-01-22T00:29:16","date_gmt":"2014-01-21T22:29:16","guid":{"rendered":"http:\/\/www.e-ucm.es\/people\/blanca\/"},"modified":"2021-08-04T18:08:49","modified_gmt":"2021-08-04T16:08:49","slug":"blanca","status":"publish","type":"page","link":"https:\/\/www.e-ucm.es\/es\/people\/blanca\/","title":{"rendered":"Blanca Borro Escribano"},"content":{"rendered":"\n<p><\/p>\n\n\n<div  class='flex_column av-phi3ca-3ce43df680b8052bf84d952dd2b54bfd av_two_third  avia-builder-el-0  el_before_av_one_third  avia-builder-el-first  first flex_column_div  '     ><style type=\"text\/css\" data-created_by=\"avia_inline_auto\" id=\"style-css-av-nvv49m-2258cb0ecb89fb25bad45360bd65b2dd\">\n#top .av-special-heading.av-nvv49m-2258cb0ecb89fb25bad45360bd65b2dd{\npadding-bottom:10px;\n}\nbody .av-special-heading.av-nvv49m-2258cb0ecb89fb25bad45360bd65b2dd .av-special-heading-tag .heading-char{\nfont-size:25px;\n}\n.av-special-heading.av-nvv49m-2258cb0ecb89fb25bad45360bd65b2dd .av-subheading{\nfont-size:15px;\n}\n<\/style>\n<div  class='av-special-heading av-nvv49m-2258cb0ecb89fb25bad45360bd65b2dd av-special-heading-h1  avia-builder-el-1  avia-builder-el-no-sibling '><h1 class='av-special-heading-tag '  itemprop=\"headline\"  >Blanca Borro Escribano<\/h1><div class=\"special-heading-border\"><div class=\"special-heading-inner-border\"><\/div><\/div><\/div><\/div>\n<div  class='flex_column av-mqrzt6-5db74479810f52880a39179766783f76 av_one_third  avia-builder-el-2  el_after_av_two_third  el_before_av_textblock  flex_column_div  '     ><style type=\"text\/css\" data-created_by=\"avia_inline_auto\" id=\"style-css-av-kbxa2y-be3e16dd190b01b65f50c22d5ed80dd3\">\n.avia-image-container.av-kbxa2y-be3e16dd190b01b65f50c22d5ed80dd3 img.avia_image{\nbox-shadow:none;\n}\n.avia-image-container.av-kbxa2y-be3e16dd190b01b65f50c22d5ed80dd3 .av-image-caption-overlay-center{\ncolor:#ffffff;\n}\n<\/style>\n<div  class='avia-image-container av-kbxa2y-be3e16dd190b01b65f50c22d5ed80dd3 av-styling- avia-align-center  avia-builder-el-3  avia-builder-el-no-sibling '   itemprop=\"image\" itemscope=\"itemscope\" itemtype=\"https:\/\/schema.org\/ImageObject\" ><div class=\"avia-image-container-inner\"><div class=\"avia-image-overlay-wrap\"><img decoding=\"async\" width=\"300\" height=\"200\" fetchpriority=\"high\" class='wp-image-8375 avia-img-lazy-loading-not-8375 avia_image ' src=\"http:\/\/www.e-ucm.es\/wp-content\/uploads\/2014\/01\/Blanca1-300x200.png\" alt='' title='Blanca 330x220'   itemprop=\"thumbnailUrl\" srcset=\"https:\/\/www.e-ucm.es\/wp-content\/uploads\/2014\/01\/Blanca1-300x200.png 300w, https:\/\/www.e-ucm.es\/wp-content\/uploads\/2014\/01\/Blanca1-120x80.png 120w, https:\/\/www.e-ucm.es\/wp-content\/uploads\/2014\/01\/Blanca1.png 330w\" sizes=\"(max-width: 300px) 100vw, 300px\" \/><\/div><\/div><\/div><\/div>\n<section  class='av_textblock_section av-1yhjuy-dfda06f3810c049f81f0d8dbc3e05ed3 '   itemscope=\"itemscope\" itemtype=\"https:\/\/schema.org\/CreativeWork\" ><div class='avia_textblock'  itemprop=\"text\" ><p>Phd Candidate<\/p>\n<\/div><\/section>\n<div  class='hr av-haugca-9a82157fa4400ec76fed92504303b3b8 hr-default  avia-builder-el-5  el_after_av_textblock  el_before_av_textblock '><span class='hr-inner '><span class=\"hr-inner-style\"><\/span><\/span><\/div>\n<section  class='av_textblock_section av-fbzfx6-68c788a8555649033efe13bedd2938cd '   itemscope=\"itemscope\" itemtype=\"https:\/\/schema.org\/CreativeWork\" ><div class='avia_textblock'  itemprop=\"text\" ><p>Blanca Borro Escribano is working as a researcher in the eUCM since 2011 in the serious games research area of the group: the eAdventure project. Although now she is working as a full-time employer for the Bank of Spain, from 2006 to 2011 she worked for the Spanish National Transplant Organization, where the idea and the need of developing simulations to represent the different steps of the process of Deceased Donation emerged.<\/p>\n<p>Since then, she has focused her efforts in the area of representing complex-medical procedures throught game-like simulations to improve the systematization of this processes. She has developed two\u00a0game-like simulations representing both the\u00a0supra-hospitalary level and the hospitalary level of the Deceased Donation process.\u00a0She has published\u00a05 research papers in academic journals and conferences in the field.<\/p>\n<\/div><\/section>\n<div  class='flex_column av-e4ldcq-43f68d23b415e834b85a2f52fbedb39f av_one_full  avia-builder-el-7  el_after_av_textblock  el_before_av_one_half  first flex_column_div  column-top-margin'     ><section  class='av_textblock_section av-cvofh6-b44a44417ea445fe3a1107666e3066c3 '   itemscope=\"itemscope\" itemtype=\"https:\/\/schema.org\/CreativeWork\" ><div class='avia_textblock'  itemprop=\"text\" ><ul><br\/><h3>2015<\/h3><h4>Journal<\/h4><li>Blanca Borro Escribano, \u00c1ngel del Blanco, Javier Torrente, J.M. Borro Mate, Baltasar Fern\u00e1ndez-Manj\u00f3n (2015): <em><strong><a href=\"http:\/\/pubman.e-ucm.es\/drafts\/e-UCM_draft_269.pdf\">Educational Game Development Approach to a Particular Case: The Donor\u2019s Evaluation<\/a><\/strong><\/em>. Transplantation Proceedings, 47, 13-18 (2015). http:\/\/dx.doi.org\/10.1016\/j.transproceed.2014.11.006. [IF 0.984 JCR-SCI 2013. 144\/204 (Q3) in category SURGERY]..<\/li><h4>Other<\/h4><li>Blanca Borro Escribano (2015): <em><strong><a href=\"http:\/\/pubman.e-ucm.es\/drafts\/e-UCM_draft_271.pdf\">Sistematizaci\u00f3n del desarrollo de simulaciones educativas con estrategia de juego en el campo m\u00e9dico<\/a><\/strong><\/em>. Tesis Doctoral. Enero 2015,  Universidad Complutense de Madrid..<\/li><br\/><h3>2014<\/h3><h4>Journal<\/h4><li>Blanca Borro Escribano, \u00c1ngel del Blanco, Javier Torrente, Itziar Mart\u00ednez Alpuente, Baltasar Fern\u00e1ndez-Manj\u00f3n (2014): <em><strong><a href=\"http:\/\/pubman.e-ucm.es\/drafts\/e-UCM_draft_241.pdf\">Developing game-like simulations to formalize tacit procedural knowledge: The ONT Experience<\/a><\/strong><\/em>. Educational Technology Research &amp; Development. Vol 62(2) pp 227-243, Springer. DOI: 10.1007\/s11423-013-9321-6.  [SCI-JCR:1.155 (2012)]..<\/li><li>Javier Torrente, Blanca Borro Escribano, Manuel Freire, \u00c1ngel del Blanco, Eugenio J. Marchiori, Iv\u00e1n Mart\u00ednez-Ortiz, Pablo Moreno-Ger, Baltasar Fern\u00e1ndez-Manj\u00f3n (2014): <em><strong><a href=\"http:\/\/pubman.e-ucm.es\/drafts\/e-UCM_draft_244.pdf\">Development of Game-Like Simulations for Procedural Knowledge in Healthcare Education<\/a><\/strong><\/em>. IEEE Transactions on Learning Technologies, 7(1), 69-82..<\/li><h4>Conferences<\/h4><li>\u00c1ngel Serrano-Laguna, Javier Torrente, Borja Manero, \u00c1ngel del Blanco, Blanca Borro Escribano, Iv\u00e1n Mart\u00ednez-Ortiz, Manuel Freire, Baltasar Fern\u00e1ndez-Manj\u00f3n (2014): <em><strong><a href=\"http:\/\/pubman.e-ucm.es\/drafts\/e-UCM_draft_239.pdf\">Learning Analytics and Educational Games: Lessons Learned from Practical Experience<\/a><\/strong><\/em>. GaLA Conference, Paris, 23-25 October. LNCS 8605, pp. 16\u201328, 2014. DOI: 10.1007\/978-3-319-12157-4_2.<\/li><li>Blanca Borro Escribano, Javier Torrente, \u00c1ngel del Blanco, Baltasar Fern\u00e1ndez-Manj\u00f3n, Itziar Mart\u00ednez Alpuente, Rafael Matesanz (2014): <em><strong><a href=\"http:\/\/pubman.e-ucm.es\/drafts\/e-UCM_draft_246.pdf\">Expert User Validation of Transplant Management Procedure Simulations<\/a><\/strong><\/em>. IEEE 3rd International Conference on Serious Games and Applications for Health. Rio de Janeiro, Brazil (May 2014)..<\/li><li>Blanca Borro Escribano, Javier Torrente, \u00c1ngel del Blanco, Jose Mar\u00eda Borro Mat\u00e9, Baltasar Fern\u00e1ndez-Manj\u00f3n (2014): <em><strong>Desarrollo de una simulaci\u00f3n m\u00e9dica para representar el proceso de coordinaci\u00f3n intrahospitalaria<\/strong><\/em>. III Congreso de la Sociedad Espa\u00f1ola de Trasplante. Valencia 8-10 de Junio de 2014.<\/li><br\/><h3>2013<\/h3><h4>Journal<\/h4><li>Blanca Borro Escribano, Itziar Martinez Alpuente, \u00c1ngel del Blanco, Javier Torrente, Baltasar Fern\u00e1ndez-Manj\u00f3n, Rafael Matesanz Acedos (2013): <em><strong><a href=\"http:\/\/pubman.e-ucm.es\/drafts\/e-UCM_draft_229.pdf\">APPLICATION OF GAME-LIKE SIMULATIONS IN THE SPANISH TRANSPLANT NATIONAL ORGANIZATION<\/a><\/strong><\/em>. Transplantation Proceedings  [http:\/\/www.journals.elsevier.com\/transplantation-proceedings\/].<\/li><h4>Conferences<\/h4><li>Blanca Borro Escribano, \u00c1ngel del Blanco, Baltasar Fern\u00e1ndez-Manj\u00f3n, Itziar Mart\u00ednez Alpuente, Beatriz Dom\u00ednguez Gil, Rafael Matesanz (2013): <em><strong><a href=\"http:\/\/pubman.e-ucm.es\/drafts\/e-UCM_draft_240.pdf\">Using Low - cost computer - based simulations in the Spanish National Transplant Procedures<\/a><\/strong><\/em>. In Proceedings 2013 IEEE 15th International Conference on e-Health Networking, Applications and Services, Healthcom 2013 , art. no. 6720645, pp 90-94, ISBN 978-1-4673-5800-2.<\/li><br\/><h3>2012<\/h3><h4>Conferences<\/h4><li>Blanca Borro Escribano, Itziar Martinez Alpuente, \u00c1ngel del Blanco, Beatriz Dom\u00ednguez Gil, Baltasar Fern\u00e1ndez-Manj\u00f3n, Rafael Matesanz Acedos (2012): <em><strong>APPLICATION OF LOW-COST SCREEN-BASED SIMULATIONS IN THE SPANISH NATIONAL TRANSPLANT ORGANIZATION<\/strong><\/em>. 2012 European Organ Donation Congress. Dubrovnik, Croatia, 5-7 October.<\/li><\/ul>\n<\/div><\/section><\/div>\n<div  class='flex_column av-axp516-2de17e10431acd23203b044e5eed0704 av_one_half  avia-builder-el-9  el_after_av_one_full  el_before_av_hr  first flex_column_div  column-top-margin'     ><p>\n<style type=\"text\/css\" data-created_by=\"avia_inline_auto\" id=\"style-css-av-9cm3ju-ceff39f9191fce04d17a620b7cf3d2e0\">\n#top .av-special-heading.av-9cm3ju-ceff39f9191fce04d17a620b7cf3d2e0{\npadding-bottom:10px;\n}\nbody .av-special-heading.av-9cm3ju-ceff39f9191fce04d17a620b7cf3d2e0 .av-special-heading-tag .heading-char{\nfont-size:25px;\n}\n.av-special-heading.av-9cm3ju-ceff39f9191fce04d17a620b7cf3d2e0 .av-subheading{\nfont-size:15px;\n}\n<\/style>\n<div  class='av-special-heading av-9cm3ju-ceff39f9191fce04d17a620b7cf3d2e0 av-special-heading-h3  avia-builder-el-10  el_before_av_tab_container  avia-builder-el-first '><h3 class='av-special-heading-tag '  itemprop=\"headline\"  >Contact<\/h3><div class=\"special-heading-border\"><div class=\"special-heading-inner-border\"><\/div><\/div><\/div><br \/>\n<div  class='tabcontainer av-pajbu-be3f3a824e7d6b290836cc5a14964a4b top_tab  avia-builder-el-11  el_after_av_heading  avia-builder-el-last '>\n<section class='av_tab_section av_tab_section av-5albq2-4d1c293d35363d031f24dacc158ba56a'  itemscope=\"itemscope\" itemtype=\"https:\/\/schema.org\/CreativeWork\" ><div id='tab-id-1-tab' class='tab active_tab' role='tab' aria-selected=\"true\" tabindex=\"0\" data-fake-id='#tab-id-1' aria-controls='tab-id-1-content'  itemprop=\"headline\" >General<\/div><div id='tab-id-1-content' class='tab_content active_tab_content' role='tabpanel' aria-labelledby='tab-id-1-tab' aria-hidden=\"false\"><div class='tab_inner_content invers-color'  itemprop=\"text\" ><p>\n<style type=\"text\/css\" data-created_by=\"avia_inline_auto\" id=\"style-css-av-4ik8ka-f7877e648ea9c45557a027b758003942\">\n.av_font_icon.av-4ik8ka-f7877e648ea9c45557a027b758003942{\ncolor:#017870;\nborder-color:#017870;\n}\n.avia-svg-icon.av-4ik8ka-f7877e648ea9c45557a027b758003942 svg:first-child{\nstroke:#017870;\nfill:#017870;\n}\n.av_font_icon.av-4ik8ka-f7877e648ea9c45557a027b758003942 .av-icon-char{\nfont-size:15px;\nline-height:15px;\n}\n<\/style>\n<span  class='av_font_icon av-4ik8ka-f7877e648ea9c45557a027b758003942 avia_animate_when_visible av-icon-style- avia-icon-pos-left avia-svg-icon avia-font-svg_entypo-fontello avia-icon-animate'><span class='av-icon-char' data-av_svg_icon='5' data-av_iconset='svg_entypo-fontello' ><\/span><\/span>\u00a0\u00a0 bborro@ e-ucm.es<\/p>\n<\/div><\/div><\/section>\n<\/div><\/p><\/div>\n<div  class='hr av-372x2i-1a1ea683d140618dfb9f439bd39c65ee hr-default  avia-builder-el-13  el_after_av_one_half  avia-builder-el-last '><span class='hr-inner '><span class=\"hr-inner-style\"><\/span><\/span><\/div>\n","protected":false},"excerpt":{"rendered":"","protected":false},"author":3,"featured_media":8375,"parent":1152,"menu_order":0,"comment_status":"closed","ping_status":"open","template":"","meta":{"footnotes":""},"class_list":["post-2014","page","type-page","status-publish","has-post-thumbnail","hentry"],"_links":{"self":[{"href":"https:\/\/www.e-ucm.es\/es\/wp-json\/wp\/v2\/pages\/2014","targetHints":{"allow":["GET"]}}],"collection":[{"href":"https:\/\/www.e-ucm.es\/es\/wp-json\/wp\/v2\/pages"}],"about":[{"href":"https:\/\/www.e-ucm.es\/es\/wp-json\/wp\/v2\/types\/page"}],"author":[{"embeddable":true,"href":"https:\/\/www.e-ucm.es\/es\/wp-json\/wp\/v2\/users\/3"}],"replies":[{"embeddable":true,"href":"https:\/\/www.e-ucm.es\/es\/wp-json\/wp\/v2\/comments?post=2014"}],"version-history":[{"count":7,"href":"https:\/\/www.e-ucm.es\/es\/wp-json\/wp\/v2\/pages\/2014\/revisions"}],"predecessor-version":[{"id":8374,"href":"https:\/\/www.e-ucm.es\/es\/wp-json\/wp\/v2\/pages\/2014\/revisions\/8374"}],"up":[{"embeddable":true,"href":"https:\/\/www.e-ucm.es\/es\/wp-json\/wp\/v2\/pages\/1152"}],"wp:featuredmedia":[{"embeddable":true,"href":"https:\/\/www.e-ucm.es\/es\/wp-json\/wp\/v2\/media\/8375"}],"wp:attachment":[{"href":"https:\/\/www.e-ucm.es\/es\/wp-json\/wp\/v2\/media?parent=2014"}],"curies":[{"name":"wp","href":"https:\/\/api.w.org\/{rel}","templated":true}]}}