{"id":2022,"date":"2014-01-22T00:34:41","date_gmt":"2014-01-21T22:34:41","guid":{"rendered":"http:\/\/www.e-ucm.es\/people\/anavarro\/"},"modified":"2014-01-22T00:57:09","modified_gmt":"2014-01-21T22:57:09","slug":"anavarro","status":"publish","type":"page","link":"https:\/\/www.e-ucm.es\/es\/people\/anavarro\/","title":{"rendered":"Antonio Navarro"},"content":{"rendered":"<p>Professor \/ Titular de Universidad. PhD.<\/p>\n<ul><br\/><h3>2018<\/h3><h4>Journal<\/h4><li>Humberto Cort\u00e9s, Antonio Navarro (2018): <em><strong>Enterprise WAE: A Lightweight UML Extension for the Characterization of the Presentation Tier of Enterprise Applications with MDD-based Mockup Generation<\/strong><\/em>. International Journal of Software Engineering and Knowledge Engineering, IJSEKE. In press. ISI JCR SCI, Computer Science-Software Engineering: 0,240. 101\/106: Q4.<\/li><br\/><h3>2016<\/h3><h4>Journal<\/h4><li>Antonio Navarro, Anayansi da Silva (2016): <em><strong>A metamodel-based definition of a conversion mechanism between SOAP and RESTful web services<\/strong><\/em>. Computer Standards &amp; Interfaces 48: 49-70.\r\nISI JCR SCI, Computer Science-Software Engineering: 1,268; 35\/106: Q2 [http:\/\/www.sciencedirect.com\/science\/article\/pii\/S0920548916300204].<\/li><h4>Conferences<\/h4><li>Humberto Cort\u00e9s, Antonio Navarro (2016): <em><strong>MDD inclusion of navigational, structural and RBAC elements for JSF and ASP.NET MVC frameworks in UML models<\/strong><\/em>. TEEM 2016: 1025-1034. ACM Press.<\/li><br\/><h3>2015<\/h3><h4>Journal<\/h4><li>Francisco Huertas, Antonio Navarro (2015): <em><strong>SOA support to virtual campus advanced architectures: The VCAA canonical interfaces<\/strong><\/em>. Computer Standards &amp; Interfaces 40: 1-14.  ISI JCR SCI, Computer Science-Software Engineering: 1,268; 35\/106: Q2, [http:\/\/www.sciencedirect.com\/science\/article\/pii\/S0920548914001056].<\/li><li>Waleed W. Smari, Antonio Navarro, William K. McQuay (2015): <em><strong>Contemporary Computer Supported Collaboration: Systems, Technologies, Algorithms, and Applications<\/strong><\/em>. Concurrency and Computation: Practice and Experience 27(11): 2681-2685. ISI JCR SCI, Computer Science-Software Engineering: 0,942; 59\/106: Q3. [http:\/\/onlinelibrary.wiley.com\/doi\/10.1002\/cpe.3467\/full].<\/li><br\/><h3>2014<\/h3><h4>Journal<\/h4><li>Humberto Cort\u00e9s, Antonio Navarro (2014): <em><strong>NMMp: A Model-Driven UML Extension for the Description of Navigation Maps for Web Applications<\/strong><\/em>. International Journal of Software Engineering and Knowledge Engineering 24(3): 391-418. ISI JCR SCI, Computer Science-Software Engineering: 0,362 96\/104: Q4. [http:\/\/www.worldscientific.com\/doi\/abs\/10.1142\/S0218194014500156?queryID=0%2F1401345].<\/li><li>Antonio Navarro, Juan M. Cigarr\u00e1n, Francisco Huertas, Miguel Rodr\u00edguez-Artacho, Alberto Cogolludo (2014): <em><strong>An Integration Architecture of Virtual Campuses with External e-Learning Tools<\/strong><\/em>. Educational Technology &amp; Society 17(3): 252-266. ISI JCR SSCI, Education &amp; Educational Research: 73\/224: Q2. [http:\/\/www.ifets.info\/journals\/17_3\/19.pdf].<\/li><br\/><h3>2013<\/h3><h4>Journal<\/h4><li>Francisco Huertas, Antonio Navarro (2013): <em><strong>Integration Mechanisms in e-learning Platforms<\/strong><\/em>. International Journal of Computer Information Systems and Industrial Management Applications, 5-2013, pp. 714-721 [http:\/\/www.mirlabs.org\/ijcisim\/regular_papers_2013\/Paper150.pdf].<\/li><li>Antonio Navarro, Ana M\u00aa Fern\u00e1ndez-Pampill\u00f3n, Carmen Fern\u00e1ndez-Chamizo, Alfredo Fern\u00e1ndez-Valmayor (2013): <em><strong>A Meta-Relational Approach for the Definition and Management of Hybrid Learning Objects<\/strong><\/em>. Journal of Educational Technology and Society, 16(4), pp. 258-274 [http:\/\/www.ifets.info\/journals\/16_4\/20.pdf].<\/li><br\/><h3>2012<\/h3><h4>Journal<\/h4><li>Baltasar Fern\u00e1ndez-Manj\u00f3n, Carmen Fern\u00e1ndez-Chamizo, Antonio Navarro, Pilar Sancho, Pablo Moreno-Ger, Iv\u00e1n Mart\u00ednez-Ortiz, Manuel Freire, Borja Manero, Eugenio J. Marchiori, Javier Torrente, \u00c1ngel del Blanco, \u00c1ngel Serrano-Laguna, Francisco Huertas, Fernando T\u00e9llez (2012): <em><strong><a href=\"http:\/\/pubman.e-ucm.es\/drafts\/e-UCM_draft_204.pdf\">e-UCM (Grupo de Investigaci\u00f3n en e-learning), UCM<\/a><\/strong><\/em>. IE Comunicaciones, Revista Iberoamericana de Inform\u00e1tica Educativa, N\u00famero 15, Enero-Junio, pp 37-46. .<\/li><li>Antonio Navarro, Jes\u00fas Crist\u00f3bal, Carmen Fern\u00e1ndez-Chamizo, Alfredo Fern\u00e1ndez-Valmayor (2012): <em><strong>Architecture of a multiplatform virtual campus<\/strong><\/em>. Software: Practice and Experience 42(10), pp. 1229-1246 [http:\/\/onlinelibrary.wiley.com\/doi\/10.1002\/spe.1130\/abstract].<\/li><br\/><h3>2011<\/h3><h4>Journal<\/h4><li>Jes\u00fas Crist\u00f3bal, Jorge Merino, Antonio Navarro, Miguel Peralta, Yolanda Rold\u00e1n, Rosa M\u00aa Silveira (2011): <em><strong>Software Engineering Infrastructure in a Large Virtual Campus<\/strong><\/em>. Interactive Technology and Smart Education 8(3), pp. 172-185. [http:\/\/www.emeraldinsight.com\/journals.htm?articleid=1950982&amp;show=abstract].<\/li><li>Alfredo Fern\u00e1ndez-Valmayor, Fern\u00e1ndez-Pampill\u00f3n, A, Carmen Fern\u00e1ndez-Chamizo, Antonio Navarro, Jes\u00fas Crist\u00f3bal (2011): <em><strong>Implantaci\u00f3n de un Campus Virtual de Grandes Dimensiones: el Campus Virtual de la UCM<\/strong><\/em>. IEEE RITA 6 (4), pp. 167-174 [http:\/\/rita.det.uvigo.es\/index.php?content=Num_Pub&amp;idiom=Es&amp;visualiza=1&amp;volumen=6&amp;numero=4&amp;orden=desc].<\/li><h4>Conferences<\/h4><li>Jes\u00fas Crist\u00f3bal, Jorge Merino, Antonio Navarro, Miguel Peralta, Yolanda Rold\u00e1n, Rosa M\u00aa Silveira (2011): <em><strong>Software Design Patterns in the Implementation of a Large Virtual Campus<\/strong><\/em>. e-Society 2011 [http:\/\/iadisportal.org\/e-society-2011-proceedings].<\/li><li>Humberto Cort\u00e9s, Antonio Navarro (2011): <em><strong>Metamodeling or Profiling: a Practical Case in the Web Engineering Domain<\/strong><\/em>. CACIC 2011.<\/li><li>Jos\u00e9 Mat\u00edas Rivero, Gustavo Rossi, Juli\u00e1n Grigera, Esteban Robles Luna, Antonio Navarro (2011): <em><strong>From Interface Mockups to Web Application Models<\/strong><\/em>. The 12th Web Information Systems Engineering (WISE 2011). LNCS 6997, pp. 257-264 [http:\/\/www.springer.com\/computer\/database+management+%26+information+retrieval\/book\/978-3-642-24433-9].<\/li><li>Francisco Huertas, Antonio Navarro (2011): <em><strong>Web Services Availability in e-learning Platforms<\/strong><\/em>. 7th International Conference on Next Generation Web Services Practices (NWeSP 2011), pp. 170-175 [http:\/\/ieeexplore.ieee.org\/stamp\/stamp.jsp?tp=&amp;arnumber=6088172].<\/li><br\/><h3>2010<\/h3><h4>Journal<\/h4><li>Liliana Patricia Santacruz, Antonio Navarro, Ignacio Aedo, Carlos Delgado Kloos (2010): <em><strong>Comparison of Knowledge During the Assembly Process of Learning Objects<\/strong><\/em>. Journal of Intelligent Information Systems 35 (1), pp. 51-74.[http:\/\/www.springerlink.com\/content\/33691343v068r108].<\/li><h4>Conferences<\/h4><li>Pedro Fern\u00e1ndez, Antonio Navarro (2010): <em><strong>An Analysis of the Significance of MDD for Industry<\/strong><\/em>. Software Engineering Research and Practice 2010, pp. 529-533..<\/li><li>Antonio Navarro, Jes\u00fas Crist\u00f3bal, Alfredo Fern\u00e1ndez-Valmayor, Carmen Fern\u00e1ndez-Chamizo, H\u00e9ctor Hernaz, Salvador Guillom\u00eda, F\u00e9lix Buend\u00eda (2010): <em><strong>Towards a New Generation of Virtual Campuses<\/strong><\/em>. AICT 2010, pp. 70-73. [http:\/\/ieeexplore.ieee.org\/xpls\/abs_all.jsp?arnumber=5489694&amp;tag=1].<\/li><li>H\u00e9ctor L\u00f3pez, Antonio Navarro (2010): <em><strong>An Analysis of Augmented Reality Systems<\/strong><\/em>. The Fifth International Multi-Conference on Computing in the Global Information Technology, ICCGI 2010 [http:\/\/ieeexplore.ieee.org\/xpl\/freeabs_all.jsp?arnumber=5628937].<\/li><li>Alfredo Fern\u00e1ndez-Valmayor, Carmen Fern\u00e1ndez-Chamizo, Antonio Navarro, Fern\u00e1ndez-Pampill\u00f3n, A, Jes\u00fas Crist\u00f3bal (2010): <em><strong>Factores Claves para el \u00e9xito de un Gran Campus Virtual: el Campus Virtual de la UCM<\/strong><\/em>. ISELEAR 2010.<\/li><li>Jes\u00fas Crist\u00f3bal, Antonio Navarro, F\u00e9lix Buend\u00eda (2010): <em><strong>Caracterizaci\u00f3n de cat\u00e1logos de Patrones de e-learning en Instituciones Universitarias<\/strong><\/em>. ISELEAR 2010.<\/li><li>Antonio Navarro (2010): <em><strong>A Draft Web Engineering Curriculum Pattern<\/strong><\/em>. 1st International Educators Day on Web Engineering Curricula (WECU 2010) [http:\/\/ceur-ws.org\/Vol-607\/].<\/li><br\/><h3>2009<\/h3><h4>Journal<\/h4><li>Antonio Navarro (2009): <em><strong>A SWEBOK-based Viewpoint of the Web Engineering Discipline<\/strong><\/em>. Journal of Universal Computer Science (JUCS), vol. 15 n. 17, pp. 3169-3200. [http:\/\/www.jucs.org\/jucs_15_17\/a_swebok_based_viewpoint\/jucs_15_17_3169_3200_navarro.pdf].<\/li><br\/><h3>2008<\/h3><h4>Journal<\/h4><li>Antonio Navarro, Alfredo Fern\u00e1ndez-Valmayor, Baltasar Fern\u00e1ndez-Manj\u00f3n, Jos\u00e9 Luis Sierra (2008): <em><strong><a href=\"http:\/\/pubman.e-ucm.es\/drafts\/e-UCM_draft_97.pdf\">Characterizing Navigation Maps for Web Applications with the NMM Approach<\/a><\/strong><\/em>. Science of Computer Programming, 71 (1), pp. 1-16.<\/li><li>Liliana Patricia Santacruz, Antonio Navarro, Carlos Delgado Kloos, Ignacio Aedo (2008): <em><strong>ELO-Tool: Taking Action in the Challenge of Assembling Learning Objects<\/strong><\/em>. Educational Technology and Society 11 (1), pp. 102-117 [http:\/\/www.ifets.info\/journals\/11_1\/8.pdf].<\/li><h4>Conferences<\/h4><li>Antonio Navarro, Jorge Merino, Alfredo Fern\u00e1ndez-Valmayor, Jes\u00fas Crist\u00f3bal (2008): <em><strong>Translating Workflow Diagrams into Web Designs<\/strong><\/em>. Twentieth International Conference on Software Engineering &amp; Knowledge Engineering (SEKE2008), San Francisco, CA, USA, July 1-3, 2008. Knowledge Systems Institute Graduate School 2008, ISBN 1-891706-22-5, pp. 667-672..<\/li><br\/><h3>2007<\/h3><h4>Journal<\/h4><li>Antonio Navarro, Alfredo Fern\u00e1ndez-Valmayor (2007): <em><strong><a href=\"http:\/\/pubman.e-ucm.es\/drafts\/e-UCM_draft_99.pdf\">Conceptualization of Hybrid Websites<\/a><\/strong><\/em>. Internet Research 17 (2), pp. 207-228 [http:\/\/www.emeraldinsight.com\/1066-2243.htm].<\/li><br\/><h3>2005<\/h3><h4>Journal<\/h4><li>Antonio Navarro, Jos\u00e9 Luis Sierra, Alfredo Fern\u00e1ndez-Valmayor, H\u00e9ctor Hernaz (2005): <em><strong><a href=\"http:\/\/pubman.e-ucm.es\/drafts\/e-UCM_draft_25.pdf\">From Chasqui to Chasqui II: An Evolution in the Conceptualization of Virtual Objects<\/a><\/strong><\/em>. Journal of Universal Computer Science 11(9), pp. 1518-1529.<\/li><li>Jos\u00e9 Luis Sierra, Antonio Navarro, Baltasar Fern\u00e1ndez-Manj\u00f3n, Alfredo Fern\u00e1ndez-Valmayor (2005): <em><strong><a href=\"http:\/\/pubman.e-ucm.es\/drafts\/e-UCM_draft_30.pdf\">Incremental Definition and Operationalization of Domain-Specific Markup Languages in ADDS<\/a><\/strong><\/em>. ACM SIGPLAN Notices 40(12), 28-37.<\/li><li>Jos\u00e9 Luis Sierra, Baltasar Fern\u00e1ndez-Manj\u00f3n, Alfredo Fern\u00e1ndez-Valmayor, Antonio Navarro (2005): <em><strong><a href=\"http:\/\/pubman.e-ucm.es\/drafts\/e-UCM_draft_31.pdf\">Document-Oriented Construction of Content-Intensive Applications<\/a><\/strong><\/em>. International Journal of Software Engineering and Knowledge Engineering 15(6), 975-994.<\/li><h4>Conferences<\/h4><li>Antonio Navarro, Jos\u00e9 Luis Sierra, Alfredo Fern\u00e1ndez-Valmayor, Baltasar Fern\u00e1ndez-Manj\u00f3n (2005): <em><strong>Conceptualization of Web Applications\u2019 Navigational Maps<\/strong><\/em>. Proceedings of the First Workshop on Model Driven Web Engineering MDWE\u201905, Sydney, Australia.<\/li><li>Antonio Navarro, Jos\u00e9 Luis Sierra, Alfredo Fern\u00e1ndez-Valmayor, Baltasar Fern\u00e1ndez-Manj\u00f3n (2005): <em><strong>A First Step Towards the Web Engineering Body of Knowledge<\/strong><\/em>. Proceedings of the 5th International Conference on Web Engineering, Sidney, Australia. Lectures Notes in Computer Science 3579, 585-587.<\/li><li>Jos\u00e9 Luis Sierra, Alfredo Fern\u00e1ndez-Valmayor, Baltasar Fern\u00e1ndez-Manj\u00f3n, Antonio Navarro (2005): <em><strong><a href=\"http:\/\/pubman.e-ucm.es\/drafts\/e-UCM_draft_47.pdf\">Developing Content-Intensive Applications with XML Documents, Document Transformations and Software Components<\/a><\/strong><\/em>. Proceedings of the 31st Euromicro Conference on Software Engineering and \r\nAdvanced Applications (SEAA 2005) \u2013 Component Based Software Engineering Track, Porto, Portugal.<\/li><li>Jos\u00e9 Luis Sierra, Baltasar Fern\u00e1ndez-Manj\u00f3n, Alfredo Fern\u00e1ndez-Valmayor, Antonio Navarro (2005): <em><strong><a href=\"http:\/\/pubman.e-ucm.es\/drafts\/e-UCM_draft_48.pdf\">Document-Oriented Software Construction Based on Domain-Specific Markup Languages<\/a><\/strong><\/em>. In Proceedings of the International IEEE Conference on Information Technology: Coding and Computing (ITCC 2005), Las Vegas, USA.<\/li><li>Jos\u00e9 Luis Sierra, Alfredo Fern\u00e1ndez-Valmayor, Mercedes Guinea, H\u00e9ctor Hernaz, Antonio Navarro (2005): <em><strong><a href=\"http:\/\/pubman.e-ucm.es\/drafts\/e-UCM_draft_56.pdf\">Building Repositories of Learning Objects in Specialized Domains: The Chasqui Approach<\/a><\/strong><\/em>. In Proceedings of the 5th IEEE Internacional Conference on Advanced Learning\r\nTechnologies (ICALT&#039;05).<\/li><li>Alfredo Fern\u00e1ndez-Valmayor, Mercedes Guinea, Antonio Navarro, Jos\u00e9 Luis Sierra (2005): <em><strong>Integraci\u00f3n de Investigaci\u00f3n y Docencia en el Campus Virtual: El Sistema Chasqui<\/strong><\/em>. In Proceedings of II Jornadas Campus Virtual UCM .<\/li><h4>Other<\/h4><li>Jos\u00e9 Luis Sierra, Alfredo Fern\u00e1ndez-Valmayor, Baltasar Fern\u00e1ndez-Manj\u00f3n, Antonio Navarro (2005): <em><strong>El Desarrollo Documental<\/strong><\/em>. In D\u00edaz, P; Montero, S; Aedo, N (eds), Ingenier\u00eda de la Web y Patrones de Dise\u00f1o, pages 131-161. Pearson Prentice-Hall.<\/li><br\/><h3>2004<\/h3><h4>Journal<\/h4><li>Antonio Navarro, Baltasar Fern\u00e1ndez-Manj\u00f3n, Alfredo Fern\u00e1ndez-Valmayor, Jos\u00e9 Luis Sierra (2004): <em><strong>The plumbingXJ approach for fast prototyping of web applications <\/strong><\/em>. Journal of Digital Information 5(2).<\/li><li>Antonio Navarro, Alfredo Fern\u00e1ndez-Valmayor, Baltasar Fern\u00e1ndez-Manj\u00f3n, Antonio Navarro (2004): <em><strong>Conceptualization prototyping and process of hypermedia applications<\/strong><\/em>. International Journal of Software Engineering and Knowledge Engineering 14(6), 565\u2013602.<\/li><li>Antonio Navarro, Alfredo Fern\u00e1ndez-Valmayor, Baltasar Fern\u00e1ndez-Manj\u00f3n, Antonio Navarro (2004): <em><strong>Conceptualization prototyping and process of hypermedia applications<\/strong><\/em>. International Journal of Software Engineering and Knowledge Engineering 14(6), 565\u2013602.<\/li><li>Jos\u00e9 Luis Sierra, Alfredo Fern\u00e1ndez-Valmayor, Baltasar Fern\u00e1ndez-Manj\u00f3n, Antonio Navarro (2004): <em><strong><a href=\"http:\/\/pubman.e-ucm.es\/drafts\/e-UCM_draft_32.pdf\">ADDS: A Document-Oriented Approach for Application Development<\/a><\/strong><\/em>. Journal of Universal Computer Science 10(9), 1302-1324.<\/li><li>Antonio Navarro, Alfredo Fern\u00e1ndez-Valmayor, Baltasar Fern\u00e1ndez-Manj\u00f3n, Jos\u00e9 Luis Sierra (2004): <em><strong><a href=\"http:\/\/pubman.e-ucm.es\/drafts\/e-UCM_draft_33.pdf\">Conceptualization, Prototyping and Process of Hypermedia Applications<\/a><\/strong><\/em>. International Journal of Software Engineering and Knowledge Engineering 14(6), 565-602.<\/li><h4>Conferences<\/h4><li>Antonio Sarasa, Alfredo Fern\u00e1ndez-Valmayor, H\u00e9ctor Hernaz, Antonio Navarro, Jos\u00e9 Luis Sierra (2004): <em><strong>De Chasqui a Chasqui II: Una Evoluci\u00f3n en la Conceptualizaci\u00f3n de los Objetos Virtuales<\/strong><\/em>. Proceedings of the VI Simposio Internacional de Inform\u00e1tica Educativa (SIIE 2004), C\u00e1ceres, Spain\r\n.<\/li><li>Antonio Sarasa, Alfredo Fern\u00e1ndez-Valmayor, Fern\u00e1ndez-Pampill\u00f3n, A, Antonio Navarro, Jos\u00e9 Luis Sierra (2004): <em><strong>El Proyecto REI-MLH<\/strong><\/em>. In Proceedings of I Jornada Campus Virtual UCM.<\/li><h4>Other<\/h4><li>Jos\u00e9 Luis Sierra, Baltasar Fern\u00e1ndez-Manj\u00f3n, Alfredo Fern\u00e1ndez-Valmayor, Antonio Navarro (2004): <em><strong><a href=\"http:\/\/pubman.e-ucm.es\/drafts\/e-UCM_draft_52.pdf\">A Document-Oriented Approach to the Development of Knowledge Based Systems<\/a><\/strong><\/em>. In Conejo, R; Urretavizcaya, M; P\u00e9rez-de-la-Cruz, J (eds), Current Topics in Artificial Intelligence. Lecture Notes In Artificial Intelligence 3040, 1302-1324 (Springer).<\/li><br\/><h3>2003<\/h3><h4>Conferences<\/h4><li>Antonio Navarro, Baltasar Fern\u00e1ndez-Manj\u00f3n, Alfredo Fern\u00e1ndez-Valmayor, Jos\u00e9 Luis Sierra (2003): <em><strong>An XML-Based Approach for Fast Prototyping of Web Applications<\/strong><\/em>. In Proceedings of the 3rd International Conference on Web Engineering, Oviedo, Espa\u00f1a. Lecture Notes in Computer Science 2722 (Springer).<\/li><li>Jos\u00e9 Luis Sierra, Alfredo Fern\u00e1ndez-Valmayor, Alfredo Fern\u00e1ndez-Valmayor, Antonio Navarro (2003): <em><strong><a href=\"http:\/\/pubman.e-ucm.es\/drafts\/e-UCM_draft_46.pdf\">Building Applications with Domain-Specific Markup Languages: A Systematic Approach to the Development of XML-based Software<\/a><\/strong><\/em>. In Proceedings of the 3rd International Conference on Web Engineering, Oviedo, Espa\u00f1a. Lecture Notes in Computer Science 2722 (Springer).<\/li><li>Jos\u00e9 Luis Sierra, Baltasar Fern\u00e1ndez-Manj\u00f3n, Alfredo Fern\u00e1ndez-Valmayor, Antonio Navarro (2003): <em><strong>Aplicaci\u00f3n del Paradigma Documental al Desarrollo de Sistemas Basados en el Conocimiento<\/strong><\/em>. In Proceedings of the X Conferencia de la Asociaci\u00f3n Espa\u00f1ola para la Inteligencia Artificial \u2013 V Jornadas de Transferencia Tecnol\u00f3gica de Inteligencia Artificial CAEPIA \u2013 TTIA&#039;03.<\/li><li>Jos\u00e9 Luis Sierra, Alfredo Fern\u00e1ndez-Valmayor, Baltasar Fern\u00e1ndez-Manj\u00f3n, Antonio Navarro (2003): <em><strong>ADDS: Una Aproximaci\u00f3n Documental al Desarrollo de Software <\/strong><\/em>. In Proceedings of the III Jornadas de Programaci\u00f3n y Lenguajes PROLE&#039;03.<\/li><li>Baltasar Fern\u00e1ndez-Manj\u00f3n, Carmen Fern\u00e1ndez-Chamizo, Antonio Navarro, Jos\u00e9 Luis Sierra, Pilar Sancho, Borja Manero, Antonio Sarasa, L\u00f3pez,A.I; Vallejo,J.A; Blanco.D (2003): <em><strong>&lt;e-Aula&gt;: Design and implementation of an e-learning environment based on markup languages and educational standards<\/strong><\/em>. In Proceedings of Jornada de Seguimiento de Proyectos en Tecnolog\u00edas Inform\u00e1ticas.<\/li><h4>Other<\/h4><li>Alfredo Fern\u00e1ndez-Valmayor, Antonio Navarro, Baltasar Fern\u00e1ndez-Manj\u00f3n, Jos\u00e9 Luis Sierra (2003): <em><strong>Lenguajes de Programaci\u00f3n, Lenguajes de Marcado y Modelos Hipermedia: Una Visi\u00f3n Interesada de la Evoluci\u00f3n de los Lenguajes Inform\u00e1ticos<\/strong><\/em>. In L\u00f3pez-Alonso, C; S\u00e9r\u00e9, A (eds), Nuevos G\u00e9neros Discursivos: Los Textos Electr\u00f3nicos, pages 95-113. Biblioteca Nueva\r\n.<\/li><br\/><h3>2002<\/h3><h4>Journal<\/h4><li>Baltasar Fern\u00e1ndez-Manj\u00f3n, Alfredo Fern\u00e1ndez-Valmayor, Antonio Navarro, Jos\u00e9 Luis Sierra (2002): <em><strong><a href=\"http:\/\/pubman.e-ucm.es\/drafts\/e-UCM_draft_54.pdf\">Application of XML Mark-up Languages to Software Development <\/a><\/strong><\/em>. UPGRADE III(4), 15-20. Published simulatenously as &quot;Aplicaci\u00f3n de los Lenguajes de Marcado XML en el Desarrollo de Software&quot;, Nov\u00e1tica 158, 17-21\r\n.<\/li><h4>Conferences<\/h4><li>Antonio Navarro, Baltasar Fern\u00e1ndez-Manj\u00f3n, Alfredo Fern\u00e1ndez-Valmayor, Jos\u00e9 Luis Sierra (2002): <em><strong>Formal-Driven Conceptualization and Prototyping of Hypermedia Applications<\/strong><\/em>. Fundamental Approaches to Software Engineering FASE\u201902, 5th European Conference on Theory and Practice of Software (ETAPS 2002), Grenoble, France. Lecture Notes in Computer Science 2306, 308-322.<\/li><li>Jos\u00e9 Luis Sierra, Baltasar Fern\u00e1ndez-Manj\u00f3n, Alfredo Fern\u00e1ndez-Valmayor, Antonio Navarro (2002): <em><strong><a href=\"http:\/\/pubman.e-ucm.es\/drafts\/e-UCM_draft_45.pdf\">An Extensible and Modular Processing Model for Document Trees<\/a><\/strong><\/em>. In Proceedings of Extreme Markup Languages 2002, Montreal, Canada.<\/li><br\/><h3>2001<\/h3><h4>Conferences<\/h4><li>Antonio Navarro, Alfredo Fern\u00e1ndez-Valmayor, Baltasar Fern\u00e1ndez-Manj\u00f3n, Jos\u00e9 Luis Sierra (2001): <em><strong>Trading Off Multimedia Contents for Adaptation Capabilities: Developing Educational Hypermedia Applications for the Web (abstract)<\/strong><\/em>. Book of abstracts of the 7th IFIP World Conference on Computers in Education, Copenhagen, Dinamarca.<\/li><li>Antonio Navarro, Alfredo Fern\u00e1ndez-Valmayor, Baltasar Fern\u00e1ndez-Manj\u00f3n, Jos\u00e9 Luis Sierra (2001): <em><strong>Desarrollo de Aplicaciones Hipermedia Educativas en la Web<\/strong><\/em>. Proceedings of the III Simposio Internacional de Inform\u00e1tica Educativa (SIIE 2001).<\/li><li>Jos\u00e9 Luis Sierra, Alfredo Fern\u00e1ndez-Valmayor, Baltasar Fern\u00e1ndez-Manj\u00f3n, Antonio Navarro (2001): <em><strong><a href=\"http:\/\/pubman.e-ucm.es\/drafts\/e-UCM_draft_44.pdf\">Operationalizing Application Descriptions in DTC: Building Applications with Generalized Markup Technologies<\/a><\/strong><\/em>. In Proceedings of the 13th International Conference on Software Engineering &amp; Knowledge\r\nEngineering SEKE&#039;01, Buenos Aires, Argentina .<\/li><h4>Other<\/h4><li>Antonio Navarro, Alfredo Fern\u00e1ndez-Valmayor, Baltasar Fern\u00e1ndez-Manj\u00f3n, Jos\u00e9 Luis Sierra (2001): <em><strong>Using Analysis, Design and Development of Hypermedia Applications in the Educational Domain<\/strong><\/em>. Ortega, M y Bravo, J (eds.) Computers and Education: Towards an Interconnected Society. Kluwer Academic Publishers, pp. 251-260.<\/li><br\/><h3>2000<\/h3><h4>Conferences<\/h4><li>Antonio Navarro, Baltasar Fern\u00e1ndez-Manj\u00f3n, Alfredo Fern\u00e1ndez-Valmayor, Jos\u00e9 Luis Sierra (2000): <em><strong>A Practical Methodology for the Development of Educational Hypermedias <\/strong><\/em>. In proceedings of Conference on Educational Uses of Information and Communication Technologies - 16th IFIP World Computer Congress WCC2000, Beijing, China.<\/li><li>Antonio Navarro, Alfredo Fern\u00e1ndez-Valmayor, Baltasar Fern\u00e1ndez-Manj\u00f3n, Jos\u00e9 Luis Sierra (2000): <em><strong>La Metodolog\u00eda ADDAH en el Dominio Educativo<\/strong><\/em>. Proceedings of the II Simposio Internacional de Inform\u00e1tica Educativa (SIIE 2000), Puertollano, Spain.<\/li><li>Antonio Navarro, Alfredo Fern\u00e1ndez-Valmayor, Baltasar Fern\u00e1ndez-Manj\u00f3n, Jos\u00e9 Luis Sierra (2000): <em><strong>Integration of Markup Languages and Object-Oriented Tecniques in a Hypermedia Methodology<\/strong><\/em>. In Proceedings of the 12th Joint International Conference of the Association for Literary and Linguistic Computing and the Association for Computers and the Humanities ALLC\/ACH 2000, Glasgow, United Kingdom.<\/li><li>Jos\u00e9 Luis Sierra, Baltasar Fern\u00e1ndez-Manj\u00f3n, Alfredo Fern\u00e1ndez-Valmayor, Antonio Navarro (2000): <em><strong><a href=\"http:\/\/pubman.e-ucm.es\/drafts\/e-UCM_draft_43.pdf\">Integration of Markup Languages, Document Transformations and Software Components in the Development of Applications: The DTC Approach<\/a><\/strong><\/em>. In Proceedings of the Conference on Software: Theory and Practice \u2013 16th IFIP World\r\nComputer Congress, Beijing, China.<\/li><h4>Other<\/h4><li>Antonio Navarro, Jos\u00e9 Luis Sierra, Baltasar Fern\u00e1ndez-Manj\u00f3n, Alfredo Fern\u00e1ndez-Valmayor (2000): <em><strong><a href=\"http:\/\/pubman.e-ucm.es\/drafts\/e-UCM_draft_26.pdf\">XML-based Integration of Hypermedia Design and Component-Based Techniques in the Production of Educational Applications<\/a><\/strong><\/em>. In Ortega, M.; Bravo, J.  (Eds). Computers and Education in the 21st Century, pages 229-239. Kluwer Academic Publishers.<\/li><br\/><h3>1999<\/h3><h4>Conferences<\/h4><li>Jos\u00e9 Luis Sierra, Alfredo Fern\u00e1ndez-Valmayor, Baltasar Fern\u00e1ndez-Manj\u00f3n, Antonio Navarro (1999): <em><strong>La Integraci\u00f3n de Documentos Marcados en Aplicaciones Hipermedia y su Relaci\u00f3n con <\/strong><\/em>. In Proceedings of the VIII Conferencia de la Asociaci\u00f3n Espa\u00f1ola para la Inteligencia Artificial \u2013 III Jornadas de Transferencia Tecnol\u00f3gica de Inteligencia Artificial, CAEPIA \u2013 TTIA&#039;99, Murcia, Spain.<\/li><\/ul>\n","protected":false},"excerpt":{"rendered":"<p>Professor \/ Titular de Universidad. PhD.<\/p>\n","protected":false},"author":3,"featured_media":2016,"parent":1152,"menu_order":0,"comment_status":"closed","ping_status":"open","template":"","meta":{"footnotes":""},"class_list":["post-2022","page","type-page","status-publish","has-post-thumbnail","hentry"],"_links":{"self":[{"href":"https:\/\/www.e-ucm.es\/es\/wp-json\/wp\/v2\/pages\/2022","targetHints":{"allow":["GET"]}}],"collection":[{"href":"https:\/\/www.e-ucm.es\/es\/wp-json\/wp\/v2\/pages"}],"about":[{"href":"https:\/\/www.e-ucm.es\/es\/wp-json\/wp\/v2\/types\/page"}],"author":[{"embeddable":true,"href":"https:\/\/www.e-ucm.es\/es\/wp-json\/wp\/v2\/users\/3"}],"replies":[{"embeddable":true,"href":"https:\/\/www.e-ucm.es\/es\/wp-json\/wp\/v2\/comments?post=2022"}],"version-history":[{"count":2,"href":"https:\/\/www.e-ucm.es\/es\/wp-json\/wp\/v2\/pages\/2022\/revisions"}],"predecessor-version":[{"id":2048,"href":"https:\/\/www.e-ucm.es\/es\/wp-json\/wp\/v2\/pages\/2022\/revisions\/2048"}],"up":[{"embeddable":true,"href":"https:\/\/www.e-ucm.es\/es\/wp-json\/wp\/v2\/pages\/1152"}],"wp:featuredmedia":[{"embeddable":true,"href":"https:\/\/www.e-ucm.es\/es\/wp-json\/wp\/v2\/media\/2016"}],"wp:attachment":[{"href":"https:\/\/www.e-ucm.es\/es\/wp-json\/wp\/v2\/media?parent=2022"}],"curies":[{"name":"wp","href":"https:\/\/api.w.org\/{rel}","templated":true}]}}