{"id":2042,"date":"2014-01-22T00:53:07","date_gmt":"2014-01-21T22:53:07","guid":{"rendered":"http:\/\/www.e-ucm.es\/people\/eugenio\/"},"modified":"2017-06-23T10:58:36","modified_gmt":"2017-06-23T08:58:36","slug":"eugenio","status":"publish","type":"page","link":"https:\/\/www.e-ucm.es\/es\/people\/antiguos-miembros\/eugenio\/","title":{"rendered":"Eugenio J Marchiori"},"content":{"rendered":"<ul><br\/><h3>2014<\/h3><h4>Journal<\/h4><li>Javier Torrente, Blanca Borro Escribano, Manuel Freire, \u00c1ngel del Blanco, Eugenio J. Marchiori, Iv\u00e1n Mart\u00ednez-Ortiz, Pablo Moreno-Ger, Baltasar Fern\u00e1ndez-Manj\u00f3n (2014): <em><strong><a href=\"http:\/\/pubman.e-ucm.es\/drafts\/e-UCM_draft_244.pdf\">Development of Game-Like Simulations for Procedural Knowledge in Healthcare Education<\/a><\/strong><\/em>. IEEE Transactions on Learning Technologies, 7(1), 69-82..<\/li><br\/><h3>2013<\/h3><h4>Journal<\/h4><li>Iv\u00e1n Mart\u00ednez-Ortiz, \u00c1ngel del Blanco, Javier Torrente, \u00c1ngel Serrano-Laguna, Pablo Moreno-Ger, Baltasar Fern\u00e1ndez-Manj\u00f3n, Eugenio J. Marchiori (2013): <em><strong><a href=\"http:\/\/pubman.e-ucm.es\/drafts\/e-UCM_draft_219.pdf\">Addressing Serious Games Interoperability:  The eAdventure Journey<\/a><\/strong><\/em>. Journal Of Advanced Distributed Learning Technology; 1 (1); pp. 60-76. http:\/\/jadlet.com\/magazine\/JADLeT-no1-april-2013.pdf.<\/li><li>\u00c1ngel del Blanco, Eugenio J. Marchiori, Javier Torrente, Iv\u00e1n Mart\u00ednez-Ortiz, Baltasar Fern\u00e1ndez-Manj\u00f3n (2013): <em><strong><a href=\"http:\/\/pubman.e-ucm.es\/drafts\/e-UCM_draft_224.pdf\">Using e-Learning standards in educational video games<\/a><\/strong><\/em>. Computer Standards &amp; Interfaces 36 (1) pp. 178\u2013187, DOI 10.1016\/j.csi.2013.06.002, November 2013\r\n.<\/li><li>Javier Torrente, Eugenio J. Marchiori, J. A. Vallejo-Pinto, Manuel Ortega-Moral, Pablo Moreno-Ger, Baltasar Fern\u00e1ndez-Manj\u00f3n (2013): <em><strong><a href=\"http:\/\/pubman.e-ucm.es\/drafts\/e-UCM_draft_242.pdf\">Evaluation of Three Accessible Interfaces for Educational Point-and-Click Computer Games<\/a><\/strong><\/em>. Accepted for publication in Journal of Research and Practice in Information Technology (JRPIT), In press. [JCR-SCI Index: 0.222 (2012)].<\/li><br\/><h3>2012<\/h3><h4>Journal<\/h4><li>\u00c1ngel del Blanco, Javier Torrente, Eugenio J. Marchiori, Iv\u00e1n Mart\u00ednez-Ortiz, Pablo Moreno-Ger, Baltasar Fern\u00e1ndez-Manj\u00f3n (2012): <em><strong><a href=\"http:\/\/pubman.e-ucm.es\/drafts\/e-UCM_draft_178.pdf\">A framework for simplifying educator tasks related to the integration of games in the learning flow<\/a><\/strong><\/em>. Education Technology &amp; Society 15(4), 305-318 [http:\/\/www.ifets.info\/journals\/15_4\/26.pdf].<\/li><li>Eugenio J. Marchiori, Javier Torrente, \u00c1ngel del Blanco, Pablo Moreno-Ger, Pilar Sancho, Baltasar Fern\u00e1ndez-Manj\u00f3n (2012): <em><strong><a href=\"http:\/\/pubman.e-ucm.es\/drafts\/e-UCM_draft_183.pdf\">A narrative metaphor to facilitate educational game authoring<\/a><\/strong><\/em>. Computers &amp; Education 58(1), 590\u2013599 (doi: 10.1016\/j.compedu.2011.09.017).<\/li><li>Baltasar Fern\u00e1ndez-Manj\u00f3n, Carmen Fern\u00e1ndez-Chamizo, Antonio Navarro, Pilar Sancho, Pablo Moreno-Ger, Iv\u00e1n Mart\u00ednez-Ortiz, Manuel Freire, Borja Manero, Eugenio J. Marchiori, Javier Torrente, \u00c1ngel del Blanco, \u00c1ngel Serrano-Laguna, Francisco Huertas, Fernando T\u00e9llez (2012): <em><strong><a href=\"http:\/\/pubman.e-ucm.es\/drafts\/e-UCM_draft_204.pdf\">e-UCM (Grupo de Investigaci\u00f3n en e-learning), UCM<\/a><\/strong><\/em>. IE Comunicaciones, Revista Iberoamericana de Inform\u00e1tica Educativa, N\u00famero 15, Enero-Junio, pp 37-46. .<\/li><li>Eugenio J. Marchiori, Gaspar Ferrer, Baltasar Fern\u00e1ndez-Manj\u00f3n, Javier Povar-Marco, Jos\u00e9 Ferm\u00edn Suberviola, Antonio Gim\u00e9nez-Valverde (2012): <em><strong><a href=\"http:\/\/pubman.e-ucm.es\/drafts\/e-UCM_draft_214.pdf\">Instrucci\u00f3n en maniobras de soporte vital b\u00e1sico mediante videojuegos a escolares: comparaci\u00f3n de resultados frente a un grupo control<\/a><\/strong><\/em>. EMERGENCIAS 2012;24:433-437. [JCR-SCI 2011:2.486, 3\/24 EMERGENCY MEDICINE (Q1)]\r\n\r\nTambien publicado en ingl\u00e9s: Marchiori EJ, Ferrer G, Fern\u00e1ndez-Manj\u00f3n B, Povar Marco J, Suberviola Gonz\u00e1lez JF, Gim\u00e9nez Valverde A. Video-game instruction in basic life support maneuvers. Emergencias. 2012;24:433-7 [Accesible en http:\/\/www.semes.org\/revista_EMERGENCIAS\/numeros-anteriores\/volumen-24\/numero-6\/video-game-instruction-in-basic-life-support-maneuvers\/english\/].<\/li><h4>Conferences<\/h4><li>\u00c1ngel Serrano-Laguna, Eugenio J. Marchiori, \u00c1ngel del Blanco, Javier Torrente, Baltasar Fern\u00e1ndez-Manj\u00f3n (2012): <em><strong><a href=\"http:\/\/pubman.e-ucm.es\/drafts\/e-UCM_draft_199.pdf\">A framework to improve evaluation in educational games<\/a><\/strong><\/em>. In Proceedings of the IEEE Engineering Education Conference (EDUCON), Marrakesh, Morocco, April.<\/li><li>Eugenio J. Marchiori, \u00c1ngel Serrano-Laguna, \u00c1ngel del Blanco, Iv\u00e1n Mart\u00ednez-Ortiz, Baltasar Fern\u00e1ndez-Manj\u00f3n (2012): <em><strong><a href=\"http:\/\/pubman.e-ucm.es\/drafts\/e-UCM_draft_200.pdf\">Integrating domain experts in educational game authoring: a case study<\/a><\/strong><\/em>. In proceedings of the 2012 Fourth IEEE International Conference On Digital Game And Intelligent Toy Enhanced Learning (DIGITEL 2012), pp. 72-76, Takamatsu (Japan). March 27-30 2012. (doi: 10.1109\/DIGITEL.2012.20) .<\/li><li>Javier Torrente, Eugenio J. Marchiori, J. A. Vallejo-Pinto, Manuel Ortega-Moral, Pablo Moreno-Ger, Baltasar Fern\u00e1ndez-Manj\u00f3n (2012): <em><strong><a href=\"http:\/\/pubman.e-ucm.es\/drafts\/e-UCM_draft_207.pdf\">Eyes-free Interfaces for Educational Games<\/a><\/strong><\/em>. International Symposium on Computers in Education (SIIE),  October 29-31, 2012, Andorra la Vella, Andorra. Available at IEEE Xplore [http:\/\/goo.gl\/409Jx].<\/li><li>Javier Torrente, Eugenio J. Marchiori, J. A. Vallejo-Pinto, Manuel Ortega-Moral, Pablo Moreno-Ger, Baltasar Fern\u00e1ndez-Manj\u00f3n (2012): <em><strong><a href=\"http:\/\/pubman.e-ucm.es\/drafts\/e-UCM_draft_209.pdf\">Preliminary Evaluation of Three Eyes-Free Interfaces for Point-and-Click Computer Games<\/a><\/strong><\/em>. The 14th ACM SIGACCESS International Conference on Computers and Accessibility, 22-24 October 2012, Boulder, Colorado..<\/li><br\/><h3>2011<\/h3><h4>Journal<\/h4><li>Eugenio J. Marchiori, \u00c1ngel del Blanco, Javier Torrente, Iv\u00e1n Mart\u00ednez-Ortiz, Baltasar Fern\u00e1ndez-Manj\u00f3n (2011): <em><strong><a href=\"http:\/\/pubman.e-ucm.es\/drafts\/e-UCM_draft_182.pdf\">A visual language for the creation of narrative educational games<\/a><\/strong><\/em>. Journal of Visual Languages &amp; Computing, 22(6) pp. 443-452 (doi:10.1016\/j.jvlc.2011.09.001)..<\/li><h4>Conferences<\/h4><li>Pilar Sancho, Javier Torrente, Eugenio J. Marchiori, Baltasar Fern\u00e1ndez-Manj\u00f3n (2011): <em><strong><a href=\"http:\/\/pubman.e-ucm.es\/drafts\/e-UCM_draft_175.pdf\">Enhancing Moodle to Support Problem Based Learning: The NUCLEO Experience<\/a><\/strong><\/em>. In proceedings of the 2011 IEEE Global Engineering Education Conference (EDUCON 2011), pp. 1177-1182, Amman (Jordan), April 4-6 2011 (doi: 10.1109\/educon.2011.5773296).<\/li><li>Eugenio J. Marchiori, \u00c1ngel Serrano-Laguna, Javier Torrente, Iv\u00e1n Mart\u00ednez-Ortiz, Baltasar Fern\u00e1ndez-Manj\u00f3n (2011): <em><strong><a href=\"http:\/\/pubman.e-ucm.es\/drafts\/e-UCM_draft_181.pdf\">Extensible multi-platform educational game framework<\/a><\/strong><\/em>. In proceedings of the 10th International Conference on Web-based Learning (ICWL 2011), Hong Kong, China, December 8-10, 2011..<\/li><li>\u00c1ngel Serrano-Laguna, Eugenio J. Marchiori, \u00c1ngel del Blanco, Iv\u00e1n Mart\u00ednez-Ortiz, Baltasar Fern\u00e1ndez-Manj\u00f3n (2011): <em><strong><a href=\"http:\/\/pubman.e-ucm.es\/drafts\/e-UCM_draft_206.pdf\">Integration of a Physics Engine into an Adventure Game Platform<\/a><\/strong><\/em>. In proceedings of New Trends in Engineering Education Workshop, pp 5-10. In Conjuction with the VII International Conference on Engineering and Computer Education - ICECE 2011, Guimar\u00e3es, (Portugal), September 28..<\/li><br\/><h3>2010<\/h3><h4>Journal<\/h4><li>Eugenio J. Marchiori, Javier Torrente, \u00c1ngel del Blanco, Pablo Moreno-Ger, Baltasar Fern\u00e1ndez-Manj\u00f3n (2010): <em><strong><a href=\"http:\/\/pubman.e-ucm.es\/drafts\/e-UCM_draft_159.pdf\">A Visual Domain Specific Language for the Creation of Educational Video Games<\/a><\/strong><\/em>. IEEE Learning Technology Newsletter, Vol. 12, No. 1, January 2010 (Special Issue on Game-Based Learning), pp. 36-39.<\/li><h4>Conferences<\/h4><li>Javier Torrente, \u00c1ngel del Blanco, Eugenio J. Marchiori, Pablo Moreno-Ger, Baltasar Fern\u00e1ndez-Manj\u00f3n (2010): <em><strong><a href=\"http:\/\/pubman.e-ucm.es\/drafts\/e-UCM_draft_158.pdf\">&lt;e-Adventure&gt;: Introducing Educational Games in the Learning Process <\/a><\/strong><\/em>. Accepted for publication in the Proceedings of the IEEE EDUCON 2010 Conference (Special issue e-Madrid), 14-16 April 2010, Madrid, Spain.<\/li><li>Eugenio J. Marchiori, Javier Torrente, \u00c1ngel del Blanco, Iv\u00e1n Mart\u00ednez-Ortiz, Baltasar Fern\u00e1ndez-Manj\u00f3n (2010): <em><strong><a href=\"http:\/\/pubman.e-ucm.es\/drafts\/e-UCM_draft_167.pdf\">Extending a Game Authoring Tool for Ubiquitous Education<\/a><\/strong><\/em>. In proceedings of the UMedia 2010 conference, to be held in Zhejiang Normal University, Jinhua, China, July 5-7, 2010..<\/li><li>\u00c1ngel del Blanco, Javier Torrente, Eugenio J. Marchiori, Iv\u00e1n Mart\u00ednez-Ortiz, Pablo Moreno-Ger, Baltasar Fern\u00e1ndez-Manj\u00f3n (2010): <em><strong><a href=\"http:\/\/pubman.e-ucm.es\/drafts\/e-UCM_draft_170.pdf\">Easing Assessment of Game-based Learning with &lt;e-Adventure&gt; and LAMS<\/a><\/strong><\/em>. In proceedings of the ACM International Workshop on Multimedia Technologies for Distance Learning (MTDL 2010), pp 25-30. In Conjunction with the ACM International Conference on Multimedia, October 2010, Firenze, Italy.\r\n\r\n\r\n.<\/li><li>\u00c1ngel del Blanco, Eugenio J. Marchiori, Baltasar Fern\u00e1ndez-Manj\u00f3n (2010): <em><strong><a href=\"http:\/\/pubman.e-ucm.es\/drafts\/e-UCM_draft_171.pdf\">Adventure Games and Language Learning<\/a><\/strong><\/em>. First International Workshop on Technological Innovation for Specialized Linguistic Domains: Theoretical and Methodological Perspectives (TISLID 10), 243-254. Madrid,  Spain, October 21-22 2010.<\/li><\/ul>\n","protected":false},"excerpt":{"rendered":"","protected":false},"author":3,"featured_media":2040,"parent":7605,"menu_order":0,"comment_status":"closed","ping_status":"closed","template":"","meta":{"footnotes":""},"class_list":["post-2042","page","type-page","status-publish","has-post-thumbnail","hentry"],"_links":{"self":[{"href":"https:\/\/www.e-ucm.es\/es\/wp-json\/wp\/v2\/pages\/2042","targetHints":{"allow":["GET"]}}],"collection":[{"href":"https:\/\/www.e-ucm.es\/es\/wp-json\/wp\/v2\/pages"}],"about":[{"href":"https:\/\/www.e-ucm.es\/es\/wp-json\/wp\/v2\/types\/page"}],"author":[{"embeddable":true,"href":"https:\/\/www.e-ucm.es\/es\/wp-json\/wp\/v2\/users\/3"}],"replies":[{"embeddable":true,"href":"https:\/\/www.e-ucm.es\/es\/wp-json\/wp\/v2\/comments?post=2042"}],"version-history":[{"count":1,"href":"https:\/\/www.e-ucm.es\/es\/wp-json\/wp\/v2\/pages\/2042\/revisions"}],"predecessor-version":[{"id":2043,"href":"https:\/\/www.e-ucm.es\/es\/wp-json\/wp\/v2\/pages\/2042\/revisions\/2043"}],"up":[{"embeddable":true,"href":"https:\/\/www.e-ucm.es\/es\/wp-json\/wp\/v2\/pages\/7605"}],"wp:featuredmedia":[{"embeddable":true,"href":"https:\/\/www.e-ucm.es\/es\/wp-json\/wp\/v2\/media\/2040"}],"wp:attachment":[{"href":"https:\/\/www.e-ucm.es\/es\/wp-json\/wp\/v2\/media?parent=2042"}],"curies":[{"name":"wp","href":"https:\/\/api.w.org\/{rel}","templated":true}]}}