{"id":2187,"date":"2014-01-23T12:36:08","date_gmt":"2014-01-23T10:36:08","guid":{"rendered":"http:\/\/www.e-ucm.es\/?page_id=2187"},"modified":"2014-01-23T16:43:53","modified_gmt":"2014-01-23T14:43:53","slug":"angel-dba-papers","status":"publish","type":"page","link":"https:\/\/www.e-ucm.es\/es\/people\/angeldba\/angel-dba-papers\/","title":{"rendered":"\u00c1ngel del Blanco&#8217;s papers"},"content":{"rendered":"<ul><br\/><h3>2017<\/h3><h4>Journal<\/h4><li>\u00c1ngel del Blanco, Javier Torrente, Baltasar Fern\u00e1ndez-Manj\u00f3n, Pedro Ruiz, Manuel Giner (2017): <em><strong><a href=\"http:\/\/pubman.e-ucm.es\/drafts\/e-UCM_draft_305.pdf\">Using a videogame to facilitate nursing and medical students first visit to the operating theatre. A randomized controlled trial<\/a><\/strong><\/em>. Nurse Education Today, 55 pp 45\u201353, doi:10.1016\/j.nedt.2017.04.026,  [IF 2,533, JCR, Q1, EDUCATION, SCIENTIFIC DISCIPLINES ].<\/li><li>David Mart\u00ednez-Pern\u00eda, Javier N\u00fa\u00f1ez-Huasaf, \u00c1ngel del Blanco, Amparo Ruiz-Tagle, Juan Vel\u00e1squez, Mariela Gomez, Carl Blesius, Agustin Iba\u00f1ez, Baltasar Fern\u00e1ndez-Manj\u00f3n, Andrea Slachevsky (2017): <em><strong><a href=\"http:\/\/pubman.e-ucm.es\/drafts\/e-UCM_draft_317.pdf\">Using game authoring platforms to develop screen-based simulated functional assessments in persons with executive dysfunction following traumatic brain injury<\/a><\/strong><\/em>. Journal of Biomedical Informatics, Volume 74, 2017, Pages 71-84, ISSN 1532-0464, http:\/\/dx.doi.org\/10.1016\/j.jbi.2017.08.012 [JCR IF(2017): 2.882, Q1].<\/li><br\/><h3>2015<\/h3><h4>Journal<\/h4><li>Blanca Borro Escribano, \u00c1ngel del Blanco, Javier Torrente, J.M. Borro Mate, Baltasar Fern\u00e1ndez-Manj\u00f3n (2015): <em><strong><a href=\"http:\/\/pubman.e-ucm.es\/drafts\/e-UCM_draft_269.pdf\">Educational Game Development Approach to a Particular Case: The Donor\u2019s Evaluation<\/a><\/strong><\/em>. Transplantation Proceedings, 47, 13-18 (2015). http:\/\/dx.doi.org\/10.1016\/j.transproceed.2014.11.006. [IF 0.984 JCR-SCI 2013. 144\/204 (Q3) in category SURGERY]..<\/li><br\/><h3>2014<\/h3><h4>Journal<\/h4><li>Blanca Borro Escribano, \u00c1ngel del Blanco, Javier Torrente, Itziar Mart\u00ednez Alpuente, Baltasar Fern\u00e1ndez-Manj\u00f3n (2014): <em><strong><a href=\"http:\/\/pubman.e-ucm.es\/drafts\/e-UCM_draft_241.pdf\">Developing game-like simulations to formalize tacit procedural knowledge: The ONT Experience<\/a><\/strong><\/em>. Educational Technology Research &amp; Development. Vol 62(2) pp 227-243, Springer. DOI: 10.1007\/s11423-013-9321-6.  [SCI-JCR:1.155 (2012)]..<\/li><li>Javier Torrente, \u00c1ngel del Blanco, \u00c1ngel Serrano-Laguna, J. A. Vallejo-Pinto, Pablo Moreno-Ger, Baltasar Fern\u00e1ndez-Manj\u00f3n (2014): <em><strong><a href=\"http:\/\/pubman.e-ucm.es\/drafts\/e-UCM_draft_243.pdf\">Towards a Low Cost Adaptation of Educational Games for People with Disabilities<\/a><\/strong><\/em>. Computer Science and Information Systems (ComSIS), 11(1), pp. 369-391, January 2014. [SCI-JCR:0.549 (2012)]..<\/li><li>Javier Torrente, Blanca Borro Escribano, Manuel Freire, \u00c1ngel del Blanco, Eugenio J. Marchiori, Iv\u00e1n Mart\u00ednez-Ortiz, Pablo Moreno-Ger, Baltasar Fern\u00e1ndez-Manj\u00f3n (2014): <em><strong><a href=\"http:\/\/pubman.e-ucm.es\/drafts\/e-UCM_draft_244.pdf\">Development of Game-Like Simulations for Procedural Knowledge in Healthcare Education<\/a><\/strong><\/em>. IEEE Transactions on Learning Technologies, 7(1), 69-82..<\/li><h4>Conferences<\/h4><li>\u00c1ngel Serrano-Laguna, Javier Torrente, Borja Manero, \u00c1ngel del Blanco, Blanca Borro Escribano, Iv\u00e1n Mart\u00ednez-Ortiz, Manuel Freire, Baltasar Fern\u00e1ndez-Manj\u00f3n (2014): <em><strong><a href=\"http:\/\/pubman.e-ucm.es\/drafts\/e-UCM_draft_239.pdf\">Learning Analytics and Educational Games: Lessons Learned from Practical Experience<\/a><\/strong><\/em>. GaLA Conference, Paris, 23-25 October. LNCS 8605, pp. 16\u201328, 2014. DOI: 10.1007\/978-3-319-12157-4_2.<\/li><li>Blanca Borro Escribano, Javier Torrente, \u00c1ngel del Blanco, Baltasar Fern\u00e1ndez-Manj\u00f3n, Itziar Mart\u00ednez Alpuente, Rafael Matesanz (2014): <em><strong><a href=\"http:\/\/pubman.e-ucm.es\/drafts\/e-UCM_draft_246.pdf\">Expert User Validation of Transplant Management Procedure Simulations<\/a><\/strong><\/em>. IEEE 3rd International Conference on Serious Games and Applications for Health. Rio de Janeiro, Brazil (May 2014)..<\/li><li>Javier Torrente, \u00c1ngel Serrano-Laguna, \u00c1ngel del Blanco, Pablo Moreno-Ger, Baltasar Fern\u00e1ndez-Manj\u00f3n (2014): <em><strong><a href=\"http:\/\/pubman.e-ucm.es\/drafts\/e-UCM_draft_249.pdf\">Development of a Game Engine for Accessible Web-Based Games<\/a><\/strong><\/em>. Games And Learning Alliance Conference (GALA) 2013, 23-25 October 2013, Paris, France. LNCS 8605, pp. 107\u2013115. DOI: 10.1007\/978-3-319-12157-4_9.<\/li><li>Manuel Freire, \u00c1ngel del Blanco, Baltasar Fern\u00e1ndez-Manj\u00f3n (2014): <em><strong><a href=\"http:\/\/pubman.e-ucm.es\/drafts\/e-UCM_draft_256.pdf\">Serious Games as edX MOOC Activities<\/a><\/strong><\/em>. Proceedings of the 2014 IEEE Global Engineering Education Conference (EDUCON) Page 867-871 ISBN: 978-1-4799-3190-3.<\/li><li>Blanca Borro Escribano, Javier Torrente, \u00c1ngel del Blanco, Jose Mar\u00eda Borro Mat\u00e9, Baltasar Fern\u00e1ndez-Manj\u00f3n (2014): <em><strong>Desarrollo de una simulaci\u00f3n m\u00e9dica para representar el proceso de coordinaci\u00f3n intrahospitalaria<\/strong><\/em>. III Congreso de la Sociedad Espa\u00f1ola de Trasplante. Valencia 8-10 de Junio de 2014.<\/li><h4>Other<\/h4><li>Javier Torrente, \u00c1ngel del Blanco, Pablo Moreno-Ger, Iv\u00e1n Mart\u00ednez-Ortiz, Baltasar Fern\u00e1ndez-Manj\u00f3n (2014): <em><strong><a href=\"http:\/\/pubman.e-ucm.es\/drafts\/e-UCM_draft_247.pdf\">Accessible Games and Education:  Accessibility Experiences with eAdventure<\/a><\/strong><\/em>. In Fun for All: Translation and Accessibility Practices in Video Games, Carmen Mangiron, Pilar Orero, Minako O\u2019Hagan (Eds.), pp. 67-90. Peter Lang AG, International Academic Publishers, Bern (Switzerland). ISBN 978-3-0343-1450-3..<\/li><li>\u00c1ngel del Blanco (2014): <em><strong><a href=\"http:\/\/pubman.e-ucm.es\/drafts\/e-UCM_draft_263.pdf\">Aplicaci\u00f3n de Est\u00e1ndares de E-Learning para la Integraci\u00f3n de Videojuegos Educativos en el Flujo de la Ense\u00f1anza<\/a><\/strong><\/em>. Tesis Doctoral. Universidad Complutense de Madrid.<\/li><br\/><h3>2013<\/h3><h4>Journal<\/h4><li>\u00c1ngel del Blanco, Baltasar Fern\u00e1ndez-Manj\u00f3n, Pedro Ruiz, Manuel Giner (2013): <em><strong> Using videogames facilitates the \ufb01rst visit to the operating theatre<\/strong><\/em>. Medical Education.  Vol 47, Issue 5, pp. 519-520 .<\/li><li>Iv\u00e1n Mart\u00ednez-Ortiz, \u00c1ngel del Blanco, Javier Torrente, \u00c1ngel Serrano-Laguna, Pablo Moreno-Ger, Baltasar Fern\u00e1ndez-Manj\u00f3n, Eugenio J. Marchiori (2013): <em><strong><a href=\"http:\/\/pubman.e-ucm.es\/drafts\/e-UCM_draft_219.pdf\">Addressing Serious Games Interoperability:  The eAdventure Journey<\/a><\/strong><\/em>. Journal Of Advanced Distributed Learning Technology; 1 (1); pp. 60-76. http:\/\/jadlet.com\/magazine\/JADLeT-no1-april-2013.pdf.<\/li><li>\u00c1ngel del Blanco, Eugenio J. Marchiori, Javier Torrente, Iv\u00e1n Mart\u00ednez-Ortiz, Baltasar Fern\u00e1ndez-Manj\u00f3n (2013): <em><strong><a href=\"http:\/\/pubman.e-ucm.es\/drafts\/e-UCM_draft_224.pdf\">Using e-Learning standards in educational video games<\/a><\/strong><\/em>. Computer Standards &amp; Interfaces 36 (1) pp. 178\u2013187, DOI 10.1016\/j.csi.2013.06.002, November 2013\r\n.<\/li><li>Blanca Borro Escribano, Itziar Martinez Alpuente, \u00c1ngel del Blanco, Javier Torrente, Baltasar Fern\u00e1ndez-Manj\u00f3n, Rafael Matesanz Acedos (2013): <em><strong><a href=\"http:\/\/pubman.e-ucm.es\/drafts\/e-UCM_draft_229.pdf\">APPLICATION OF GAME-LIKE SIMULATIONS IN THE SPANISH TRANSPLANT NATIONAL ORGANIZATION<\/a><\/strong><\/em>. Transplantation Proceedings  [http:\/\/www.journals.elsevier.com\/transplantation-proceedings\/].<\/li><h4>Conferences<\/h4><li>\u00c1ngel del Blanco, \u00c1ngel Serrano-Laguna, Iv\u00e1n Mart\u00ednez-Ortiz, Baltasar Fern\u00e1ndez-Manj\u00f3n, Ioana Andreea Stanescu (2013): <em><strong><a href=\"http:\/\/pubman.e-ucm.es\/drafts\/e-UCM_draft_220.pdf\">INTEGRATING SERIOUS GAMES INTO E-LEARNING PLATFORMS: PRESENT AND FUTURE<\/a><\/strong><\/em>. The 9th International Scientific Conference eLearning and software for Education Bucharest, April 25-26, 2013 10.12753\/2066-026X-13-145.<\/li><li>\u00c1ngel del Blanco, \u00c1ngel Serrano-Laguna, Manuel Freire, Iv\u00e1n Mart\u00ednez-Ortiz, Baltasar Fern\u00e1ndez-Manj\u00f3n (2013): <em><strong><a href=\"http:\/\/pubman.e-ucm.es\/drafts\/e-UCM_draft_223.pdf\">E-Learning Standards and Learning Analytics. Can Data Collection Be Improved by Using Standard Data Models?<\/a><\/strong><\/em>. In Proceedings of the IEEE Engineering Education Conference (EDUCON), pp 1255-1261, Berlin, Germany, March 13-15..<\/li><li>Blanca Borro Escribano, \u00c1ngel del Blanco, Baltasar Fern\u00e1ndez-Manj\u00f3n, Itziar Mart\u00ednez Alpuente, Beatriz Dom\u00ednguez Gil, Rafael Matesanz (2013): <em><strong><a href=\"http:\/\/pubman.e-ucm.es\/drafts\/e-UCM_draft_240.pdf\">Using Low - cost computer - based simulations in the Spanish National Transplant Procedures<\/a><\/strong><\/em>. In Proceedings 2013 IEEE 15th International Conference on e-Health Networking, Applications and Services, Healthcom 2013 , art. no. 6720645, pp 90-94, ISBN 978-1-4673-5800-2.<\/li><br\/><h3>2012<\/h3><h4>Journal<\/h4><li>\u00c1ngel del Blanco, Javier Torrente, Eugenio J. Marchiori, Iv\u00e1n Mart\u00ednez-Ortiz, Pablo Moreno-Ger, Baltasar Fern\u00e1ndez-Manj\u00f3n (2012): <em><strong><a href=\"http:\/\/pubman.e-ucm.es\/drafts\/e-UCM_draft_178.pdf\">A framework for simplifying educator tasks related to the integration of games in the learning flow<\/a><\/strong><\/em>. Education Technology &amp; Society 15(4), 305-318 [http:\/\/www.ifets.info\/journals\/15_4\/26.pdf].<\/li><li>Eugenio J. Marchiori, Javier Torrente, \u00c1ngel del Blanco, Pablo Moreno-Ger, Pilar Sancho, Baltasar Fern\u00e1ndez-Manj\u00f3n (2012): <em><strong><a href=\"http:\/\/pubman.e-ucm.es\/drafts\/e-UCM_draft_183.pdf\">A narrative metaphor to facilitate educational game authoring<\/a><\/strong><\/em>. Computers &amp; Education 58(1), 590\u2013599 (doi: 10.1016\/j.compedu.2011.09.017).<\/li><li>Baltasar Fern\u00e1ndez-Manj\u00f3n, Carmen Fern\u00e1ndez-Chamizo, Antonio Navarro, Pilar Sancho, Pablo Moreno-Ger, Iv\u00e1n Mart\u00ednez-Ortiz, Manuel Freire, Borja Manero, Eugenio J. Marchiori, Javier Torrente, \u00c1ngel del Blanco, \u00c1ngel Serrano-Laguna, Francisco Huertas, Fernando T\u00e9llez (2012): <em><strong><a href=\"http:\/\/pubman.e-ucm.es\/drafts\/e-UCM_draft_204.pdf\">e-UCM (Grupo de Investigaci\u00f3n en e-learning), UCM<\/a><\/strong><\/em>. IE Comunicaciones, Revista Iberoamericana de Inform\u00e1tica Educativa, N\u00famero 15, Enero-Junio, pp 37-46. .<\/li><h4>Conferences<\/h4><li>\u00c1ngel Serrano-Laguna, Eugenio J. Marchiori, \u00c1ngel del Blanco, Javier Torrente, Baltasar Fern\u00e1ndez-Manj\u00f3n (2012): <em><strong><a href=\"http:\/\/pubman.e-ucm.es\/drafts\/e-UCM_draft_199.pdf\">A framework to improve evaluation in educational games<\/a><\/strong><\/em>. In Proceedings of the IEEE Engineering Education Conference (EDUCON), Marrakesh, Morocco, April.<\/li><li>Eugenio J. Marchiori, \u00c1ngel Serrano-Laguna, \u00c1ngel del Blanco, Iv\u00e1n Mart\u00ednez-Ortiz, Baltasar Fern\u00e1ndez-Manj\u00f3n (2012): <em><strong><a href=\"http:\/\/pubman.e-ucm.es\/drafts\/e-UCM_draft_200.pdf\">Integrating domain experts in educational game authoring: a case study<\/a><\/strong><\/em>. In proceedings of the 2012 Fourth IEEE International Conference On Digital Game And Intelligent Toy Enhanced Learning (DIGITEL 2012), pp. 72-76, Takamatsu (Japan). March 27-30 2012. (doi: 10.1109\/DIGITEL.2012.20) .<\/li><li>\u00c1ngel del Blanco, Javier Torrente, \u00c1ngel Serrano-Laguna, Iv\u00e1n Mart\u00ednez-Ortiz, Baltasar Fern\u00e1ndez-Manj\u00f3n (2012): <em><strong><a href=\"http:\/\/pubman.e-ucm.es\/drafts\/e-UCM_draft_201.pdf\">Deploying and Debugging Educational Games Using e-Learning Standards<\/a><\/strong><\/em>. n Proceedings of the IEEE Engineering Education Conference (EDUCON), pp 1113-  1118, Marrakesh, Morocco, April 20-22\r\n.<\/li><li>Javier Torrente, \u00c1ngel del Blanco, \u00c1ngel Serrano-Laguna, J. A. Vallejo-Pinto, Pablo Moreno-Ger, Baltasar Fern\u00e1ndez-Manj\u00f3n (2012): <em><strong><a href=\"http:\/\/pubman.e-ucm.es\/drafts\/e-UCM_draft_205.pdf\">Towards Universal Game Development in Education: Automatic and Semiautomatic Methodologies<\/a><\/strong><\/em>. E. Popescu et al. (Eds):ICWL 2012, LNCS 7558, pp. 160-169, 2012. Proceedings of the 11th International Conference on Web-based Learning (ICWL 2012), 2-4 September 2012, Sinaia, Romania. .<\/li><li>Javier Torrente, \u00c1ngel del Blanco, Pablo Moreno-Ger, Baltasar Fern\u00e1ndez-Manj\u00f3n (2012): <em><strong><a href=\"http:\/\/pubman.e-ucm.es\/drafts\/e-UCM_draft_208.pdf\">Designing Serious Games for Adult Students with Cognitive Disabilities<\/a><\/strong><\/em>. In proceedings of the 19th International Conference on Neural Information Processing (ICONIP2012), Part IV. LNCS 7666, pp. 603-610, November 12-15, 2012. Doha, Qatar.<\/li><li>Blanca Borro Escribano, Itziar Martinez Alpuente, \u00c1ngel del Blanco, Beatriz Dom\u00ednguez Gil, Baltasar Fern\u00e1ndez-Manj\u00f3n, Rafael Matesanz Acedos (2012): <em><strong>APPLICATION OF LOW-COST SCREEN-BASED SIMULATIONS IN THE SPANISH NATIONAL TRANSPLANT ORGANIZATION<\/strong><\/em>. 2012 European Organ Donation Congress. Dubrovnik, Croatia, 5-7 October.<\/li><h4>Other<\/h4><li>Javier Torrente, \u00c1ngel del Blanco, Manuel Ortega-Moral, Lorena Bourg, Baltasar Fern\u00e1ndez-Manj\u00f3n (2012): <em><strong><a href=\"http:\/\/pubman.e-ucm.es\/drafts\/e-UCM_draft_202.pdf\">Juegos accesibles y la integraci\u00f3n laboral<\/a><\/strong><\/em>. Cap\u00edtulo 4.6 del Informe &quot;Buenas pr\u00e1cticas de accesibilidad en videojuegos&quot;, editado por el Centro de Referencia Estatal de Autonom\u00eda Personal y Ayudas T\u00e9cnicas (CEAPAT), P\u00e1gs 124-130. ISBN:978-84-8446-135-7..<\/li><br\/><h3>2011<\/h3><h4>Journal<\/h4><li>\u00c1ngel del Blanco, Javier Torrente, Iv\u00e1n Mart\u00ednez-Ortiz, Baltasar Fern\u00e1ndez-Manj\u00f3n (2011): <em><strong><a href=\"http:\/\/pubman.e-ucm.es\/drafts\/e-UCM_draft_180.pdf\">An\u00e1lisis del Uso del Est\u00e1ndar SCORM para la Integraci\u00f3n de Juegos Educativos<\/a><\/strong><\/em>. IEEE-RITA 6(3), 118-127, ISSN: 1932-8540.<\/li><li>Eugenio J. Marchiori, \u00c1ngel del Blanco, Javier Torrente, Iv\u00e1n Mart\u00ednez-Ortiz, Baltasar Fern\u00e1ndez-Manj\u00f3n (2011): <em><strong><a href=\"http:\/\/pubman.e-ucm.es\/drafts\/e-UCM_draft_182.pdf\">A visual language for the creation of narrative educational games<\/a><\/strong><\/em>. Journal of Visual Languages &amp; Computing, 22(6) pp. 443-452 (doi:10.1016\/j.jvlc.2011.09.001)..<\/li><h4>Conferences<\/h4><li>\u00c1ngel Serrano-Laguna, Eugenio J. Marchiori, \u00c1ngel del Blanco, Iv\u00e1n Mart\u00ednez-Ortiz, Baltasar Fern\u00e1ndez-Manj\u00f3n (2011): <em><strong><a href=\"http:\/\/pubman.e-ucm.es\/drafts\/e-UCM_draft_206.pdf\">Integration of a Physics Engine into an Adventure Game Platform<\/a><\/strong><\/em>. In proceedings of New Trends in Engineering Education Workshop, pp 5-10. In Conjuction with the VII International Conference on Engineering and Computer Education - ICECE 2011, Guimar\u00e3es, (Portugal), September 28..<\/li><h4>Other<\/h4><li>\u00c1ngel del Blanco, Javier Torrente, Pablo Moreno-Ger, Baltasar Fern\u00e1ndez-Manj\u00f3n (2011): <em><strong><a href=\"http:\/\/pubman.e-ucm.es\/drafts\/e-UCM_draft_184.pdf\">Enhancing Adaptive Learning and Assessment in Virtual Learning Environments with Educational Games <\/a><\/strong><\/em>. In Quin Jin (Ed.) IJDET - Intelligent Learning Systems and Advancements in Computer-Aided Instruction: Emerging Studies,  ISBN10: 1613504837,  pp.144-163.<\/li><br\/><h3>2010<\/h3><h4>Journal<\/h4><li>Eugenio J. Marchiori, Javier Torrente, \u00c1ngel del Blanco, Pablo Moreno-Ger, Baltasar Fern\u00e1ndez-Manj\u00f3n (2010): <em><strong><a href=\"http:\/\/pubman.e-ucm.es\/drafts\/e-UCM_draft_159.pdf\">A Visual Domain Specific Language for the Creation of Educational Video Games<\/a><\/strong><\/em>. IEEE Learning Technology Newsletter, Vol. 12, No. 1, January 2010 (Special Issue on Game-Based Learning), pp. 36-39.<\/li><li>\u00c1ngel del Blanco, Javier Torrente, Pablo Moreno-Ger, Baltasar Fern\u00e1ndez-Manj\u00f3n (2010): <em><strong><a href=\"http:\/\/pubman.e-ucm.es\/drafts\/e-UCM_draft_169.pdf\">Integrating Adaptive Games in Student- Centered Virtual Learning Environments<\/a><\/strong><\/em>. International Journal of Distance Education Technologies, 8(3), 1-15.<\/li><h4>Conferences<\/h4><li>Javier Torrente, \u00c1ngel del Blanco, Eugenio J. Marchiori, Pablo Moreno-Ger, Baltasar Fern\u00e1ndez-Manj\u00f3n (2010): <em><strong><a href=\"http:\/\/pubman.e-ucm.es\/drafts\/e-UCM_draft_158.pdf\">&lt;e-Adventure&gt;: Introducing Educational Games in the Learning Process <\/a><\/strong><\/em>. Accepted for publication in the Proceedings of the IEEE EDUCON 2010 Conference (Special issue e-Madrid), 14-16 April 2010, Madrid, Spain.<\/li><li>\u00c1ngel del Blanco, Javier Torrente, Pablo Moreno-Ger, Baltasar Fern\u00e1ndez-Manj\u00f3n (2010): <em><strong><a href=\"http:\/\/pubman.e-ucm.es\/drafts\/e-UCM_draft_163.pdf\">Towards the Generalization of Game-based Learning: Integrating Educational Video Games in LAMS<\/a><\/strong><\/em>. In Proceedings of the 10th International Conference on Advanced Learning Technologies (ICALT 2010), July 5-7 2010, Sousse, Tunisia.<\/li><li>Eugenio J. Marchiori, Javier Torrente, \u00c1ngel del Blanco, Iv\u00e1n Mart\u00ednez-Ortiz, Baltasar Fern\u00e1ndez-Manj\u00f3n (2010): <em><strong><a href=\"http:\/\/pubman.e-ucm.es\/drafts\/e-UCM_draft_167.pdf\">Extending a Game Authoring Tool for Ubiquitous Education<\/a><\/strong><\/em>. In proceedings of the UMedia 2010 conference, to be held in Zhejiang Normal University, Jinhua, China, July 5-7, 2010..<\/li><li>\u00c1ngel del Blanco, Javier Torrente, Eugenio J. Marchiori, Iv\u00e1n Mart\u00ednez-Ortiz, Pablo Moreno-Ger, Baltasar Fern\u00e1ndez-Manj\u00f3n (2010): <em><strong><a href=\"http:\/\/pubman.e-ucm.es\/drafts\/e-UCM_draft_170.pdf\">Easing Assessment of Game-based Learning with &lt;e-Adventure&gt; and LAMS<\/a><\/strong><\/em>. In proceedings of the ACM International Workshop on Multimedia Technologies for Distance Learning (MTDL 2010), pp 25-30. In Conjunction with the ACM International Conference on Multimedia, October 2010, Firenze, Italy.\r\n\r\n\r\n.<\/li><li>\u00c1ngel del Blanco, Eugenio J. Marchiori, Baltasar Fern\u00e1ndez-Manj\u00f3n (2010): <em><strong><a href=\"http:\/\/pubman.e-ucm.es\/drafts\/e-UCM_draft_171.pdf\">Adventure Games and Language Learning<\/a><\/strong><\/em>. First International Workshop on Technological Innovation for Specialized Linguistic Domains: Theoretical and Methodological Perspectives (TISLID 10), 243-254. Madrid,  Spain, October 21-22 2010.<\/li><li>\u00c1ngel del Blanco, Javier Torrente, Baltasar Fern\u00e1ndez-Manj\u00f3n (2010): <em><strong><a href=\"http:\/\/pubman.e-ucm.es\/drafts\/e-UCM_draft_172.pdf\">Integrating educational video games in LAMS: The &lt;e-Adventure&gt; Experience<\/a><\/strong><\/em>. In proceedings of the 5th International LAMS &amp; Learning Design Conference &quot;Sharing Great Ideas&quot;, December 9th, Sydney, Australia.<\/li><br\/><h3>2009<\/h3><h4>Conferences<\/h4><li>\u00c1ngel del Blanco, Javier Torrente, Pablo Moreno-Ger, Baltasar Fern\u00e1ndez-Manj\u00f3n (2009): <em><strong><a href=\"http:\/\/pubman.e-ucm.es\/drafts\/e-UCM_draft_146.pdf\">A General Architecture for the Integration of Educational Videogames in Standards-compliant Virtual Learning Environments<\/a><\/strong><\/em>. Proceedings of the 9th IEEE International Conference on Advanced Learning Technologies (ICALT 2009), pp 53-55, July 2009, Riga, Latvia. (IEEE Computer Society, DOI 10.1109\/ICALT.2009.151).<\/li><li>\u00c1ngel del Blanco, Javier Torrente, Pablo Moreno-Ger, Baltasar Fern\u00e1ndez-Manj\u00f3n (2009): <em><strong><a href=\"http:\/\/pubman.e-ucm.es\/drafts\/e-UCM_draft_150.pdf\">Bridging the Gap: Adaptive Games and Student-Centered VLEs<\/a><\/strong><\/em>. In Proceedings of the International Conference on Web-based Learning (ICWL 2009), 19-21 August 2009, Aachen, Germany. LNCS 5686, pp. 130\u2013139.<\/li><li>Javier Torrente, Pablo Moreno-Ger, Baltasar Fern\u00e1ndez-Manj\u00f3n, \u00c1ngel del Blanco (2009): <em><strong><a href=\"http:\/\/pubman.e-ucm.es\/drafts\/e-UCM_draft_151.pdf\">Game-like Simulations for Online Adaptive Learning: A Case Study<\/a><\/strong><\/em>. In proceedings of the The 4th International Conference on E-Learning and Games (Edutainment 2009), August 9-11 2009, Banff, Canada. LNCS 5670, pp. 162-173. 2009.<\/li><li>Javier Torrente, \u00c1ngel del Blanco, Pablo Moreno-Ger, Iv\u00e1n Mart\u00ednez-Ortiz, Baltasar Fern\u00e1ndez-Manj\u00f3n (2009): <em><strong><a href=\"http:\/\/pubman.e-ucm.es\/drafts\/e-UCM_draft_154.pdf\">Implementing Accessibility in Educational Videogames with &lt;e-Adventure&gt;<\/a><\/strong><\/em>. In proceedings of the ACM International Workshop on Multimedia Technologies for Distance Learning (MTDL 2009), pp. 55-67. In Conjunction with the ACM International Conference on Multimedia, October 2009, Beijing, China.<\/li><li>\u00c1ngel del Blanco, Pablo Moreno-Ger, Javier Torrente, Baltasar Fern\u00e1ndez-Manj\u00f3n (2009): <em><strong><a href=\"http:\/\/pubman.e-ucm.es\/drafts\/e-UCM_draft_157.pdf\">Aplicacion de Est\u00e1ndares de e-Learning a Videojuegos Educativos<\/a><\/strong><\/em>. En actas del congreso ASPECT 2009, asociado al congreso FINTDI 2009 celebrado en Vigo los d\u00edas 14 y 15 de diciembre de 2009 (ISBN 978-84-8158-463-9).<\/li><h4>Other<\/h4><li>Baltasar Fern\u00e1ndez-Manj\u00f3n, Pablo Moreno-Ger, Javier Torrente, \u00c1ngel del Blanco (2009): <em><strong>Creaci\u00f3n de juegos educativos con &lt;e-Adventure&gt;<\/strong><\/em>. Revista del Observatorio Tecnol\u00f3gico (ISSN:1989-2713), Instituto Superior de Formaci\u00f3n y Recursos en Red para el Profesorado (ISFTIC) del Ministerio de Educaci\u00f3n, Pol\u00edtica Social y Deporte (MEPSYD) de Espa\u00f1a (http:\/\/observatorio.cnice.mec.es\/).<\/li><br\/><h3>2008<\/h3><h4>Conferences<\/h4><li>Javier Torrente, Guillermo Ca\u00f1izal, \u00c1ngel del Blanco, Pablo Moreno-Ger, Baltasar Fern\u00e1ndez-Manj\u00f3n (2008): <em><strong><a href=\"http:\/\/pubman.e-ucm.es\/drafts\/e-UCM_draft_127.pdf\">e-Adventure3D: An Open Source Authoring Environment for 3D Adventure Games in Education<\/a><\/strong><\/em>. Proceedings of the International Conference on Advances in Computer Entertainment Technology (ACE 2008). December 2008, Yokohama, Japan. (ACM).<\/li><\/ul>\n","protected":false},"excerpt":{"rendered":"","protected":false},"author":8,"featured_media":2160,"parent":1555,"menu_order":0,"comment_status":"closed","ping_status":"open","template":"","meta":{"footnotes":""},"class_list":["post-2187","page","type-page","status-publish","has-post-thumbnail","hentry"],"_links":{"self":[{"href":"https:\/\/www.e-ucm.es\/es\/wp-json\/wp\/v2\/pages\/2187","targetHints":{"allow":["GET"]}}],"collection":[{"href":"https:\/\/www.e-ucm.es\/es\/wp-json\/wp\/v2\/pages"}],"about":[{"href":"https:\/\/www.e-ucm.es\/es\/wp-json\/wp\/v2\/types\/page"}],"author":[{"embeddable":true,"href":"https:\/\/www.e-ucm.es\/es\/wp-json\/wp\/v2\/users\/8"}],"replies":[{"embeddable":true,"href":"https:\/\/www.e-ucm.es\/es\/wp-json\/wp\/v2\/comments?post=2187"}],"version-history":[{"count":3,"href":"https:\/\/www.e-ucm.es\/es\/wp-json\/wp\/v2\/pages\/2187\/revisions"}],"predecessor-version":[{"id":2204,"href":"https:\/\/www.e-ucm.es\/es\/wp-json\/wp\/v2\/pages\/2187\/revisions\/2204"}],"up":[{"embeddable":true,"href":"https:\/\/www.e-ucm.es\/es\/wp-json\/wp\/v2\/pages\/1555"}],"wp:featuredmedia":[{"embeddable":true,"href":"https:\/\/www.e-ucm.es\/es\/wp-json\/wp\/v2\/media\/2160"}],"wp:attachment":[{"href":"https:\/\/www.e-ucm.es\/es\/wp-json\/wp\/v2\/media?parent=2187"}],"curies":[{"name":"wp","href":"https:\/\/api.w.org\/{rel}","templated":true}]}}