{"id":2454,"date":"2014-03-28T21:00:56","date_gmt":"2014-03-28T19:00:56","guid":{"rendered":"http:\/\/www.e-ucm.es\/?page_id=2454"},"modified":"2014-03-28T22:22:36","modified_gmt":"2014-03-28T20:22:36","slug":"estadistica","status":"publish","type":"page","link":"https:\/\/www.e-ucm.es\/es\/people\/javi\/estadistica\/","title":{"rendered":"Estad\u00edstica"},"content":{"rendered":"<section  class='av_textblock_section av-av_textblock-a2abf683283c7446c7be9a9d766b40e6 '   itemscope=\"itemscope\" itemtype=\"https:\/\/schema.org\/CreativeWork\" ><div class='avia_textblock'  itemprop=\"text\" ><p>Actualmente compagino mi actividad investigadora y de desarrollador software con la de profesor de Estad\u00edstica en el Grado de Ingenier\u00eda Inform\u00e1tica que se imparte en <a href=\"http:\/\/www.unir.net\">UNIR<\/a>. Como parte de la asignatura he elaborado una gu\u00eda introductoria al paquete estad\u00edstico <a href=\"https:\/\/www.gnu.org\/software\/pspp\/\">PSPP<\/a>, desarrollado como software libre por la organizaci\u00f3n <a href=\"http:\/\/www.gnu.org\/\">GNU<\/a>.<\/p>\n<p>Esta gu\u00eda se distribuye con licencia Creative Commons, por lo que se permite su uso de manera abierta a cualquiera que lo considere de su inter\u00e9s, siempre y cuando se respeten los t\u00e9rminos de licencia que puede encontrar m\u00e1s abajo.<\/p>\n<h2>Descargar la gu\u00eda<\/h2>\n<p>Puede descargar tanto la gu\u00eda como los ficheros de datos necesarios para seguir el documento de los siguientes enlaces:<\/p>\n<p><span style=\"line-height: 1.5em;\">[wpfilebase tag=&#8217;attachments&#8217; tpl=\u00bbdocument\u00bb]<\/span><\/p>\n<\/div><\/section>\n<\/div><\/div><\/div><!-- close content main div --><\/div><\/div>\n<style type=\"text\/css\" data-created_by=\"avia_inline_auto\" id=\"style-css-av-av_section-6f31d0b745b59e7d7b637b95832758d7\">\n.avia-section.av-av_section-6f31d0b745b59e7d7b637b95832758d7{\nbackground-color:#e0e0e0;\nbackground-image:unset;\n}\n<\/style>\n<div id='av_section_1'  class='avia-section av-av_section-6f31d0b745b59e7d7b637b95832758d7 main_color avia-section-default avia-no-shadow  avia-builder-el-1  el_after_av_textblock  avia-builder-el-last  avia-bg-style-scroll container_wrap sidebar_right'  ><div class='container av-section-cont-open' ><div class='template-page content  av-content-small alpha units'><div class='post-entry post-entry-type-page post-entry-2454'><div class='entry-content-wrapper clearfix'>\n<section  class='av_textblock_section av-av_textblock-a2abf683283c7446c7be9a9d766b40e6 '   itemscope=\"itemscope\" itemtype=\"https:\/\/schema.org\/CreativeWork\" ><div class='avia_textblock'  itemprop=\"text\" ><h2>T\u00e9rminos de licencia de la gu\u00eda<\/h2>\n<\/div><\/section>\n\n<style type=\"text\/css\" data-created_by=\"avia_inline_auto\" id=\"style-css-av-av_image-00a554ae7ae0b62499fae05cf3a51e1e\">\n.avia-image-container.av-av_image-00a554ae7ae0b62499fae05cf3a51e1e img.avia_image{\nbox-shadow:none;\n}\n.avia-image-container.av-av_image-00a554ae7ae0b62499fae05cf3a51e1e .av-image-caption-overlay-center{\ncolor:#ffffff;\n}\n<\/style>\n<div  class='avia-image-container av-av_image-00a554ae7ae0b62499fae05cf3a51e1e av-styling- avia-align-center  avia-builder-el-3  el_after_av_textblock  el_before_av_textblock '   itemprop=\"image\" itemscope=\"itemscope\" itemtype=\"https:\/\/schema.org\/ImageObject\" ><div class=\"avia-image-container-inner\"><div class=\"avia-image-overlay-wrap\"><img decoding=\"async\" fetchpriority=\"high\" class='wp-image- avia-img-lazy-loading-not- avia_image ' src=\"http:\/\/www.e-ucm.es\/wp-content\/uploads\/2014\/03\/CreativeCommons.png\" alt='' title=''   itemprop=\"thumbnailUrl\"  \/><\/div><\/div><\/div>\n<section  class='av_textblock_section av-av_textblock-a2abf683283c7446c7be9a9d766b40e6 '   itemscope=\"itemscope\" itemtype=\"https:\/\/schema.org\/CreativeWork\" ><div class='avia_textblock'  itemprop=\"text\" ><p align=\"center\"><i>Introducci\u00f3n Guiada a PSPP y su uso en la estad\u00edstica descriptiva e inferencial<\/i>, de <a href=\"http:\/\/www.e-ucm.es\/people\/javi\">F. Javier Torrente Vigil<\/a> se distribuye bajo una licencia <a href=\"http:\/\/creativecommons.org\/licenses\/by-nc\/4.0\/deed.es_ES\">Creative Commons Reconocimiento-NoComercial 4.0 Internacional License<\/a>.<\/p>\n<p>Seg\u00fan esta licencia, Ud. es libre de:<\/p>\n<ul>\n<li><strong>Compartir<\/strong><strong> <\/strong>\u2014 copiar y redistribuir este material en cualquier medio o formato<\/li>\n<li><strong>Adaptar<\/strong><strong> <\/strong>\u2014 remezclar, transformar y crear obras derivadas a partir de este material<\/li>\n<\/ul>\n<p>El licenciador (i.e. autor) no puede revocar estas libertades mientras cumpla con los t\u00e9rminos de la licencia.<\/p>\n<p>Bajo las condiciones siguientes:<\/p>\n<ul>\n<li><b>Reconocimiento <\/b>\u2014 Debe <a href=\"http:\/\/creativecommons.org\/licenses\/by-nc\/4.0\/deed.es_ES\">reconocer adecuadamente la autor\u00eda, proporcionar un enlace a la licencia, e <\/a>indicar si se han realizado cambios sobre la obra original. Puede hacerlo de cualquier manera razonable, siempre que no se sugiera que tiene el apoyo del licenciador.<\/li>\n<li><b>NoComercial <\/b>\u2014 No puede utilizar este material con \u00e1nimo de lucro.<\/li>\n<li><b>No hay restricciones adicionales<\/b>\u2014 No puede aplicar t\u00e9rminos legales o <a href=\"http:\/\/creativecommons.org\/licenses\/by-nc\/4.0\/deed.es_ES\">medidas tecnol\u00f3gicas<\/a> que legalmente restrinjan los derechos que esta licencia proporciona.<\/li>\n<\/ul>\n<p>Avisos:<\/p>\n<ul>\n<li>No tiene que cumplir con los t\u00e9rminos de esta licencia si el licenciador le exime <a href=\"http:\/\/creativecommons.org\/licenses\/by-nc\/4.0\/deed.es_ES\">por escrito.<\/a><\/li>\n<li><a href=\"http:\/\/creativecommons.org\/licenses\/by-nc\/4.0\/deed.es_ES\">Este material se distribuye sin ning\u00fan tipo de garant\u00eda. La licencia puede no ofrecer todos los permisos necesarios para el uso requerido. Por ejemplo, otros derechos como los de<\/a> <a href=\"http:\/\/creativecommons.org\/licenses\/by-nc\/4.0\/deed.es_ES\">publicidad, privacidad, o los derechos morales pueden limitar el uso que Ud. puede hacer de este material.<\/a><\/li>\n<\/ul>\n<\/div><\/section>\n<\/div><\/div><\/div><!-- close content main div --><\/div><\/div><div id='after_section_1'  class='main_color av_default_container_wrap container_wrap sidebar_right'  ><div class='container av-section-cont-open' ><div class='template-page content  av-content-small alpha units'><div class='post-entry post-entry-type-page post-entry-2454'><div class='entry-content-wrapper clearfix'>\n","protected":false},"excerpt":{"rendered":"","protected":false},"author":3,"featured_media":0,"parent":1553,"menu_order":0,"comment_status":"closed","ping_status":"open","template":"","meta":{"footnotes":""},"class_list":["post-2454","page","type-page","status-publish","hentry"],"_links":{"self":[{"href":"https:\/\/www.e-ucm.es\/es\/wp-json\/wp\/v2\/pages\/2454","targetHints":{"allow":["GET"]}}],"collection":[{"href":"https:\/\/www.e-ucm.es\/es\/wp-json\/wp\/v2\/pages"}],"about":[{"href":"https:\/\/www.e-ucm.es\/es\/wp-json\/wp\/v2\/types\/page"}],"author":[{"embeddable":true,"href":"https:\/\/www.e-ucm.es\/es\/wp-json\/wp\/v2\/users\/3"}],"replies":[{"embeddable":true,"href":"https:\/\/www.e-ucm.es\/es\/wp-json\/wp\/v2\/comments?post=2454"}],"version-history":[{"count":6,"href":"https:\/\/www.e-ucm.es\/es\/wp-json\/wp\/v2\/pages\/2454\/revisions"}],"predecessor-version":[{"id":2463,"href":"https:\/\/www.e-ucm.es\/es\/wp-json\/wp\/v2\/pages\/2454\/revisions\/2463"}],"up":[{"embeddable":true,"href":"https:\/\/www.e-ucm.es\/es\/wp-json\/wp\/v2\/pages\/1553"}],"wp:attachment":[{"href":"https:\/\/www.e-ucm.es\/es\/wp-json\/wp\/v2\/media?parent=2454"}],"curies":[{"name":"wp","href":"https:\/\/api.w.org\/{rel}","templated":true}]}}