{"id":7983,"date":"2017-10-05T15:52:51","date_gmt":"2017-10-05T13:52:51","guid":{"rendered":"http:\/\/www.e-ucm.es\/?page_id=7983\/"},"modified":"2017-10-05T16:24:33","modified_gmt":"2017-10-05T14:24:33","slug":"ana-rus-cano-moreno","status":"publish","type":"page","link":"https:\/\/www.e-ucm.es\/es\/people\/ana-rus-cano-moreno\/","title":{"rendered":"Ana Rus Cano Moreno"},"content":{"rendered":"<div id='about_bio'  class='avia-section av-av_section-9c06ff9eebdaa31c5aebfc5a1421199b main_color avia-section-default avia-no-shadow  avia-builder-el-0  el_before_av_section  avia-builder-el-first  avia-bg-style-scroll container_wrap sidebar_right'  ><div class='container av-section-cont-open' ><main  role=\"main\" itemprop=\"mainContentOfPage\"  class='template-page content  av-content-small alpha units'><div class='post-entry post-entry-type-page post-entry-7983'><div class='entry-content-wrapper clearfix'>\n<div  class='flex_column av-av_two_third-2a9015ff38129c418a3f2eafba3e9512 av_two_third  avia-builder-el-1  el_before_av_one_third  avia-builder-el-first  first flex_column_div  '     ><p>\n<style type=\"text\/css\" data-created_by=\"avia_inline_auto\" id=\"style-css-av-av_heading-6747c9bbe5af102e08cbc4f48e0050ab\">\n#top .av-special-heading.av-av_heading-6747c9bbe5af102e08cbc4f48e0050ab{\npadding-bottom:0;\n}\nbody .av-special-heading.av-av_heading-6747c9bbe5af102e08cbc4f48e0050ab .av-special-heading-tag .heading-char{\nfont-size:25px;\n}\n.av-special-heading.av-av_heading-6747c9bbe5af102e08cbc4f48e0050ab .av-subheading{\nfont-size:10px;\n}\n<\/style>\n<div  class='av-special-heading av-av_heading-6747c9bbe5af102e08cbc4f48e0050ab av-special-heading-h1  avia-builder-el-2  el_before_av_textblock  avia-builder-el-first '><h1 class='av-special-heading-tag '  itemprop=\"headline\"  >Ana Rus Cano Moreno<\/h1><div class=\"special-heading-border\"><div class=\"special-heading-inner-border\"><\/div><\/div><\/div><br \/>\n<section  class='av_textblock_section av-av_textblock-396ddf1f42196ca838231e61a4602801 '   itemscope=\"itemscope\" itemtype=\"https:\/\/schema.org\/CreativeWork\" ><div class='avia_textblock'  itemprop=\"text\" ><p>Estudiante de doctorado<\/p>\n<\/div><\/section><br \/>\n<section  class='av_textblock_section av-av_textblock-396ddf1f42196ca838231e61a4602801 '   itemscope=\"itemscope\" itemtype=\"https:\/\/schema.org\/CreativeWork\" ><div class='avia_textblock'  itemprop=\"text\" ><p><strong>Ana Rus Cano Moreno<\/strong> es Ingeniero en Inform\u00e1tica y M\u00e1ster en Nuevas Tecnolog\u00edas, especializada en modelado 3D, por la UFV. M\u00e1ster en Consultor\u00eda de Negocio en la EOI y M\u00e1ster en Marketing del Entertainment Business en ESIC Business School. Actualmente est\u00e1 realizando su tesis doctoral sobre <strong>dise\u00f1o y desarrollo de Serious Games para personas con discapacidad intelectual<\/strong> (como S\u00edndrome de Down, Autismo o Mild Congnitive Disabilities) y la aplicaci\u00f3n de <strong>Learning Analytics<\/strong> en este tipo de videojuegos.<\/p>\n<p>Como profesional, gran parte de su carrera est\u00e1 dedicada a la gesti\u00f3n de proyectos de Innovaci\u00f3n y Desarrollo de Negocio en el sector del Ocio y Entretenimiento (Desarrolladoras de videojuegos, Publishers, Grupos de Medios y Telcos) en algunas de las consultoras m\u00e1s importantes a nivel internacional como PwC o IBM, compaginando su actividad laboral con la docencia. Miembro del IGDA desde 2009 y Chair de IT de ECUSA (Asociaci\u00f3n de Cient\u00edficos Espa\u00f1oles en Estados Unidos) desde 2015.<\/p>\n<\/div><\/section><\/p><\/div>\n<style type=\"text\/css\" data-created_by=\"avia_inline_auto\" id=\"style-css-av-av_one_third-0aa7055fe62c3622faec82866afbaeb2\">\n.flex_column.av-av_one_third-0aa7055fe62c3622faec82866afbaeb2{\nborder-radius:0px 0px 0px 0px;\npadding:0px 0px 0px 0px;\n}\n<\/style>\n<div  class='flex_column av-av_one_third-0aa7055fe62c3622faec82866afbaeb2 av_one_third  avia-builder-el-5  el_after_av_two_third  avia-builder-el-last  flex_column_div av-zero-column-padding  '     ><\/div>\n\n<\/div><\/div><\/main><!-- close content main element --><\/div><\/div><div id='about_bio-details'  class='avia-section av-av_section-3d53eed02703b131d5c8128804bbe963 main_color avia-section-default avia-no-shadow  avia-builder-el-7  el_after_av_section  el_before_av_section  avia-bg-style-scroll container_wrap sidebar_right'  ><div class='container av-section-cont-open' ><div class='template-page content  av-content-small alpha units'><div class='post-entry post-entry-type-page post-entry-7983'><div class='entry-content-wrapper clearfix'>\n<div  class='flex_column av-av_one_half-2a9015ff38129c418a3f2eafba3e9512 av_one_half  avia-builder-el-8  el_before_av_one_half  avia-builder-el-first  first flex_column_div  '     ><p>\n<style type=\"text\/css\" data-created_by=\"avia_inline_auto\" id=\"style-css-av-av_heading-74e073630a52e463b557e3783b476238\">\n#top .av-special-heading.av-av_heading-74e073630a52e463b557e3783b476238{\npadding-bottom:0;\n}\nbody .av-special-heading.av-av_heading-74e073630a52e463b557e3783b476238 .av-special-heading-tag .heading-char{\nfont-size:25px;\n}\n.av-special-heading.av-av_heading-74e073630a52e463b557e3783b476238 .av-subheading{\nfont-size:10px;\n}\n<\/style>\n<div  class='av-special-heading av-av_heading-74e073630a52e463b557e3783b476238 av-special-heading-h3  avia-builder-el-9  el_before_av_tab_container  avia-builder-el-first '><h3 class='av-special-heading-tag '  itemprop=\"headline\"  >Contacto<\/h3><div class=\"special-heading-border\"><div class=\"special-heading-inner-border\"><\/div><\/div><\/div><br \/>\n<div  class='tabcontainer av-av_tab_container-0bacd910096d11a3cec6dfb538798966 top_tab  avia-builder-el-10  el_after_av_heading  avia-builder-el-last '>\n<section class='av_tab_section av_tab_section av-av_tab-9909babd452839523238600756498942'  itemscope=\"itemscope\" itemtype=\"https:\/\/schema.org\/CreativeWork\" ><div id='tab-id-1-tab' class='tab active_tab' role='tab' aria-selected=\"true\" tabindex=\"0\" data-fake-id='#tab-id-1' aria-controls='tab-id-1-content'  itemprop=\"headline\" ><span class='tab_icon avia-iconfont avia-font-entypo-fontello' data-av_icon='' data-av_iconfont='entypo-fontello' ><\/span>Basic<\/div><div id='tab-id-1-content' class='tab_content active_tab_content' role='tabpanel' aria-labelledby='tab-id-1-tab' aria-hidden=\"false\"><div class='tab_inner_content invers-color'  itemprop=\"text\" ><p>\n<style type=\"text\/css\" data-created_by=\"avia_inline_auto\" id=\"style-css-av-av_font_icon-df07f069f8e8cb0cfb4667fdbf00cbf6\">\n.av_font_icon.av-av_font_icon-df07f069f8e8cb0cfb4667fdbf00cbf6{\ncolor:#017870;\nborder-color:#017870;\n}\n.avia-svg-icon.av-av_font_icon-df07f069f8e8cb0cfb4667fdbf00cbf6 svg:first-child{\nstroke:#017870;\nfill:#017870;\n}\n.av_font_icon.av-av_font_icon-df07f069f8e8cb0cfb4667fdbf00cbf6 .av-icon-char{\nfont-size:15px;\nline-height:15px;\n}\n<\/style>\n<span  class='av_font_icon av-av_font_icon-df07f069f8e8cb0cfb4667fdbf00cbf6 avia_animate_when_visible av-icon-style- avia-icon-pos-left avia-svg-icon avia-font-svg_entypo-fontello avia-icon-animate'><span class='av-icon-char' data-av_svg_icon='5' data-av_iconset='svg_entypo-fontello' ><\/span><\/span> <a href=\"mailto:anarcano@ucm.es\">anarcano@ucm.es<\/a><\/p>\n<\/div><\/div><\/section>\n<section class='av_tab_section av_tab_section av-av_tab-21b7838bdfd96b1a80a4f4af0ffbc954'  itemscope=\"itemscope\" itemtype=\"https:\/\/schema.org\/CreativeWork\" ><div id='tab-id-2-tab' class='tab' role='tab' aria-selected=\"false\" tabindex=\"0\" data-fake-id='#tab-id-2' aria-controls='tab-id-2-content'  itemprop=\"headline\" ><span class='tab_icon avia-iconfont avia-font-entypo-fontello' data-av_icon='' data-av_iconfont='entypo-fontello' ><\/span>Social<\/div><div id='tab-id-2-content' class='tab_content' role='tabpanel' aria-labelledby='tab-id-2-tab' aria-hidden=\"true\"><div class='tab_inner_content invers-color'  itemprop=\"text\" ><p>\n<style type=\"text\/css\" data-created_by=\"avia_inline_auto\" id=\"style-css-av-av_font_icon-767b60d11efd89c0c15c421af3c8df6c\">\n.av_font_icon.av-av_font_icon-767b60d11efd89c0c15c421af3c8df6c{\ncolor:#017870;\nborder-color:#017870;\n}\n.avia-svg-icon.av-av_font_icon-767b60d11efd89c0c15c421af3c8df6c svg:first-child{\nstroke:#017870;\nfill:#017870;\n}\n.av_font_icon.av-av_font_icon-767b60d11efd89c0c15c421af3c8df6c .av-icon-char{\nfont-size:15px;\nline-height:15px;\n}\n<\/style>\n<span  class='av_font_icon av-av_font_icon-767b60d11efd89c0c15c421af3c8df6c avia_animate_when_visible av-icon-style- avia-icon-pos-left avia-svg-icon avia-font-svg_entypo-fontello avia-icon-animate'><span class='av-icon-char' data-av_svg_icon='222' data-av_iconset='svg_entypo-fontello' ><\/span><\/span>\u00a0<a href=\"https:\/\/www.linkedin.com\/in\/ana-rus-cano-moreno-97a37b14\/\">Linkedin<\/a><\/p>\n<p>\n<style type=\"text\/css\" data-created_by=\"avia_inline_auto\" id=\"style-css-av-av_font_icon-d95b87c17be3dd2778e0c2ebf73a0fc6\">\n.av_font_icon.av-av_font_icon-d95b87c17be3dd2778e0c2ebf73a0fc6{\ncolor:#017870;\nborder-color:#017870;\n}\n.avia-svg-icon.av-av_font_icon-d95b87c17be3dd2778e0c2ebf73a0fc6 svg:first-child{\nstroke:#017870;\nfill:#017870;\n}\n.av_font_icon.av-av_font_icon-d95b87c17be3dd2778e0c2ebf73a0fc6 .av-icon-char{\nfont-size:15px;\nline-height:15px;\n}\n<\/style>\n<span  class='av_font_icon av-av_font_icon-d95b87c17be3dd2778e0c2ebf73a0fc6 avia_animate_when_visible av-icon-style- avia-icon-pos-left avia-svg-icon avia-font-svg_entypo-fontello avia-icon-animate'><span class='av-icon-char' data-av_svg_icon='211' data-av_iconset='svg_entypo-fontello' ><\/span><\/span>\u00a0Twitter<\/p>\n<\/div><\/div><\/section>\n<section class='av_tab_section av_tab_section av-av_tab-9dcdc66e69bb1bb9db50407c8a425754'  itemscope=\"itemscope\" itemtype=\"https:\/\/schema.org\/CreativeWork\" ><div id='tab-id-3-tab' class='tab' role='tab' aria-selected=\"false\" tabindex=\"0\" data-fake-id='#tab-id-3' aria-controls='tab-id-3-content'  itemprop=\"headline\" ><span class='tab_icon avia-iconfont avia-font-entypo-fontello' data-av_icon='' data-av_iconfont='entypo-fontello' ><\/span>Research<\/div><div id='tab-id-3-content' class='tab_content' role='tabpanel' aria-labelledby='tab-id-3-tab' aria-hidden=\"true\"><div class='tab_inner_content invers-color'  itemprop=\"text\" ><p>\n<style type=\"text\/css\" data-created_by=\"avia_inline_auto\" id=\"style-css-av-av_font_icon-1f33260ea6940effc24bfe79ade1e4fa\">\n.av_font_icon.av-av_font_icon-1f33260ea6940effc24bfe79ade1e4fa{\ncolor:#017870;\nborder-color:#017870;\n}\n.avia-svg-icon.av-av_font_icon-1f33260ea6940effc24bfe79ade1e4fa svg:first-child{\nstroke:#017870;\nfill:#017870;\n}\n.av_font_icon.av-av_font_icon-1f33260ea6940effc24bfe79ade1e4fa .av-icon-char{\nfont-size:15px;\nline-height:15px;\n}\n<\/style>\n<span  class='av_font_icon av-av_font_icon-1f33260ea6940effc24bfe79ade1e4fa avia_animate_when_visible av-icon-style- avia-icon-pos-left avia-svg-icon avia-font-svg_entypo-fontello avia-icon-animate'><span class='av-icon-char' data-av_svg_icon='33' data-av_iconset='svg_entypo-fontello' ><\/span><\/span>\u00a0<a href=\"https:\/\/scholar.google.com\/citations?user=8vXG8X8AAAAJ&amp;hl=en\">Google Scholar<\/a><\/p>\n<p>\n<style type=\"text\/css\" data-created_by=\"avia_inline_auto\" id=\"style-css-av-av_font_icon-80807ca41b1914b8673d19918c72a13f\">\n.av_font_icon.av-av_font_icon-80807ca41b1914b8673d19918c72a13f{\ncolor:#017870;\nborder-color:#017870;\n}\n.avia-svg-icon.av-av_font_icon-80807ca41b1914b8673d19918c72a13f svg:first-child{\nstroke:#017870;\nfill:#017870;\n}\n.av_font_icon.av-av_font_icon-80807ca41b1914b8673d19918c72a13f .av-icon-char{\nfont-size:15px;\nline-height:15px;\n}\n<\/style>\n<span  class='av_font_icon av-av_font_icon-80807ca41b1914b8673d19918c72a13f avia_animate_when_visible av-icon-style- avia-icon-pos-left avia-svg-icon avia-font-svg_entypo-fontello avia-icon-animate'><span class='av-icon-char' data-av_svg_icon='76' data-av_iconset='svg_entypo-fontello' ><\/span><\/span>\u00a0Mendeley<\/p>\n<p>\n<style type=\"text\/css\" data-created_by=\"avia_inline_auto\" id=\"style-css-av-av_font_icon-da0c92395f1692e9945aaab0a70ebbb9\">\n.av_font_icon.av-av_font_icon-da0c92395f1692e9945aaab0a70ebbb9{\ncolor:#017870;\nborder-color:#017870;\n}\n.avia-svg-icon.av-av_font_icon-da0c92395f1692e9945aaab0a70ebbb9 svg:first-child{\nstroke:#017870;\nfill:#017870;\n}\n.av_font_icon.av-av_font_icon-da0c92395f1692e9945aaab0a70ebbb9 .av-icon-char{\nfont-size:15px;\nline-height:15px;\n}\n<\/style>\n<span  class='av_font_icon av-av_font_icon-da0c92395f1692e9945aaab0a70ebbb9 avia_animate_when_visible av-icon-style- avia-icon-pos-left avia-svg-icon avia-font-svg_entypo-fontello avia-icon-animate'><span class='av-icon-char' data-av_svg_icon='54' data-av_iconset='svg_entypo-fontello' ><\/span><\/span>\u00a0Research Gate<\/p>\n<p>\n<style type=\"text\/css\" data-created_by=\"avia_inline_auto\" id=\"style-css-av-av_font_icon-14ab3d0fcd3aca38c1c287cf3b6ebfed\">\n.av_font_icon.av-av_font_icon-14ab3d0fcd3aca38c1c287cf3b6ebfed{\ncolor:#017870;\nborder-color:#017870;\n}\n.avia-svg-icon.av-av_font_icon-14ab3d0fcd3aca38c1c287cf3b6ebfed svg:first-child{\nstroke:#017870;\nfill:#017870;\n}\n.av_font_icon.av-av_font_icon-14ab3d0fcd3aca38c1c287cf3b6ebfed .av-icon-char{\nfont-size:15px;\nline-height:15px;\n}\n<\/style>\n<span  class='av_font_icon av-av_font_icon-14ab3d0fcd3aca38c1c287cf3b6ebfed avia_animate_when_visible av-icon-style- avia-icon-pos-left avia-svg-icon avia-font-svg_entypo-fontello avia-icon-animate'><span class='av-icon-char' data-av_svg_icon='145' data-av_iconset='svg_entypo-fontello' ><\/span><\/span>\u00a0SlideShare<\/p>\n<\/div><\/div><\/section>\n<\/div><\/p><\/div>\n<style type=\"text\/css\" data-created_by=\"avia_inline_auto\" id=\"style-css-av-av_one_half-2a64de42b738552fe666ca889af77e28\">\n.flex_column.av-av_one_half-2a64de42b738552fe666ca889af77e28{\nborder-radius:0px 0px 0px 0px;\npadding:0px 0px 0px 0px;\n}\n<\/style>\n<div  class='flex_column av-av_one_half-2a64de42b738552fe666ca889af77e28 av_one_half  avia-builder-el-18  el_after_av_one_half  avia-builder-el-last  flex_column_div av-zero-column-padding  '     ><p>\n<style type=\"text\/css\" data-created_by=\"avia_inline_auto\" id=\"style-css-av-av_heading-b1c3d2cc429797f862319bf9474114b8\">\n#top .av-special-heading.av-av_heading-b1c3d2cc429797f862319bf9474114b8{\npadding-bottom:10px;\n}\nbody .av-special-heading.av-av_heading-b1c3d2cc429797f862319bf9474114b8 .av-special-heading-tag .heading-char{\nfont-size:25px;\n}\n.av-special-heading.av-av_heading-b1c3d2cc429797f862319bf9474114b8 .av-subheading{\nfont-size:10px;\n}\n<\/style>\n<div  class='av-special-heading av-av_heading-b1c3d2cc429797f862319bf9474114b8 av-special-heading-h3  avia-builder-el-19  el_before_av_progress  avia-builder-el-first '><h3 class='av-special-heading-tag '  itemprop=\"headline\"  >Investigaci\u00f3n<\/h3><div class=\"special-heading-border\"><div class=\"special-heading-inner-border\"><\/div><\/div><\/div><br \/>\n\n<style type=\"text\/css\" data-created_by=\"avia_inline_auto\" id=\"style-css-sub-av-av_progress-c1b2cff602b3bbe4018acb3ceeb1ab80\">\n#top .avia-progress-bar-container .avia-progress-bar.av-av_progress_bar-230c4e050f37a5d3db96b6164825d09f .bar{\nwidth:61%;\nbackground-image: linear-gradient( -45deg, #D7D7D7 25%, #F9F9F9 25%, #F9F9F9 50%, #D7D7D7 50%, #D7D7D7 75%, #F9F9F9 75%, #F9F9F9 );\nbackground-image: linear-gradient( -45deg, #D7D7D7 25%, #F9F9F9 25%, #F9F9F9 50%, #D7D7D7 50%, #D7D7D7 75%, #F9F9F9 75%, #F9F9F9 );\nbackground-color:#D7D7D7;\n}\n#top .avia-progress-bar-container .avia-progress-bar.av-av_progress_bar-577f211af99eda2f8afd4cd6330ffe6a .bar{\nwidth:100%;\n}\n#top .avia-progress-bar-container .avia-progress-bar.av-av_progress_bar-2bd8bc22bbde915db2fbc966f300c292 .bar{\nwidth:90%;\nbackground-image: linear-gradient( -45deg, #D7D7D7 25%, #F9F9F9 25%, #F9F9F9 50%, #D7D7D7 50%, #D7D7D7 75%, #F9F9F9 75%, #F9F9F9 );\nbackground-image: linear-gradient( -45deg, #D7D7D7 25%, #F9F9F9 25%, #F9F9F9 50%, #D7D7D7 50%, #D7D7D7 75%, #F9F9F9 75%, #F9F9F9 );\nbackground-color:#D7D7D7;\n}\n#top .avia-progress-bar-container .avia-progress-bar.av-av_progress_bar-a3154b361a920b1fe9f19f2d2066b6ae .bar{\nwidth:85%;\nbackground-image: linear-gradient( -45deg, #D7D7D7 25%, #F9F9F9 25%, #F9F9F9 50%, #D7D7D7 50%, #D7D7D7 75%, #F9F9F9 75%, #F9F9F9 );\nbackground-image: linear-gradient( -45deg, #D7D7D7 25%, #F9F9F9 25%, #F9F9F9 50%, #D7D7D7 50%, #D7D7D7 75%, #F9F9F9 75%, #F9F9F9 );\nbackground-color:#D7D7D7;\n}\n<\/style>\n<div  class='avia-progress-bar-container av-av_progress-c1b2cff602b3bbe4018acb3ceeb1ab80 av-striped-bar av-animated-bar avia_animate_when_almost_visible  avia-builder-el-20  el_after_av_heading  avia-builder-el-last '><div class='avia-progress-bar av-av_progress_bar-230c4e050f37a5d3db96b6164825d09f icon-bar-no silver-bar icon-bar-no'><div class=\"progressbar-title-wrap\"><div class=\"progressbar-icon\"><span class='progressbar-char avia-svg-icon avia-font-svg_entypo-fontello' data-av_svg_icon='' data-av_iconset='svg_entypo-fontello'><\/span><\/div><div class='progressbar-title'>Dise\u00f1o de serious games<\/div><\/div><div class=\"progress\"><div class=\"bar-outer\"><div class='bar' data-progress='61'><\/div><\/div><\/div><\/div><div class='avia-progress-bar av-av_progress_bar-577f211af99eda2f8afd4cd6330ffe6a icon-bar-no theme-color-bar theme-color-bar icon-bar-no'><div class=\"progressbar-title-wrap\"><div class=\"progressbar-icon\"><span class='progressbar-char avia-iconfont avia-font-entypo-fontello' data-av_icon='\ue800' data-av_iconfont='entypo-fontello' ><\/span><\/div><div class='progressbar-title'>Serious games para discapacidad intelectual<\/div><\/div><div class=\"progress\"><div class=\"bar-outer\"><div class='bar' data-progress='100'><\/div><\/div><\/div><\/div><div class='avia-progress-bar av-av_progress_bar-2bd8bc22bbde915db2fbc966f300c292 icon-bar-no silver-bar icon-bar-no'><div class=\"progressbar-title-wrap\"><div class=\"progressbar-icon\"><span class='progressbar-char avia-iconfont avia-font-entypo-fontello' data-av_icon='\ue800' data-av_iconfont='entypo-fontello' ><\/span><\/div><div class='progressbar-title'>Learning Analytics<\/div><\/div><div class=\"progress\"><div class=\"bar-outer\"><div class='bar' data-progress='90'><\/div><\/div><\/div><\/div><div class='avia-progress-bar av-av_progress_bar-a3154b361a920b1fe9f19f2d2066b6ae icon-bar-no silver-bar icon-bar-no'><div class=\"progressbar-title-wrap\"><div class=\"progressbar-icon\"><span class='progressbar-char avia-iconfont avia-font-entypo-fontello' data-av_icon='\ue800' data-av_iconfont='entypo-fontello' ><\/span><\/div><div class='progressbar-title'>e-Learning<\/div><\/div><div class=\"progress\"><div class=\"bar-outer\"><div class='bar' data-progress='85'><\/div><\/div><\/div><\/div><\/div><\/p><\/div><\/div><\/div><\/div><!-- close content main div --><\/div><\/div><div id='about_bio-cv'  class='avia-section av-av_section-3d253ee5dadbd33126136b15bca57f03 main_color avia-section-default avia-no-shadow  avia-builder-el-21  el_after_av_section  avia-builder-el-last  avia-bg-style-scroll container_wrap sidebar_right'  ><div class='container av-section-cont-open' ><div class='template-page content  av-content-small alpha units'><div class='post-entry post-entry-type-page post-entry-7983'><div class='entry-content-wrapper clearfix'>\n<section  class='av_textblock_section av-av_textblock-396ddf1f42196ca838231e61a4602801 '   itemscope=\"itemscope\" itemtype=\"https:\/\/schema.org\/CreativeWork\" ><div class='avia_textblock'  itemprop=\"text\" ><ul><br\/><h3>2019<\/h3><h4>Journal<\/h4><li>Cristina Alonso-Fern\u00e1ndez, Ana Rus Cano, Antonio Calvo-Morata, Manuel Freire, Iv\u00e1n Mart\u00ednez-Ortiz, Baltasar Fern\u00e1ndez-Manj\u00f3n (2019): <em><strong><a href=\"http:\/\/pubman.e-ucm.es\/drafts\/e-UCM_draft_342.pdf\">Lessons learned applying learning analytics to assess serious games<\/a><\/strong><\/em>. Computers in Human Behavior, Volume 99, October 2019, Pages 301-309 [JCR 2019 IF 5.003, 4\/89, Q1 in PSYCHOLOGY, EXPERIMENTAL]. DOI: 10.1016\/j.chb.2019.05.036.<\/li><li>Ana Rus Cano, Alvaro Garcia-Tejedor, Cristina Alonso-Fern\u00e1ndez, Baltasar Fern\u00e1ndez-Manj\u00f3n (2019): <em><strong><a href=\"http:\/\/pubman.e-ucm.es\/drafts\/e-UCM_draft_346.pdf\">Game Analytics Evidence-Based Evaluation of a Learning Game for Intellectual Disabled Users<\/a><\/strong><\/em>. IEEE Access, Volume 7, Pages 123820-123829. [JCR 2019, Impact Factor: 3.745, Q1, 35\/156 Q1 in COMPUTER SCIENCE, INFORMATION SYSTEMS]. DOI: 10.1109\/ACCESS.2019.2938365.<\/li><br\/><h3>2018<\/h3><h4>Journal<\/h4><li>Ana Rus Cano, Alvaro Garcia-Tejedor, Baltasar Fern\u00e1ndez-Manj\u00f3n (2018): <em><strong>Using Game Learning Analytics for Validating the Design of a Learning Game for Adults with Intellectual Disabilities<\/strong><\/em>. The British Journal of Educational Technology (in press) [Q1, 2017 Impact factor: 2.588\r\nISI Journal Citation Reports \u00a9 Ranking: 2018:31\/243 (Education &amp; Educational Research)].<\/li><h4>Conferences<\/h4><li>Cristina Alonso-Fern\u00e1ndez, Ana Rus Cano, Antonio Calvo-Morata, Manuel Freire, Iv\u00e1n Mart\u00ednez-Ortiz, Baltasar Fern\u00e1ndez-Manj\u00f3n (2018): <em><strong><a href=\"http:\/\/pubman.e-ucm.es\/drafts\/e-UCM_draft_331.pdf\">Applications of Learning Analytics to assess Serious Games (extended abstract)<\/a><\/strong><\/em>. 2nd Annual Learning &amp; Student Analytics Conference (LSAC), October 22-23, 2018, Amsterdam, The Netherlands.<\/li><br\/><h3>2016<\/h3><h4>Conferences<\/h4><li>Ana Rus Cano, Baltasar Fern\u00e1ndez-Manj\u00f3n, Alvaro Garcia-Tejedor (2016): <em><strong><a href=\"http:\/\/pubman.e-ucm.es\/drafts\/e-UCM_draft_290.pdf\">GLAID: Designing a Game Learning Analytics Model to Analyze the Learning Process in Users with Intellectual Disabilities<\/a><\/strong><\/em>. Conference: SGAMES 2016 - 6th EAI International Conference on Serious Games, Interaction and Simulation, Porto, Portugal.<\/li><li>Ana Rus Cano, Baltasar Fern\u00e1ndez-Manj\u00f3n, Alvaro Garcia-Tejedor (2016): <em><strong><a href=\"http:\/\/pubman.e-ucm.es\/drafts\/e-UCM_draft_325.pdf\">Downtown, A Subway Adventure: Using Learning Analytics to Improve the Development of a Learning Game for People with Intellectual Disabilities<\/a><\/strong><\/em>. IEEE 16th International Conference on Advanced Learning Technologies (ICALT) [DOI10.1109\/ICALT.2016.46].<\/li><br\/><h3>2015<\/h3><h4>Conferences<\/h4><li>Ana Rus Cano, Alvaro Garcia-Tejedor, Baltasar Fern\u00e1ndez-Manj\u00f3n (2015): <em><strong><a href=\"http:\/\/pubman.e-ucm.es\/drafts\/e-UCM_draft_280.pdf\">A Literature Review of Serious Games for Intellectual Disabilities<\/a><\/strong><\/em>. G. Conole et al. (Eds.): EC-TEL 2015, LNCS 9307, pp. 560\u2013563, 2015..<\/li><li>Ana Rus Cano, Alvaro Garcia-Tejedor, Baltasar Fern\u00e1ndez-Manj\u00f3n (2015): <em><strong><a href=\"http:\/\/pubman.e-ucm.es\/drafts\/e-UCM_draft_283.pdf\">Highlights in the Literature Available in Serious Games for Intellectual Disabilities<\/a><\/strong><\/em>. F.W.B. Li et al. (Eds.): ICWL 2015, LNCS 9412, pp. 95\u2013108\r\nDOI: 10.1007\/978-3-319-25515-6_9.<\/li><\/ul>\n<\/div><\/section>\n<\/div><\/div><\/div><!-- close content main div --><\/div><\/div><div id='after_section_3'  class='main_color av_default_container_wrap container_wrap sidebar_right'  ><div class='container av-section-cont-open' ><div class='template-page content  av-content-small alpha units'><div class='post-entry post-entry-type-page post-entry-7983'><div class='entry-content-wrapper clearfix'><\/p>\n","protected":false},"excerpt":{"rendered":"","protected":false},"author":2,"featured_media":0,"parent":1152,"menu_order":0,"comment_status":"open","ping_status":"closed","template":"","meta":{"footnotes":""},"class_list":["post-7983","page","type-page","status-publish","hentry"],"_links":{"self":[{"href":"https:\/\/www.e-ucm.es\/es\/wp-json\/wp\/v2\/pages\/7983","targetHints":{"allow":["GET"]}}],"collection":[{"href":"https:\/\/www.e-ucm.es\/es\/wp-json\/wp\/v2\/pages"}],"about":[{"href":"https:\/\/www.e-ucm.es\/es\/wp-json\/wp\/v2\/types\/page"}],"author":[{"embeddable":true,"href":"https:\/\/www.e-ucm.es\/es\/wp-json\/wp\/v2\/users\/2"}],"replies":[{"embeddable":true,"href":"https:\/\/www.e-ucm.es\/es\/wp-json\/wp\/v2\/comments?post=7983"}],"version-history":[{"count":5,"href":"https:\/\/www.e-ucm.es\/es\/wp-json\/wp\/v2\/pages\/7983\/revisions"}],"predecessor-version":[{"id":8010,"href":"https:\/\/www.e-ucm.es\/es\/wp-json\/wp\/v2\/pages\/7983\/revisions\/8010"}],"up":[{"embeddable":true,"href":"https:\/\/www.e-ucm.es\/es\/wp-json\/wp\/v2\/pages\/1152"}],"wp:attachment":[{"href":"https:\/\/www.e-ucm.es\/es\/wp-json\/wp\/v2\/media?parent=7983"}],"curies":[{"name":"wp","href":"https:\/\/api.w.org\/{rel}","templated":true}]}}