{"id":8509,"date":"2024-02-28T13:23:08","date_gmt":"2024-02-28T11:23:08","guid":{"rendered":"https:\/\/www.e-ucm.es\/people\/javier-bravo\/"},"modified":"2024-02-28T18:27:28","modified_gmt":"2024-02-28T16:27:28","slug":"javier-bravo","status":"publish","type":"page","link":"https:\/\/www.e-ucm.es\/es\/people\/javier-bravo\/","title":{"rendered":"Javier Bravo"},"content":{"rendered":"<div id='about_bio'  class='avia-section av-1dy71l0-989948d8984119dd77fd307a8ad361a6 main_color avia-section-default avia-no-shadow  avia-builder-el-0  el_before_av_section  avia-builder-el-first  avia-bg-style-scroll container_wrap sidebar_right'  ><div class='container av-section-cont-open' ><main  role=\"main\" itemprop=\"mainContentOfPage\"  class='template-page content  av-content-small alpha units'><div class='post-entry post-entry-type-page post-entry-8509'><div class='entry-content-wrapper clearfix'>\n<div  class='flex_column av-1cpke2s-c61eed9f4b2900f3888af574a901a915 av_two_third  avia-builder-el-1  el_before_av_one_third  avia-builder-el-first  first flex_column_div  '     ><p>\n<style type=\"text\/css\" data-created_by=\"avia_inline_auto\" id=\"style-css-av-kbamv3r0-08f96bb92ec9e67e2b75722d8f49d155\">\n#top .av-special-heading.av-kbamv3r0-08f96bb92ec9e67e2b75722d8f49d155{\npadding-bottom:0;\n}\nbody .av-special-heading.av-kbamv3r0-08f96bb92ec9e67e2b75722d8f49d155 .av-special-heading-tag .heading-char{\nfont-size:25px;\n}\n.av-special-heading.av-kbamv3r0-08f96bb92ec9e67e2b75722d8f49d155 .av-subheading{\nfont-size:10px;\n}\n<\/style>\n<div  class='av-special-heading av-kbamv3r0-08f96bb92ec9e67e2b75722d8f49d155 av-special-heading-h1  avia-builder-el-2  el_before_av_textblock  avia-builder-el-first '><h1 class='av-special-heading-tag '  itemprop=\"headline\"  >Javier Bravo-Agapito<\/h1><div class=\"special-heading-border\"><div class=\"special-heading-inner-border\"><\/div><\/div><\/div><br \/>\n<section  class='av_textblock_section av-kbaj6q72-66419d37a9367d2e25cf93158894fc11 '   itemscope=\"itemscope\" itemtype=\"https:\/\/schema.org\/CreativeWork\" ><div class='avia_textblock'  itemprop=\"text\" ><p>Profesor Ayudante Doctor<\/p>\n<\/div><\/section><br \/>\n<section  class='av_textblock_section av-kbajzbn8-4e0d885860fc7accefe8b3deae8b5b90 '   itemscope=\"itemscope\" itemtype=\"https:\/\/schema.org\/CreativeWork\" ><div class='avia_textblock'  itemprop=\"text\" ><p><strong>Javier Bravo Agapito<\/strong> es doctor en Ingenier\u00eda Inform\u00e1tica por la Universidad Aut\u00f3noma de Madrid (UAM). Obtuvo una beca de Formaci\u00f3n Personal Investigador (FPI) del Ministerio de Educaci\u00f3n y Ciencia (2005-2009). Realiz\u00f3 una estancia de investigaci\u00f3n en Telecom Bretagne (Brest, France) con el grupo del Prof. Garlatti, y otra estancia en la University of Pittsburgh (Pittsburgh, PA, USA) con el grupo PAWS, liderado por el Prof. Peter Brusilovsky. Fue Profesor Adjunto (2009-2011) y Profesor Contratado Doctor (2011-2021) en la Facultad de Inform\u00e1tica en la Universidad a Distancia de Madrid (UDIMA). Desde el a\u00f1o 2021 es Profesor Ayudante Doctor (PAD) en el Departamento de Ingenier\u00eda del Software e Inteligencia Artificial en la Universidad Complutense de Madrid (UCM). Actualmente, es miembro del grupo e-UCM en la UCM, liderado por el Prof. Baltasar Fern\u00e1ndez Manj\u00f3n. Las l\u00edneas en las que esta interesado son: An\u00e1lisis de datos de los sistemas e-Learning y otros sistemas, aprendizaje online, juegos serios e IA generativa para la educaci\u00f3n.<\/p>\n<\/div><\/section><\/p><\/div>\n<style type=\"text\/css\" data-created_by=\"avia_inline_auto\" id=\"style-css-av-1b30mg4-9732554ed31c492360e3d7d4ca8ff8cf\">\n.flex_column.av-1b30mg4-9732554ed31c492360e3d7d4ca8ff8cf{\nborder-radius:0px 0px 0px 0px;\npadding:0px 0px 0px 0px;\n}\n<\/style>\n<div  class='flex_column av-1b30mg4-9732554ed31c492360e3d7d4ca8ff8cf av_one_third  avia-builder-el-5  el_after_av_two_third  avia-builder-el-last  flex_column_div av-zero-column-padding  '     ><style type=\"text\/css\" data-created_by=\"avia_inline_auto\" id=\"style-css-av-kbal5gyt-274559c1c246bed618278be4ffbf4d59\">\n.avia-image-container.av-kbal5gyt-274559c1c246bed618278be4ffbf4d59 img.avia_image{\nbox-shadow:none;\n}\n.avia-image-container.av-kbal5gyt-274559c1c246bed618278be4ffbf4d59 .av-image-caption-overlay-center{\ncolor:#ffffff;\n}\n<\/style>\n<div  class='avia-image-container av-kbal5gyt-274559c1c246bed618278be4ffbf4d59 av-styling- avia-align-center  avia-builder-el-6  avia-builder-el-no-sibling '   itemprop=\"image\" itemscope=\"itemscope\" itemtype=\"https:\/\/schema.org\/ImageObject\" ><div class=\"avia-image-container-inner\"><div class=\"avia-image-overlay-wrap\"><img decoding=\"async\" fetchpriority=\"high\" class='wp-image-8492 avia-img-lazy-loading-not-8492 avia_image ' src=\"https:\/\/www.e-ucm.es\/wp-content\/uploads\/2024\/02\/javier-bravo_personal_bn-225x300.jpg\" alt='' title='javier-bravo_personal_bn'  height=\"300\" width=\"225\"  itemprop=\"thumbnailUrl\" srcset=\"https:\/\/www.e-ucm.es\/wp-content\/uploads\/2024\/02\/javier-bravo_personal_bn-225x300.jpg 225w, https:\/\/www.e-ucm.es\/wp-content\/uploads\/2024\/02\/javier-bravo_personal_bn-60x80.jpg 60w, https:\/\/www.e-ucm.es\/wp-content\/uploads\/2024\/02\/javier-bravo_personal_bn-529x705.jpg 529w, https:\/\/www.e-ucm.es\/wp-content\/uploads\/2024\/02\/javier-bravo_personal_bn.jpg 578w\" sizes=\"(max-width: 225px) 100vw, 225px\" \/><\/div><\/div><\/div><\/div><\/div><\/div><\/main><!-- close content main element --><\/div><\/div><div id='about_bio-details'  class='avia-section av-19ethh0-5bc6e4604a95364a7e90619e8c5ab4bc main_color avia-section-default avia-no-shadow  avia-builder-el-7  el_after_av_section  el_before_av_section  avia-bg-style-scroll container_wrap sidebar_right'  ><div class='container av-section-cont-open' ><div class='template-page content  av-content-small alpha units'><div class='post-entry post-entry-type-page post-entry-8509'><div class='entry-content-wrapper clearfix'>\n<div  class='flex_column av-17try04-7796b4f9572ab60ebfd0e977d1dc7dbb av_one_half  avia-builder-el-8  el_before_av_one_half  avia-builder-el-first  first flex_column_div  '     ><p>\n<style type=\"text\/css\" data-created_by=\"avia_inline_auto\" id=\"style-css-av-7v1v1g-095348d4bc1640e472b35eecbc58fd4f\">\n#top .av-special-heading.av-7v1v1g-095348d4bc1640e472b35eecbc58fd4f{\npadding-bottom:0;\n}\nbody .av-special-heading.av-7v1v1g-095348d4bc1640e472b35eecbc58fd4f .av-special-heading-tag .heading-char{\nfont-size:25px;\n}\n.av-special-heading.av-7v1v1g-095348d4bc1640e472b35eecbc58fd4f .av-subheading{\nfont-size:10px;\n}\n<\/style>\n<div  class='av-special-heading av-7v1v1g-095348d4bc1640e472b35eecbc58fd4f av-special-heading-h3  avia-builder-el-9  el_before_av_tab_container  avia-builder-el-first '><h3 class='av-special-heading-tag '  itemprop=\"headline\"  >Contacto<\/h3><div class=\"special-heading-border\"><div class=\"special-heading-inner-border\"><\/div><\/div><\/div><br \/>\n<div  class='tabcontainer av-kbaki1sr-4e524976aff75ddeb606f8bc0166a307 top_tab  avia-builder-el-10  el_after_av_heading  avia-builder-el-last '>\n<section class='av_tab_section av_tab_section av-43hw10-cbc3d83258322c77059f637d57c5cb68'  itemscope=\"itemscope\" itemtype=\"https:\/\/schema.org\/CreativeWork\" ><div id='tab-id-1-tab' class='tab active_tab' role='tab' aria-selected=\"true\" tabindex=\"0\" data-fake-id='#tab-id-1' aria-controls='tab-id-1-content'  itemprop=\"headline\" ><span class='tab_icon avia-svg-icon avia-font-svg_entypo-fontello' data-av_svg_icon='5' data-av_iconset='svg_entypo-fontello'><\/span>B\u00e1sico<\/div><div id='tab-id-1-content' class='tab_content active_tab_content' role='tabpanel' aria-labelledby='tab-id-1-tab' aria-hidden=\"false\"><div class='tab_inner_content invers-color'  itemprop=\"text\" ><p>\n<style type=\"text\/css\" data-created_by=\"avia_inline_auto\" id=\"style-css-av-12btj2s-9579843cbc661ebc5474eb10075f9f01\">\n.av_font_icon.av-12btj2s-9579843cbc661ebc5474eb10075f9f01{\ncolor:#017870;\nborder-color:#017870;\n}\n.avia-svg-icon.av-12btj2s-9579843cbc661ebc5474eb10075f9f01 svg:first-child{\nstroke:#017870;\nfill:#017870;\n}\n.av_font_icon.av-12btj2s-9579843cbc661ebc5474eb10075f9f01 .av-icon-char{\nfont-size:15px;\nline-height:15px;\n}\n<\/style>\n<span  class='av_font_icon av-12btj2s-9579843cbc661ebc5474eb10075f9f01 avia_animate_when_visible av-icon-style- avia-icon-pos-left avia-svg-icon avia-font-svg_entypo-fontello avia-icon-animate'><span class='av-icon-char' data-av_svg_icon='5' data-av_iconset='svg_entypo-fontello' ><\/span><\/span> <a href=\"mailto:jabrav01@ucm.es\">jabrav01@ucm.es<\/a><\/p>\n<p>&nbsp;\n<style type=\"text\/css\" data-created_by=\"avia_inline_auto\" id=\"style-css-av-11is7wk-59487e5eeafe8dd4cd5fee22d7989882\">\n.av_font_icon.av-11is7wk-59487e5eeafe8dd4cd5fee22d7989882{\ncolor:#017870;\nborder-color:#017870;\n}\n.avia-svg-icon.av-11is7wk-59487e5eeafe8dd4cd5fee22d7989882 svg:first-child{\nstroke:#017870;\nfill:#017870;\n}\n.av_font_icon.av-11is7wk-59487e5eeafe8dd4cd5fee22d7989882 .av-icon-char{\nfont-size:15px;\nline-height:15px;\n}\n<\/style>\n<span  class='av_font_icon av-11is7wk-59487e5eeafe8dd4cd5fee22d7989882 avia_animate_when_visible av-icon-style- avia-icon-pos-left avia-svg-icon avia-font-svg_entypo-fontello avia-icon-animate'><span class='av-icon-char' data-av_svg_icon='18' data-av_iconset='svg_entypo-fontello' ><\/span><\/span> Facultad de Inform\u00e1tica, 420 bis (4\u00aa planta)<\/p>\n<\/div><\/div><\/section>\n<section class='av_tab_section av_tab_section av-zg2j78-0e90daebd83977d1db558dce0d558952'  itemscope=\"itemscope\" itemtype=\"https:\/\/schema.org\/CreativeWork\" ><div id='tab-id-2-tab' class='tab' role='tab' aria-selected=\"false\" tabindex=\"0\" data-fake-id='#tab-id-2' aria-controls='tab-id-2-content'  itemprop=\"headline\" ><span class='tab_icon avia-svg-icon avia-font-svg_entypo-fontello' data-av_svg_icon='14' data-av_iconset='svg_entypo-fontello'><\/span>Social<\/div><div id='tab-id-2-content' class='tab_content' role='tabpanel' aria-labelledby='tab-id-2-tab' aria-hidden=\"true\"><div class='tab_inner_content invers-color'  itemprop=\"text\" ><\/div><\/div><\/section>\n<section class='av_tab_section av_tab_section av-v45yqc-0413d8c940e20817e9a5df0e62fe4c95'  itemscope=\"itemscope\" itemtype=\"https:\/\/schema.org\/CreativeWork\" ><div id='tab-id-3-tab' class='tab' role='tab' aria-selected=\"false\" tabindex=\"0\" data-fake-id='#tab-id-3' aria-controls='tab-id-3-content'  itemprop=\"headline\" ><span class='tab_icon avia-svg-icon avia-font-svg_entypo-fontello' data-av_svg_icon='7' data-av_iconset='svg_entypo-fontello'><\/span>Investigaci\u00f3n<\/div><div id='tab-id-3-content' class='tab_content' role='tabpanel' aria-labelledby='tab-id-3-tab' aria-hidden=\"true\"><div class='tab_inner_content invers-color'  itemprop=\"text\" ><p>\n<style type=\"text\/css\" data-created_by=\"avia_inline_auto\" id=\"style-css-av-tosgxw-2228893c6bd03d985544bc0deb873762\">\n.av_font_icon.av-tosgxw-2228893c6bd03d985544bc0deb873762{\ncolor:#017870;\nborder-color:#017870;\n}\n.avia-svg-icon.av-tosgxw-2228893c6bd03d985544bc0deb873762 svg:first-child{\nstroke:#017870;\nfill:#017870;\n}\n.av_font_icon.av-tosgxw-2228893c6bd03d985544bc0deb873762 .av-icon-char{\nfont-size:15px;\nline-height:15px;\n}\n<\/style>\n<span  class='av_font_icon av-tosgxw-2228893c6bd03d985544bc0deb873762 avia_animate_when_visible av-icon-style- avia-icon-pos-left avia-svg-icon avia-font-svg_entypo-fontello avia-icon-animate'><span class='av-icon-char' data-av_svg_icon='33' data-av_iconset='svg_entypo-fontello' ><\/span><\/span>Google Scholar<\/p>\n<p>\n<style type=\"text\/css\" data-created_by=\"avia_inline_auto\" id=\"style-css-av-s1zwyc-3f626ed89ba877aaaa8ac283c3f32d6a\">\n.av_font_icon.av-s1zwyc-3f626ed89ba877aaaa8ac283c3f32d6a{\ncolor:#017870;\nborder-color:#017870;\n}\n.avia-svg-icon.av-s1zwyc-3f626ed89ba877aaaa8ac283c3f32d6a svg:first-child{\nstroke:#017870;\nfill:#017870;\n}\n.av_font_icon.av-s1zwyc-3f626ed89ba877aaaa8ac283c3f32d6a .av-icon-char{\nfont-size:15px;\nline-height:15px;\n}\n<\/style>\n<span  class='av_font_icon av-s1zwyc-3f626ed89ba877aaaa8ac283c3f32d6a avia_animate_when_visible av-icon-style- avia-icon-pos-left avia-svg-icon avia-font-svg_entypo-fontello avia-icon-animate'><span class='av-icon-char' data-av_svg_icon='76' data-av_iconset='svg_entypo-fontello' ><\/span><\/span>Mendeley<\/p>\n<p>\n<style type=\"text\/css\" data-created_by=\"avia_inline_auto\" id=\"style-css-av-9abno-52d51a252a58c066463f774b105ef9ef\">\n.av_font_icon.av-9abno-52d51a252a58c066463f774b105ef9ef{\ncolor:#017870;\nborder-color:#017870;\n}\n.avia-svg-icon.av-9abno-52d51a252a58c066463f774b105ef9ef svg:first-child{\nstroke:#017870;\nfill:#017870;\n}\n.av_font_icon.av-9abno-52d51a252a58c066463f774b105ef9ef .av-icon-char{\nfont-size:15px;\nline-height:15px;\n}\n<\/style>\n<span  class='av_font_icon av-9abno-52d51a252a58c066463f774b105ef9ef avia_animate_when_visible av-icon-style- avia-icon-pos-left avia-svg-icon avia-font-svg_entypo-fontello avia-icon-animate'><span class='av-icon-char' data-av_svg_icon='54' data-av_iconset='svg_entypo-fontello' ><\/span><\/span>Research Gate<\/p>\n<p>\n<style type=\"text\/css\" data-created_by=\"avia_inline_auto\" id=\"style-css-av-nxvp2s-4bf9295a55fabeeece7248045d05473e\">\n.av_font_icon.av-nxvp2s-4bf9295a55fabeeece7248045d05473e{\ncolor:#017870;\nborder-color:#017870;\n}\n.avia-svg-icon.av-nxvp2s-4bf9295a55fabeeece7248045d05473e svg:first-child{\nstroke:#017870;\nfill:#017870;\n}\n.av_font_icon.av-nxvp2s-4bf9295a55fabeeece7248045d05473e .av-icon-char{\nfont-size:15px;\nline-height:15px;\n}\n<\/style>\n<span  class='av_font_icon av-nxvp2s-4bf9295a55fabeeece7248045d05473e avia_animate_when_visible av-icon-style- avia-icon-pos-left avia-svg-icon avia-font-svg_entypo-fontello avia-icon-animate'><span class='av-icon-char' data-av_svg_icon='145' data-av_iconset='svg_entypo-fontello' ><\/span><\/span>SlideShare<\/p>\n<\/div><\/div><\/section>\n<\/div><\/p><\/div>\n<style type=\"text\/css\" data-created_by=\"avia_inline_auto\" id=\"style-css-av-m9g76c-4470f7ee9ccfa950899ffc6e39a78ee1\">\n.flex_column.av-m9g76c-4470f7ee9ccfa950899ffc6e39a78ee1{\nborder-radius:0px 0px 0px 0px;\npadding:0px 0px 0px 0px;\n}\n<\/style>\n<div  class='flex_column av-m9g76c-4470f7ee9ccfa950899ffc6e39a78ee1 av_one_half  avia-builder-el-17  el_after_av_one_half  el_before_av_one_half  flex_column_div av-zero-column-padding  '     ><p>\n<style type=\"text\/css\" data-created_by=\"avia_inline_auto\" id=\"style-css-av-5j0yfo-4aec4b6d956c1ebc9854f8f60b1b2a65\">\n#top .av-special-heading.av-5j0yfo-4aec4b6d956c1ebc9854f8f60b1b2a65{\npadding-bottom:10px;\n}\nbody .av-special-heading.av-5j0yfo-4aec4b6d956c1ebc9854f8f60b1b2a65 .av-special-heading-tag .heading-char{\nfont-size:25px;\n}\n.av-special-heading.av-5j0yfo-4aec4b6d956c1ebc9854f8f60b1b2a65 .av-subheading{\nfont-size:10px;\n}\n<\/style>\n<div  class='av-special-heading av-5j0yfo-4aec4b6d956c1ebc9854f8f60b1b2a65 av-special-heading-h3  avia-builder-el-18  el_before_av_progress  avia-builder-el-first '><h3 class='av-special-heading-tag '  itemprop=\"headline\"  >Investigaci\u00f3n<\/h3><div class=\"special-heading-border\"><div class=\"special-heading-inner-border\"><\/div><\/div><\/div><br \/>\n\n<style type=\"text\/css\" data-created_by=\"avia_inline_auto\" id=\"style-css-sub-av-kbajb1ck-0a5e3ab03f573434281f9f0df7d81207\">\n#top .avia-progress-bar-container .avia-progress-bar.av-il7eac-93dfc76869a2487ba151ce3f14a8e519 .bar{\nwidth:60%;\n}\n#top .avia-progress-bar-container .avia-progress-bar.av-1clsg4-ac338f363ef2a88e294c8149e13c1b60 .bar{\nwidth:85%;\nbackground-image: linear-gradient( -45deg, #D7D7D7 25%, #F9F9F9 25%, #F9F9F9 50%, #D7D7D7 50%, #D7D7D7 75%, #F9F9F9 75%, #F9F9F9 );\nbackground-image: linear-gradient( -45deg, #D7D7D7 25%, #F9F9F9 25%, #F9F9F9 50%, #D7D7D7 50%, #D7D7D7 75%, #F9F9F9 75%, #F9F9F9 );\nbackground-color:#D7D7D7;\n}\n<\/style>\n<div  class='avia-progress-bar-container av-kbajb1ck-0a5e3ab03f573434281f9f0df7d81207 av-striped-bar av-animated-bar avia_animate_when_almost_visible  avia-builder-el-19  el_after_av_heading  avia-builder-el-last '><div class='avia-progress-bar av-il7eac-93dfc76869a2487ba151ce3f14a8e519 icon-bar-no theme-color-bar theme-color-bar icon-bar-no'><div class=\"progressbar-title-wrap\"><div class=\"progressbar-icon\"><span class='progressbar-char avia-iconfont avia-font-entypo-fontello' data-av_icon='\ue800' data-av_iconfont='entypo-fontello' ><\/span><\/div><div class='progressbar-title'>Anal\u00edticas y Data Mining<\/div><\/div><div class=\"progress\"><div class=\"bar-outer\"><div class='bar' data-progress='60'><\/div><\/div><\/div><\/div><div class='avia-progress-bar av-1clsg4-ac338f363ef2a88e294c8149e13c1b60 icon-bar-no silver-bar icon-bar-no'><div class=\"progressbar-title-wrap\"><div class=\"progressbar-icon\"><span class='progressbar-char avia-iconfont avia-font-entypo-fontello' data-av_icon='\ue800' data-av_iconfont='entypo-fontello' ><\/span><\/div><div class='progressbar-title'>E-Learning<\/div><\/div><div class=\"progress\"><div class=\"bar-outer\"><div class='bar' data-progress='85'><\/div><\/div><\/div><\/div><\/div><\/p><\/div>\n<style type=\"text\/css\" data-created_by=\"avia_inline_auto\" id=\"style-css-av-cdj210-1df36a984c5ff9f8e8febf987aad8094\">\n.flex_column.av-cdj210-1df36a984c5ff9f8e8febf987aad8094{\nborder-radius:0px 0px 0px 0px;\npadding:0px 0px 0px 0px;\n}\n<\/style>\n<div  class='flex_column av-cdj210-1df36a984c5ff9f8e8febf987aad8094 av_one_half  avia-builder-el-20  el_after_av_one_half  el_before_av_one_half  first flex_column_div av-zero-column-padding  column-top-margin'     ><p>\n<style type=\"text\/css\" data-created_by=\"avia_inline_auto\" id=\"style-css-av-3y4rv8-eba7c1b5aae516899ec3526ba590198b\">\n#top .av-special-heading.av-3y4rv8-eba7c1b5aae516899ec3526ba590198b{\npadding-bottom:10px;\n}\nbody .av-special-heading.av-3y4rv8-eba7c1b5aae516899ec3526ba590198b .av-special-heading-tag .heading-char{\nfont-size:25px;\n}\n.av-special-heading.av-3y4rv8-eba7c1b5aae516899ec3526ba590198b .av-subheading{\nfont-size:15px;\n}\n<\/style>\n<div  class='av-special-heading av-3y4rv8-eba7c1b5aae516899ec3526ba590198b av-special-heading-h3  avia-builder-el-21  el_before_av_iconlist  avia-builder-el-first '><h3 class='av-special-heading-tag '  itemprop=\"headline\"  >M\u00e9ritos y premios<\/h3><div class=\"special-heading-border\"><div class=\"special-heading-inner-border\"><\/div><\/div><\/div><br \/>\n<div  class='avia-icon-list-container av-kbaknjlt-8bcebbe552c0b6ccd866b223bb6c915e  avia-builder-el-22  el_after_av_heading  avia-builder-el-last '><ul class='avia-icon-list avia_animate_when_almost_visible avia-icon-list-left av-iconlist-big av-kbaknjlt-8bcebbe552c0b6ccd866b223bb6c915e avia-iconlist-animate'><\/ul><\/div><\/p><\/div>\n<style type=\"text\/css\" data-created_by=\"avia_inline_auto\" id=\"style-css-av-6kxu8k-001257bf24dc0fd22c158ad92de70a9d\">\n.flex_column.av-6kxu8k-001257bf24dc0fd22c158ad92de70a9d{\nborder-radius:0px 0px 0px 0px;\npadding:0px 0px 0px 0px;\n}\n<\/style>\n<div  class='flex_column av-6kxu8k-001257bf24dc0fd22c158ad92de70a9d av_one_half  avia-builder-el-23  el_after_av_one_half  avia-builder-el-last  flex_column_div av-zero-column-padding  column-top-margin'     ><style type=\"text\/css\" data-created_by=\"avia_inline_auto\" id=\"style-css-av-1utnk4-56acc20647a0a9dd63daf12f45f21b0a\">\n#top .av-special-heading.av-1utnk4-56acc20647a0a9dd63daf12f45f21b0a{\npadding-bottom:10px;\n}\nbody .av-special-heading.av-1utnk4-56acc20647a0a9dd63daf12f45f21b0a .av-special-heading-tag .heading-char{\nfont-size:25px;\n}\n.av-special-heading.av-1utnk4-56acc20647a0a9dd63daf12f45f21b0a .av-subheading{\nfont-size:15px;\n}\n<\/style>\n<div  class='av-special-heading av-1utnk4-56acc20647a0a9dd63daf12f45f21b0a av-special-heading-h3  avia-builder-el-24  avia-builder-el-no-sibling '><h3 class='av-special-heading-tag '  itemprop=\"headline\"  >Videos<\/h3><div class=\"special-heading-border\"><div class=\"special-heading-inner-border\"><\/div><\/div><\/div><\/div><\/div><\/div><\/div><!-- close content main div --><\/div><\/div><div id='about_bio-cv'  class='avia-section av-347j04-25dfb224c718d5ae2fd385bdb40009a1 main_color avia-section-default avia-no-shadow  avia-builder-el-25  el_after_av_section  avia-builder-el-last  avia-bg-style-scroll container_wrap sidebar_right'  ><div class='container av-section-cont-open' ><div class='template-page content  av-content-small alpha units'><div class='post-entry post-entry-type-page post-entry-8509'><div class='entry-content-wrapper clearfix'>\n<section  class='av_textblock_section av-kbaj98fs-4c4b2fec8cf2533f32a723864c05723f '   itemscope=\"itemscope\" itemtype=\"https:\/\/schema.org\/CreativeWork\" ><div class='avia_textblock'  itemprop=\"text\" ><ul><br\/><h3>2025<\/h3><h4>Journal<\/h4><li>Iv\u00e1n Garc\u00eda-Magari\u00f1o, Javier Bravo-Agapito, Raquel Lacuesta (2025): <em><strong><a href=\"http:\/\/pubman.e-ucm.es\/drafts\/e-UCM_draft_406.pdf\">Cybersecure XAI Algorithm for Generating Recommendations Based on Financial Fundamentals Using DeepSeek<\/a><\/strong><\/em>. AI 2025, 6, 95. [JCR 2024 IF: 5, 41\/175, Q1 in Computer Science, Interdisciplinary Applications]. DOI: 10.3390\/AI6050095.<\/li><br\/><h3>2024<\/h3><h4>Journal<\/h4><li>Sonia Pamplona, Javier Bravo-Agapito, Isaac Seoane (2024): <em><strong><a href=\"http:\/\/pubman.e-ucm.es\/drafts\/e-UCM_draft_405.pdf\">An Approach to Discover Students&#039; Conceptions in Online Computing Education: A Case Study of Students&#039; Understanding of Virtual Memory<\/a><\/strong><\/em>. IEEE Access 12(1). [JCR 2024 IF: 3.6, 93\/258, Q2 in Computer Science, Information Systems]. DOI: 10.1109\/ACCESS.2024.3442440.<\/li><br\/><h3>2021<\/h3><h4>Journal<\/h4><li>F. David Guill\u00e9n-Gamez, Mar\u00eda J. Mayorga-Fern\u00e1ndez, Javier Bravo-Agapito, David Escribano-Ortiz (2021): <em><strong>Analysis of Teachers\u2019 Pedagogical Digital Competence: Identification of Factors Predicting Their Acquisition<\/strong><\/em>. Technology, Knowledge and Learning,\r\nISSN:  2211-1670,\r\nVol.: 26,\r\nN\u00fam.: 3,\r\nP\u00e1gs.: 481-498.\r\nDOI: https:\/\/doi.org\/10.1007\/S10758-019-09432-7.\r\nAcceso abierto: S\u00ed, Ruta diamante\r\n[SJR: impacto: 1.138, Q1 Education (139\/1441)]\r\n[JCI: 1.93, Q1 EDUCATION &amp; EDUCATION RESEARCH (53\/743)]\r\n[Scopus FWCI: 11.57, Dimensions FCR: 69.54].<\/li><li>Javier Bravo-Agapito, Sonia J. Romero, Sonia Pamplona (2021): <em><strong>Early prediction of undergraduate Student&#039;s academic performance in completely online learning: A five-year study<\/strong><\/em>. Computers in Human Behavior,\r\nISSN: 0747-5632,\r\nVol.: 115,\r\nP\u00e1gs.: 106595.\r\nDOI: https:\/\/doi.org\/10.1016\/J.CHB.2020.106595.\r\nAcceso abierto: No.\r\n[JCR: JIF: 8.957, Q1 PSYCHOLOGY, MULTIDISCIPLINARY (11\/148), SSCI]\r\n[JCI: 2.59, Q1 PSYCHOLOGY, MULTIDISCIPLINARY (16\/211)]\r\n[Scopus FWCI (2024): 4.33, Dimensions FCR(2024): 20.64].<\/li><br\/><h3>2020<\/h3><h4>Journal<\/h4><li>Sonia J. Romero, Xavier G. Ord\u00f3\u00f1ez, F. David Guill\u00e9n-Gamez, Javier Bravo-Agapito (2020): <em><strong><a href=\"http:\/\/pubman.e-ucm.es\/drafts\/e-UCM_draft_386.pdf\">Attitudes toward technology among distance education students: Validation of an explanatory model<\/a><\/strong><\/em>. Online Learning Journal,\r\nISSN: 2472-5730,\r\nVol.: 24,\r\nN\u00fam.: 2,\r\nP\u00e1gs.: 59-75.\r\nDOI: https:\/\/doi.org\/10.24059\/OLJ.V24I2.2028.\r\nAcceso abierto: S\u00ed, Ruta diamante, Sello DOAJ.\r\n[SJR: impacto: 1.182, Q1 Education (151\/1693)]\r\n[JCI: 1.32, Q1 EDUCATION &amp; EDUCATION RESEARCH (161\/724)]\r\n[Scopus FWCI (2024): 2.38, Dimensions FCR(2024): 13.66].<\/li><li>Javier Bravo-Agapito, Claire F. Bonilla, Isaac Seoane (2020): <em><strong>Data mining in foreign language learning<\/strong><\/em>. Wiley Interdisciplinary Reviews: Data Mining and Knowledge Discovery,\r\nISSN: 1942-4795,\r\nVol.: 10,\r\nN\u00fam.: 1,\r\nP\u00e1gs.: e1287.\r\nDOI: https:\/\/doi.org\/10.1002\/WIDM.1287.\r\nAcceso abierto: No.\r\n[JCR: JIF: 7.25, Q1 COMPUTER SCIENCE, ARTIFICIAL INTELLIGENCE (19\/139), SCIE]\r\n[JCI: 0.93, Q2 COMPUTER SCIENCE, ARTIFICIAL INTELLIGENCE (52\/175)]\r\n[Scopus FWCI(2024): 0.24, Dimensions FCR(2024): 2.55].<\/li><br\/><h3>2019<\/h3><h4>Journal<\/h4><li>\u00c1lvaro Ortigosa, Rosa M. Carro, Javier Bravo-Agapito, David Lizcano, Juan J. Alcolea, \u00d3scar Blanco (2019): <em><strong>From Lab to Production: Lessons Learnt and Real-Life Challenges of an Early Student-Dropout Prevention System<\/strong><\/em>. IEEE Transactions on Learning Technologies,\r\nISSN: 1939-1382,\r\nVol.: 12,\r\nN\u00fam.: 2,\r\nP\u00e1gs.: 264-277,\r\nAcceso abierto: No.\r\nDOI: https:\/\/doi.org\/10.1109\/TLT.2019.2911608.\r\n[JCR: JIF: 2.714, Q1 EDUCATION &amp; EDUCATION RESEARCH (36\/263), SSCI]\r\n[JCI: 1.6, Q1 EDUCATION &amp; EDUCATION RESEARCH (107\/723)]\r\n[Scopus FWCI(2024): 2.91 , Dimensions FCR(2024): 10.59].<\/li><br\/><h3>2018<\/h3><h4>Journal<\/h4><li>Javier Bravo-Agapito, Aurora Centellas, Raquel Aguayo (2018): <em><strong><a href=\"http:\/\/pubman.e-ucm.es\/drafts\/e-UCM_draft_385.pdf\">Nuevos entornos abiertos de aprendizaje para la ense\u00f1anza de lenguas extranjeras. \u00bfSon capaces los MOOC de generar un cambio metodol\u00f3gico?<\/a><\/strong><\/em>. Revista Tecnolog\u00eda, Ciencia y Educaci\u00f3n,\r\nISSN:  2444-250X,\r\nN\u00famero: 9,\r\nP\u00e1ginas: 113-145.\r\nDOI: https:\/\/doi.org\/10.51302\/TCE.2018.176.\r\nAcceso abierto: S\u00ed, Ruta diamante.\r\n[Dialnet: impacto: 0.27, Q2, EDUCACI\u00d3N (93\/241)]\r\n[Dimensions: FCR(2024): 0.58].<\/li><\/ul>\n<\/div><\/section>\n<\/div><\/div><\/div><!-- close content main div --><\/div><\/div><div id='after_section_3'  class='main_color av_default_container_wrap container_wrap sidebar_right'  ><div class='container av-section-cont-open' ><div class='template-page content  av-content-small alpha units'><div class='post-entry post-entry-type-page post-entry-8509'><div class='entry-content-wrapper clearfix'><\/p>\n","protected":false},"excerpt":{"rendered":"","protected":false},"author":9,"featured_media":8492,"parent":1152,"menu_order":0,"comment_status":"open","ping_status":"closed","template":"","meta":{"footnotes":""},"class_list":["post-8509","page","type-page","status-publish","has-post-thumbnail","hentry"],"_links":{"self":[{"href":"https:\/\/www.e-ucm.es\/es\/wp-json\/wp\/v2\/pages\/8509","targetHints":{"allow":["GET"]}}],"collection":[{"href":"https:\/\/www.e-ucm.es\/es\/wp-json\/wp\/v2\/pages"}],"about":[{"href":"https:\/\/www.e-ucm.es\/es\/wp-json\/wp\/v2\/types\/page"}],"author":[{"embeddable":true,"href":"https:\/\/www.e-ucm.es\/es\/wp-json\/wp\/v2\/users\/9"}],"replies":[{"embeddable":true,"href":"https:\/\/www.e-ucm.es\/es\/wp-json\/wp\/v2\/comments?post=8509"}],"version-history":[{"count":5,"href":"https:\/\/www.e-ucm.es\/es\/wp-json\/wp\/v2\/pages\/8509\/revisions"}],"predecessor-version":[{"id":8515,"href":"https:\/\/www.e-ucm.es\/es\/wp-json\/wp\/v2\/pages\/8509\/revisions\/8515"}],"up":[{"embeddable":true,"href":"https:\/\/www.e-ucm.es\/es\/wp-json\/wp\/v2\/pages\/1152"}],"wp:featuredmedia":[{"embeddable":true,"href":"https:\/\/www.e-ucm.es\/es\/wp-json\/wp\/v2\/media\/8492"}],"wp:attachment":[{"href":"https:\/\/www.e-ucm.es\/es\/wp-json\/wp\/v2\/media?parent=8509"}],"curies":[{"name":"wp","href":"https:\/\/api.w.org\/{rel}","templated":true}]}}