{"id":8826,"date":"2025-05-27T10:55:17","date_gmt":"2025-05-27T08:55:17","guid":{"rendered":"https:\/\/www.e-ucm.es\/?page_id=8826"},"modified":"2025-05-27T12:36:20","modified_gmt":"2025-05-27T10:36:20","slug":"collaborate","status":"publish","type":"page","link":"https:\/\/www.e-ucm.es\/es\/collaborate\/","title":{"rendered":"Colabora con nosotros"},"content":{"rendered":"\n<h2 class=\"wp-block-heading\">\u00bfTe interesa colaborar con el grupo?<\/h2>\n\n\n\n<blockquote class=\"wp-block-quote is-layout-flow wp-block-quote-is-layout-flow\">\n<p>Puedes encontrar la informaci\u00f3n sobre los miembros del grupo y nuestro contacto en la p\u00e1gina de <a href=\"https:\/\/www.e-ucm.es\/es\/people\/\">Qui\u00e9nes somos<\/a>.<\/p>\n<\/blockquote>\n\n\n\n<h3 class=\"wp-block-heading\">Trabajos de Fin de Grado<\/h3>\n\n\n\n<p>Los miembros del grupo dirigimos <strong>trabajos de fin de grado<\/strong> en temas como <strong>juegos serios, an\u00e1lisis y visualizaci\u00f3n de datos, <\/strong>tecnolog\u00eda aplicada a educaci\u00f3n, temas sociales (e.j., envejecimiento activo, campo m\u00e9dico), aplicaciones educativas en entornos reales (escuelas, institutos), gamificaci\u00f3n, uso de biose\u00f1ales, etc.<\/p>\n\n\n\n<p>Si est\u00e1s interesado en alguno de estos temas o tienes alguna propuesta que crees que puede ser interesante, no dudes en contactarnos.<\/p>\n\n\n\n<h3 class=\"wp-block-heading\">Trabajos de Fin de M\u00e1ster<\/h3>\n\n\n\n<p>Los miembros del grupo dirigimos <strong>trabajos de fin de m\u00e1ster <\/strong>en temas como juegos serios, an\u00e1lisis y visualizaci\u00f3n de datos, tecnolog\u00eda aplicada a educaci\u00f3n, temas sociales (e.j., envejecimiento activo, campo m\u00e9dico), aplicaciones educativas en entornos reales (escuelas, institutos), etc.<\/p>\n\n\n\n<p>Si est\u00e1s interesado en alguno de estos temas o tienes alguna propuesta que crees que puede ser interesante, no dudes en contactarnos.<\/p>\n\n\n\n<h3 class=\"wp-block-heading\">Tesis doctorales<\/h3>\n\n\n\n<p>En el grupo supervisamos algunas tesis doctorales en temas relacionados con los juegos serios y las anal\u00edticas de aprendizaje, el an\u00e1lisis y visualizaci\u00f3n de datos, en contextos tanto educativos como abordando diversos temas sociales. <\/p>\n\n\n\n<p>Si est\u00e1s interesado en empezar una tesis doctoral en el grupo, cont\u00e1ctanos para explorar las opciones disponibles (incluyendo si hubiera posibilidad de financiaci\u00f3n o de apoyo en la solicitud de una beca predoctoral). <\/p>\n\n\n\n<p><\/p>\n\n\n\n<blockquote class=\"wp-block-quote is-layout-flow wp-block-quote-is-layout-flow\">\n<p>Puedes encontrar m\u00e1s informaci\u00f3n sobre las tesis doctorales, TFMs y TFGs dirigidos en el grupo de investigaci\u00f3n en la p\u00e1gina de <a href=\"https:\/\/www.e-ucm.es\/es\/thesis\/\">trabajos dirigidos<\/a>.<\/p>\n<\/blockquote>\n\n\n\n<p><\/p>\n\n\n\n<h3 class=\"wp-block-heading\">Pr\u00e1cticas en empresa<\/h3>\n\n\n\n<p>Tambi\u00e9n existe la posibilidad de ofertar pr\u00e1cticas en empresa a trav\u00e9s de la <strong>C\u00e1tedra Telef\u00f3nica-Complutense en Educaci\u00f3n Digital y Juegos Serios<\/strong>, para trabajar en proyectos del grupo de investigaci\u00f3n. Estas pr\u00e1cticas s\u00ed ser\u00edan v\u00e1lidas para computar como cr\u00e9ditos a reconocer pero no son remuneradas.<\/p>\n\n\n\n<p>Si te interesa esta opci\u00f3n, contacta con Baltasar Fern\u00e1ndez Manj\u00f3n, director de la C\u00e1tedra, en <a href=\"mailto:balta@fdi.ucm.es\">balta@fdi.ucm.es<\/a> <\/p>\n","protected":false},"excerpt":{"rendered":"<p>\u00bfTe interesa colaborar con el grupo? Puedes encontrar la informaci\u00f3n sobre los miembros del grupo y nuestro contacto en la p\u00e1gina de Qui\u00e9nes somos. Trabajos de Fin de Grado Los miembros del grupo dirigimos trabajos de fin de grado en temas como juegos serios, an\u00e1lisis y visualizaci\u00f3n de datos, tecnolog\u00eda aplicada a educaci\u00f3n, temas sociales [&hellip;]<\/p>\n","protected":false},"author":12,"featured_media":0,"parent":0,"menu_order":0,"comment_status":"closed","ping_status":"closed","template":"","meta":{"footnotes":""},"class_list":["post-8826","page","type-page","status-publish","hentry"],"_links":{"self":[{"href":"https:\/\/www.e-ucm.es\/es\/wp-json\/wp\/v2\/pages\/8826","targetHints":{"allow":["GET"]}}],"collection":[{"href":"https:\/\/www.e-ucm.es\/es\/wp-json\/wp\/v2\/pages"}],"about":[{"href":"https:\/\/www.e-ucm.es\/es\/wp-json\/wp\/v2\/types\/page"}],"author":[{"embeddable":true,"href":"https:\/\/www.e-ucm.es\/es\/wp-json\/wp\/v2\/users\/12"}],"replies":[{"embeddable":true,"href":"https:\/\/www.e-ucm.es\/es\/wp-json\/wp\/v2\/comments?post=8826"}],"version-history":[{"count":4,"href":"https:\/\/www.e-ucm.es\/es\/wp-json\/wp\/v2\/pages\/8826\/revisions"}],"predecessor-version":[{"id":8856,"href":"https:\/\/www.e-ucm.es\/es\/wp-json\/wp\/v2\/pages\/8826\/revisions\/8856"}],"wp:attachment":[{"href":"https:\/\/www.e-ucm.es\/es\/wp-json\/wp\/v2\/media?parent=8826"}],"curies":[{"name":"wp","href":"https:\/\/api.w.org\/{rel}","templated":true}]}}