{"id":8979,"date":"2026-05-07T15:50:31","date_gmt":"2026-05-07T13:50:31","guid":{"rendered":"https:\/\/www.e-ucm.es\/?page_id=8979"},"modified":"2026-05-07T16:08:08","modified_gmt":"2026-05-07T14:08:08","slug":"julio","status":"publish","type":"page","link":"https:\/\/www.e-ucm.es\/es\/people\/julio\/","title":{"rendered":"Julio Santilario-Berthilier"},"content":{"rendered":"<div id='about_bio'  class='avia-section av-1r4k5hr-a4d794413e65cc27cf57e684fbb80331 main_color avia-section-default avia-no-shadow  avia-builder-el-0  el_before_av_section  avia-builder-el-first  avia-bg-style-scroll container_wrap sidebar_right'  ><div class='container av-section-cont-open' ><main  role=\"main\" itemprop=\"mainContentOfPage\"  class='template-page content  av-content-small alpha units'><div class='post-entry post-entry-type-page post-entry-8979'><div class='entry-content-wrapper clearfix'>\n<div  class='flex_column av-1qef81b-4eca1258e33f685d3eeafe7debfa322c av_two_third  avia-builder-el-1  el_before_av_one_third  avia-builder-el-first  first flex_column_div  '     ><p>\n<style type=\"text\/css\" data-created_by=\"avia_inline_auto\" id=\"style-css-av-1ogu2un-aabe98a3cc4f04348d4a2fd74a29a8cd\">\n#top .av-special-heading.av-1ogu2un-aabe98a3cc4f04348d4a2fd74a29a8cd{\npadding-bottom:0;\n}\nbody .av-special-heading.av-1ogu2un-aabe98a3cc4f04348d4a2fd74a29a8cd .av-special-heading-tag .heading-char{\nfont-size:25px;\n}\n.av-special-heading.av-1ogu2un-aabe98a3cc4f04348d4a2fd74a29a8cd .av-subheading{\nfont-size:10px;\n}\n<\/style>\n<div  class='av-special-heading av-1ogu2un-aabe98a3cc4f04348d4a2fd74a29a8cd av-special-heading-h1  avia-builder-el-2  el_before_av_textblock  avia-builder-el-first '><h1 class='av-special-heading-tag '  itemprop=\"headline\"  >Julio Santilario-Berthilier<\/h1><div class=\"special-heading-border\"><div class=\"special-heading-inner-border\"><\/div><\/div><\/div><br \/>\n<section  class='av_textblock_section av-1m59odr-88919335a27a32afcca24fd2a4881bbc '   itemscope=\"itemscope\" itemtype=\"https:\/\/schema.org\/CreativeWork\" ><div class='avia_textblock'  itemprop=\"text\" ><p>Estudiante de Doctorado<\/p>\n<\/div><\/section><br \/>\n<section  class='av_textblock_section av-1lc4ibj-48c5e1cc6519ffdac632d5d46b6267f3 '   itemscope=\"itemscope\" itemtype=\"https:\/\/schema.org\/CreativeWork\" ><div class='avia_textblock'  itemprop=\"text\" ><p><strong>Julio Santilario-Berthilier <\/strong>es doctorando del grupo e-UCM en la Universidad Complutense de Madrid.<\/p>\n<\/div><\/section><\/p><\/div>\n<style type=\"text\/css\" data-created_by=\"avia_inline_auto\" id=\"style-css-av-1j1x6tr-7e3753621577e9cbe3163da21cb91af7\">\n.flex_column.av-1j1x6tr-7e3753621577e9cbe3163da21cb91af7{\nborder-radius:0px 0px 0px 0px;\npadding:0px 0px 0px 0px;\n}\n<\/style>\n<div  class='flex_column av-1j1x6tr-7e3753621577e9cbe3163da21cb91af7 av_one_third  avia-builder-el-5  el_after_av_two_third  avia-builder-el-last  flex_column_div av-zero-column-padding  '     ><\/div>\n\n<\/div><\/div><\/main><!-- close content main element --><\/div><\/div><div id='about_bio-details'  class='avia-section av-1g0gfjj-d92ce400fb5ac5874f45edbabe49aeb0 main_color avia-section-default avia-no-shadow  avia-builder-el-7  el_after_av_section  el_before_av_section  avia-bg-style-scroll container_wrap sidebar_right'  ><div class='container av-section-cont-open' ><div class='template-page content  av-content-small alpha units'><div class='post-entry post-entry-type-page post-entry-8979'><div class='entry-content-wrapper clearfix'>\n<div  class='flex_column av-1ewaj2n-4999b4b25b57db4af2951f2119d4ddc1 av_one_half  avia-builder-el-8  el_before_av_one_half  avia-builder-el-first  first flex_column_div  '     ><p>\n<style type=\"text\/css\" data-created_by=\"avia_inline_auto\" id=\"style-css-av-1c9zgun-65295caac2bf757fd9534137b827877b\">\n#top .av-special-heading.av-1c9zgun-65295caac2bf757fd9534137b827877b{\npadding-bottom:0;\n}\nbody .av-special-heading.av-1c9zgun-65295caac2bf757fd9534137b827877b .av-special-heading-tag .heading-char{\nfont-size:25px;\n}\n.av-special-heading.av-1c9zgun-65295caac2bf757fd9534137b827877b .av-subheading{\nfont-size:10px;\n}\n<\/style>\n<div  class='av-special-heading av-1c9zgun-65295caac2bf757fd9534137b827877b av-special-heading-h3  avia-builder-el-9  el_before_av_tab_container  avia-builder-el-first '><h3 class='av-special-heading-tag '  itemprop=\"headline\"  >Contacto<\/h3><div class=\"special-heading-border\"><div class=\"special-heading-inner-border\"><\/div><\/div><\/div><br \/>\n<div  class='tabcontainer av-1bxg2un-a6ac1824e0bb6dda339d9caa3d88aa21 top_tab  avia-builder-el-10  el_after_av_heading  avia-builder-el-last '>\n<section class='av_tab_section av_tab_section av-19ucobj-4133d807cb0c9ffc3ce192da62c47ce1'  itemscope=\"itemscope\" itemtype=\"https:\/\/schema.org\/CreativeWork\" ><div id='tab-id-1-tab' class='tab active_tab' role='tab' aria-selected=\"true\" tabindex=\"0\" data-fake-id='#tab-id-1' aria-controls='tab-id-1-content'  itemprop=\"headline\" ><span class='tab_icon avia-svg-icon avia-font-svg_entypo-fontello' data-av_svg_icon='5' data-av_iconset='svg_entypo-fontello'><\/span>Basic<\/div><div id='tab-id-1-content' class='tab_content active_tab_content' role='tabpanel' aria-labelledby='tab-id-1-tab' aria-hidden=\"false\"><div class='tab_inner_content invers-color'  itemprop=\"text\" ><p>\n<style type=\"text\/css\" data-created_by=\"avia_inline_auto\" id=\"style-css-av-17wg66n-5bdd58d5a3bf5d1a796e8feac89a555c\">\n.av_font_icon.av-17wg66n-5bdd58d5a3bf5d1a796e8feac89a555c{\ncolor:#017870;\nborder-color:#017870;\n}\n.avia-svg-icon.av-17wg66n-5bdd58d5a3bf5d1a796e8feac89a555c svg:first-child{\nstroke:#017870;\nfill:#017870;\n}\n.av_font_icon.av-17wg66n-5bdd58d5a3bf5d1a796e8feac89a555c .av-icon-char{\nfont-size:15px;\nline-height:15px;\n}\n<\/style>\n<span  class='av_font_icon av-17wg66n-5bdd58d5a3bf5d1a796e8feac89a555c avia_animate_when_visible av-icon-style- avia-icon-pos-left avia-svg-icon avia-font-svg_entypo-fontello avia-icon-animate'><span class='av-icon-char' data-av_svg_icon='5' data-av_iconset='svg_entypo-fontello' ><\/span><\/span> <a href=\"mailto:jsantila@ucm.es\">jsantila@ucm.es<\/a><\/p>\n<p><span style=\"line-height: 1.5em;\">\n<style type=\"text\/css\" data-created_by=\"avia_inline_auto\" id=\"style-css-av-476jxr-15667b482313b3f4237689128ef8c28f\">\n.av_font_icon.av-476jxr-15667b482313b3f4237689128ef8c28f{\ncolor:#017870;\nborder-color:#017870;\n}\n.avia-svg-icon.av-476jxr-15667b482313b3f4237689128ef8c28f svg:first-child{\nstroke:#017870;\nfill:#017870;\n}\n.av_font_icon.av-476jxr-15667b482313b3f4237689128ef8c28f .av-icon-char{\nfont-size:15px;\nline-height:15px;\n}\n<\/style>\n<span  class='av_font_icon av-476jxr-15667b482313b3f4237689128ef8c28f avia_animate_when_visible av-icon-style- avia-icon-pos-left avia-svg-icon avia-font-svg_entypo-fontello avia-icon-animate'><span class='av-icon-char' data-av_svg_icon='18' data-av_iconset='svg_entypo-fontello' ><\/span><\/span> \u00a0Facultad de Inform\u00e1tica<\/span><\/p>\n<\/div><\/div><\/section>\n<\/div><\/p><\/div>\n<style type=\"text\/css\" data-created_by=\"avia_inline_auto\" id=\"style-css-av-qmrrqn-1cc1aaa6956fbc7077c3237cb3611467\">\n.flex_column.av-qmrrqn-1cc1aaa6956fbc7077c3237cb3611467{\nborder-radius:0px 0px 0px 0px;\npadding:0px 0px 0px 0px;\n}\n<\/style>\n<div  class='flex_column av-qmrrqn-1cc1aaa6956fbc7077c3237cb3611467 av_one_half  avia-builder-el-13  el_after_av_one_half  avia-builder-el-last  flex_column_div av-zero-column-padding  '     ><p>\n<style type=\"text\/css\" data-created_by=\"avia_inline_auto\" id=\"style-css-av-pos4tb-d444ca4c9a70d14c3d9da697b05a08f5\">\n#top .av-special-heading.av-pos4tb-d444ca4c9a70d14c3d9da697b05a08f5{\npadding-bottom:10px;\n}\nbody .av-special-heading.av-pos4tb-d444ca4c9a70d14c3d9da697b05a08f5 .av-special-heading-tag .heading-char{\nfont-size:25px;\n}\n.av-special-heading.av-pos4tb-d444ca4c9a70d14c3d9da697b05a08f5 .av-subheading{\nfont-size:10px;\n}\n<\/style>\n<div  class='av-special-heading av-pos4tb-d444ca4c9a70d14c3d9da697b05a08f5 av-special-heading-h3  avia-builder-el-14  el_before_av_progress  avia-builder-el-first '><h3 class='av-special-heading-tag '  itemprop=\"headline\"  >Investigaci\u00f3n<\/h3><div class=\"special-heading-border\"><div class=\"special-heading-inner-border\"><\/div><\/div><\/div><br \/>\n\n<style type=\"text\/css\" data-created_by=\"avia_inline_auto\" id=\"style-css-sub-av-odcqrj-ac584b60f62a48789f0850a95a263574\">\n#top .avia-progress-bar-container .avia-progress-bar.av-lqllu7-bc8ef485e0db3cd8e45a9cc69ffc89e8 .bar{\nwidth:100%;\n}\n#top .avia-progress-bar-container .avia-progress-bar.av-kkgz2n-623959e16e359baa8a24a697fe1b5d70 .bar{\nwidth:61%;\nbackground-image: linear-gradient( -45deg, #D7D7D7 25%, #F9F9F9 25%, #F9F9F9 50%, #D7D7D7 50%, #D7D7D7 75%, #F9F9F9 75%, #F9F9F9 );\nbackground-image: linear-gradient( -45deg, #D7D7D7 25%, #F9F9F9 25%, #F9F9F9 50%, #D7D7D7 50%, #D7D7D7 75%, #F9F9F9 75%, #F9F9F9 );\nbackground-color:#D7D7D7;\n}\n#top .avia-progress-bar-container .avia-progress-bar.av-jq25hr-96a4ceb29cab043453607f6fb71a5aa9 .bar{\nwidth:46%;\nbackground-image: linear-gradient( -45deg, #D7D7D7 25%, #F9F9F9 25%, #F9F9F9 50%, #D7D7D7 50%, #D7D7D7 75%, #F9F9F9 75%, #F9F9F9 );\nbackground-image: linear-gradient( -45deg, #D7D7D7 25%, #F9F9F9 25%, #F9F9F9 50%, #D7D7D7 50%, #D7D7D7 75%, #F9F9F9 75%, #F9F9F9 );\nbackground-color:#D7D7D7;\n}\n#top .avia-progress-bar-container .avia-progress-bar.av-hym79r-4bfce5d3f4f26e781566f1e37ce5b471 .bar{\nwidth:90%;\nbackground-image: linear-gradient( -45deg, #D7D7D7 25%, #F9F9F9 25%, #F9F9F9 50%, #D7D7D7 50%, #D7D7D7 75%, #F9F9F9 75%, #F9F9F9 );\nbackground-image: linear-gradient( -45deg, #D7D7D7 25%, #F9F9F9 25%, #F9F9F9 50%, #D7D7D7 50%, #D7D7D7 75%, #F9F9F9 75%, #F9F9F9 );\nbackground-color:#D7D7D7;\n}\n<\/style>\n<div  class='avia-progress-bar-container av-odcqrj-ac584b60f62a48789f0850a95a263574 av-striped-bar av-animated-bar avia_animate_when_almost_visible  avia-builder-el-15  el_after_av_heading  avia-builder-el-last '><div class='avia-progress-bar av-lqllu7-bc8ef485e0db3cd8e45a9cc69ffc89e8 icon-bar-no theme-color-bar theme-color-bar icon-bar-no'><div class=\"progressbar-title-wrap\"><div class=\"progressbar-icon\"><span class='progressbar-char avia-iconfont avia-font-entypo-fontello' data-av_icon='\ue800' data-av_iconfont='entypo-fontello' ><\/span><\/div><div class='progressbar-title'>An\u00e1lisis y miner\u00eda de datos<\/div><\/div><div class=\"progress\"><div class=\"bar-outer\"><div class='bar' data-progress='100'><\/div><\/div><\/div><\/div><div class='avia-progress-bar av-kkgz2n-623959e16e359baa8a24a697fe1b5d70 icon-bar-no silver-bar icon-bar-no'><div class=\"progressbar-title-wrap\"><div class=\"progressbar-icon\"><span class='progressbar-char avia-svg-icon avia-font-svg_entypo-fontello' data-av_svg_icon='' data-av_iconset='svg_entypo-fontello'><\/span><\/div><div class='progressbar-title'>Dise\u00f1o de serious games<\/div><\/div><div class=\"progress\"><div class=\"bar-outer\"><div class='bar' data-progress='61'><\/div><\/div><\/div><\/div><div class='avia-progress-bar av-jq25hr-96a4ceb29cab043453607f6fb71a5aa9 icon-bar-no silver-bar icon-bar-no'><div class=\"progressbar-title-wrap\"><div class=\"progressbar-icon\"><span class='progressbar-char avia-svg-icon avia-font-svg_entypo-fontello' data-av_svg_icon='' data-av_iconset='svg_entypo-fontello'><\/span><\/div><div class='progressbar-title'>Aplicaci\u00f3n de serious games en colegios<\/div><\/div><div class=\"progress\"><div class=\"bar-outer\"><div class='bar' data-progress='46'><\/div><\/div><\/div><\/div><div class='avia-progress-bar av-hym79r-4bfce5d3f4f26e781566f1e37ce5b471 icon-bar-no silver-bar icon-bar-no'><div class=\"progressbar-title-wrap\"><div class=\"progressbar-icon\"><span class='progressbar-char avia-svg-icon avia-font-svg_entypo-fontello' data-av_svg_icon='' data-av_iconset='svg_entypo-fontello'><\/span><\/div><div class='progressbar-title'>E-Learning<\/div><\/div><div class=\"progress\"><div class=\"bar-outer\"><div class='bar' data-progress='90'><\/div><\/div><\/div><\/div><\/div><\/p><\/div><\/div><\/div><\/div><!-- close content main div --><\/div><\/div><div id='about_bio-cv'  class='avia-section av-45gtpr-8941c2351998486be04dc449dd1f8f14 main_color avia-section-default avia-no-shadow  avia-builder-el-16  el_after_av_section  avia-builder-el-last  avia-bg-style-scroll container_wrap sidebar_right'  ><div class='container av-section-cont-open' ><div class='template-page content  av-content-small alpha units'><div class='post-entry post-entry-type-page post-entry-8979'><div class='entry-content-wrapper clearfix'>\n<section  class='av_textblock_section av-39opfz-3c9b19f9507fe6ec057833b7e306a363 '   itemscope=\"itemscope\" itemtype=\"https:\/\/schema.org\/CreativeWork\" ><div class='avia_textblock'  itemprop=\"text\" ><ul><br\/><h3>2026<\/h3><h4>Conferences<\/h4><li>Tharife Nabil Al-Khuffash, Julio Santilario-Berthilier, Cristina Alonso-Fern\u00e1ndez, Antonio Calvo-Morata, Baltasar Fern\u00e1ndez-Manj\u00f3n (2026): <em><strong><a href=\"http:\/\/pubman.e-ucm.es\/drafts\/e-UCM_draft_414.pdf\">Toward Inclusive Learning Analytics: A Multi-Profile Approach<\/a><\/strong><\/em>. Learning Analytics Summer Institute Spain 2026 (LASI Spain 26). May 6-8 2026, Zamora, Spain.<\/li><br\/><h3>2025<\/h3><h4>Journal<\/h4><li>Antonio Calvo-Morata, Cristina Alonso-Fern\u00e1ndez, Julio Santilario-Berthilier, Iv\u00e1n Mart\u00ednez-Ortiz, Baltasar Fern\u00e1ndez-Manj\u00f3n (2025): <em><strong><a href=\"http:\/\/pubman.e-ucm.es\/drafts\/e-UCM_draft_395.pdf\">Learning Analytics to Guide Serious Game Development: A Case Study Using Articoding<\/a><\/strong><\/em>. Computers, 14, 122. [JCR 2023 IF 2.4, 100\/1700, Q3 in COMPUTER SCIENCE, INTERDISCIPLINARY APPLICATIONS]. DOI: 10.3390\/computers14040122.<\/li><h4>Conferences<\/h4><li>Antonio Calvo-Morata, Julio Santilario-Berthilier, Cristina Alonso-Fern\u00e1ndez, Manuel Freire, Iv\u00e1n Mart\u00ednez-Ortiz, Baltasar Fern\u00e1ndez-Manj\u00f3n (2025): <em><strong><a href=\"http:\/\/pubman.e-ucm.es\/drafts\/e-UCM_draft_399.pdf\">Full software support for game learning analytics<\/a><\/strong><\/em>. Learning Analytics Summer Institute Spain 2025 (LASI Spain 25). May 26-27 2025, Vitoria-Gasteiz, Spain.<\/li><li>Julio Santilario-Berthilier, Antonio Calvo-Morata, Iv\u00e1n Mart\u00ednez-Ortiz, Marc Spaniol, Baltasar Fern\u00e1ndez-Manj\u00f3n (2025): <em><strong><a href=\"http:\/\/pubman.e-ucm.es\/drafts\/e-UCM_draft_402.pdf\">SIMVA: Serious Games Learning Analytics Based on Standards and Open Code<\/a><\/strong><\/em>. The 15th International Learning Analytics and Knowledge Conference (LAK 2025). March 3 - 7, 2025, Dublin, Ireland.<\/li><\/ul>\n<\/div><\/section>\n<\/div><\/div><\/div><!-- close content main div --><\/div><\/div><div id='after_section_3'  class='main_color av_default_container_wrap container_wrap sidebar_right'  ><div class='container av-section-cont-open' ><div class='template-page content  av-content-small alpha units'><div class='post-entry post-entry-type-page post-entry-8979'><div class='entry-content-wrapper clearfix'><\/p>\n","protected":false},"excerpt":{"rendered":"","protected":false},"author":2,"featured_media":0,"parent":1152,"menu_order":0,"comment_status":"open","ping_status":"closed","template":"","meta":{"footnotes":""},"class_list":["post-8979","page","type-page","status-publish","hentry"],"_links":{"self":[{"href":"https:\/\/www.e-ucm.es\/es\/wp-json\/wp\/v2\/pages\/8979","targetHints":{"allow":["GET"]}}],"collection":[{"href":"https:\/\/www.e-ucm.es\/es\/wp-json\/wp\/v2\/pages"}],"about":[{"href":"https:\/\/www.e-ucm.es\/es\/wp-json\/wp\/v2\/types\/page"}],"author":[{"embeddable":true,"href":"https:\/\/www.e-ucm.es\/es\/wp-json\/wp\/v2\/users\/2"}],"replies":[{"embeddable":true,"href":"https:\/\/www.e-ucm.es\/es\/wp-json\/wp\/v2\/comments?post=8979"}],"version-history":[{"count":14,"href":"https:\/\/www.e-ucm.es\/es\/wp-json\/wp\/v2\/pages\/8979\/revisions"}],"predecessor-version":[{"id":9015,"href":"https:\/\/www.e-ucm.es\/es\/wp-json\/wp\/v2\/pages\/8979\/revisions\/9015"}],"up":[{"embeddable":true,"href":"https:\/\/www.e-ucm.es\/es\/wp-json\/wp\/v2\/pages\/1152"}],"wp:attachment":[{"href":"https:\/\/www.e-ucm.es\/es\/wp-json\/wp\/v2\/media?parent=8979"}],"curies":[{"name":"wp","href":"https:\/\/api.w.org\/{rel}","templated":true}]}}