{"id":8994,"date":"2026-05-07T15:58:56","date_gmt":"2026-05-07T13:58:56","guid":{"rendered":"https:\/\/www.e-ucm.es\/?page_id=8994"},"modified":"2026-05-08T09:56:03","modified_gmt":"2026-05-08T07:56:03","slug":"tharife","status":"publish","type":"page","link":"https:\/\/www.e-ucm.es\/es\/people\/tharife\/","title":{"rendered":"Tharife Nabil Al-Khuffash"},"content":{"rendered":"<div id='about_bio'  class='avia-section av-1r4k5hr-a4d794413e65cc27cf57e684fbb80331 main_color avia-section-default avia-no-shadow  avia-builder-el-0  el_before_av_section  avia-builder-el-first  avia-bg-style-scroll container_wrap sidebar_right'  ><div class='container av-section-cont-open' ><main  role=\"main\" itemprop=\"mainContentOfPage\"  class='template-page content  av-content-small alpha units'><div class='post-entry post-entry-type-page post-entry-8994'><div class='entry-content-wrapper clearfix'>\n<div  class='flex_column av-1qef81b-4eca1258e33f685d3eeafe7debfa322c av_two_third  avia-builder-el-1  el_before_av_one_third  avia-builder-el-first  first flex_column_div  '     ><p>\n<style type=\"text\/css\" data-created_by=\"avia_inline_auto\" id=\"style-css-av-1ogu2un-48aa84786627dc5a3ca9ddc40ac8ac22\">\n#top .av-special-heading.av-1ogu2un-48aa84786627dc5a3ca9ddc40ac8ac22{\npadding-bottom:0;\n}\nbody .av-special-heading.av-1ogu2un-48aa84786627dc5a3ca9ddc40ac8ac22 .av-special-heading-tag .heading-char{\nfont-size:25px;\n}\n.av-special-heading.av-1ogu2un-48aa84786627dc5a3ca9ddc40ac8ac22 .av-subheading{\nfont-size:10px;\n}\n<\/style>\n<div  class='av-special-heading av-1ogu2un-48aa84786627dc5a3ca9ddc40ac8ac22 av-special-heading-h1  avia-builder-el-2  el_before_av_textblock  avia-builder-el-first '><h1 class='av-special-heading-tag '  itemprop=\"headline\"  >Tharife Nabil Al-Khuffash<\/h1><div class=\"special-heading-border\"><div class=\"special-heading-inner-border\"><\/div><\/div><\/div><br \/>\n<section  class='av_textblock_section av-1m59odr-88919335a27a32afcca24fd2a4881bbc '   itemscope=\"itemscope\" itemtype=\"https:\/\/schema.org\/CreativeWork\" ><div class='avia_textblock'  itemprop=\"text\" ><p>Estudiante de Doctorado<\/p>\n<\/div><\/section><br \/>\n<section  class='av_textblock_section av-1lc4ibj-48c5e1cc6519ffdac632d5d46b6267f3 '   itemscope=\"itemscope\" itemtype=\"https:\/\/schema.org\/CreativeWork\" ><div class='avia_textblock'  itemprop=\"text\" ><p><strong>Tharife Nabil Al-Khuffash <\/strong>es doctoranda del grupo e-UCM en la Universidad Complutense de Madrid. Obtuvo su m\u00e1ster en la Universidad de Sevilla (Espa\u00f1a) en 2015 y su grado en la Universidad de Petra (Jordania) en 2014. Fue profesora a tiempo completo en la Universidad de Petra desde 2016 hasta 2023 (Jordania), donde imparti\u00f3 diversos cursos de programaci\u00f3n orientada a objetos en Java, programaci\u00f3n visual, dise\u00f1o web y habilidades inform\u00e1ticas.<\/p>\n<p>Sus <strong>\u00e1reas de investigaci\u00f3n<\/strong> incluyen el e-learning, la motivaci\u00f3n de estudiantes, el aprendizaje centrado en el estudiante, la gamificaci\u00f3n en la educaci\u00f3n, el aprendizaje invertido, los juegos serios, la anal\u00edtica del aprendizaje para juegos, la inteligencia artificial y la ingenier\u00eda de software.<\/p>\n<\/div><\/section><\/p><\/div>\n<style type=\"text\/css\" data-created_by=\"avia_inline_auto\" id=\"style-css-av-1j1x6tr-7e3753621577e9cbe3163da21cb91af7\">\n.flex_column.av-1j1x6tr-7e3753621577e9cbe3163da21cb91af7{\nborder-radius:0px 0px 0px 0px;\npadding:0px 0px 0px 0px;\n}\n<\/style>\n<div  class='flex_column av-1j1x6tr-7e3753621577e9cbe3163da21cb91af7 av_one_third  avia-builder-el-5  el_after_av_two_third  avia-builder-el-last  flex_column_div av-zero-column-padding  '     ><style type=\"text\/css\" data-created_by=\"avia_inline_auto\" id=\"style-css-av-1hk2ylb-e81c7a31db27c016a0aa03c8e0de2770\">\n.avia-image-container.av-1hk2ylb-e81c7a31db27c016a0aa03c8e0de2770 img.avia_image{\nbox-shadow:none;\n}\n.avia-image-container.av-1hk2ylb-e81c7a31db27c016a0aa03c8e0de2770 .av-image-caption-overlay-center{\ncolor:#ffffff;\n}\n<\/style>\n<div  class='avia-image-container av-1hk2ylb-e81c7a31db27c016a0aa03c8e0de2770 av-styling- avia_animated_image av-animated-when-visible-95 left-to-right avia-align-right  avia-builder-el-6  avia-builder-el-no-sibling '   itemprop=\"image\" itemscope=\"itemscope\" itemtype=\"https:\/\/schema.org\/ImageObject\" ><div class=\"avia-image-container-inner\"><div class=\"avia-image-overlay-wrap\"><img decoding=\"async\" fetchpriority=\"high\" class='wp-image-9071 avia-img-lazy-loading-not-9071 avia_image ' src=\"https:\/\/www.e-ucm.es\/wp-content\/uploads\/2026\/05\/photo_2026-05-08_09-51-58.jpg\" alt='' title='photo_2026-05-08_09-51-58'  height=\"1280\" width=\"857\"  itemprop=\"thumbnailUrl\"  \/><\/div><\/div><\/div><\/div><\/div><\/div><\/main><!-- close content main element --><\/div><\/div><div id='about_bio-details'  class='avia-section av-1g0gfjj-d92ce400fb5ac5874f45edbabe49aeb0 main_color avia-section-default avia-no-shadow  avia-builder-el-7  el_after_av_section  el_before_av_section  avia-bg-style-scroll container_wrap sidebar_right'  ><div class='container av-section-cont-open' ><div class='template-page content  av-content-small alpha units'><div class='post-entry post-entry-type-page post-entry-8994'><div class='entry-content-wrapper clearfix'>\n<div  class='flex_column av-1ewaj2n-4999b4b25b57db4af2951f2119d4ddc1 av_one_half  avia-builder-el-8  el_before_av_one_half  avia-builder-el-first  first flex_column_div  '     ><p>\n<style type=\"text\/css\" data-created_by=\"avia_inline_auto\" id=\"style-css-av-1c9zgun-65295caac2bf757fd9534137b827877b\">\n#top .av-special-heading.av-1c9zgun-65295caac2bf757fd9534137b827877b{\npadding-bottom:0;\n}\nbody .av-special-heading.av-1c9zgun-65295caac2bf757fd9534137b827877b .av-special-heading-tag .heading-char{\nfont-size:25px;\n}\n.av-special-heading.av-1c9zgun-65295caac2bf757fd9534137b827877b .av-subheading{\nfont-size:10px;\n}\n<\/style>\n<div  class='av-special-heading av-1c9zgun-65295caac2bf757fd9534137b827877b av-special-heading-h3  avia-builder-el-9  el_before_av_tab_container  avia-builder-el-first '><h3 class='av-special-heading-tag '  itemprop=\"headline\"  >Contacto<\/h3><div class=\"special-heading-border\"><div class=\"special-heading-inner-border\"><\/div><\/div><\/div><br \/>\n<div  class='tabcontainer av-1bxg2un-a6ac1824e0bb6dda339d9caa3d88aa21 top_tab  avia-builder-el-10  el_after_av_heading  avia-builder-el-last '>\n<section class='av_tab_section av_tab_section av-19ucobj-4133d807cb0c9ffc3ce192da62c47ce1'  itemscope=\"itemscope\" itemtype=\"https:\/\/schema.org\/CreativeWork\" ><div id='tab-id-1-tab' class='tab active_tab' role='tab' aria-selected=\"true\" tabindex=\"0\" data-fake-id='#tab-id-1' aria-controls='tab-id-1-content'  itemprop=\"headline\" ><span class='tab_icon avia-svg-icon avia-font-svg_entypo-fontello' data-av_svg_icon='5' data-av_iconset='svg_entypo-fontello'><\/span>Basic<\/div><div id='tab-id-1-content' class='tab_content active_tab_content' role='tabpanel' aria-labelledby='tab-id-1-tab' aria-hidden=\"false\"><div class='tab_inner_content invers-color'  itemprop=\"text\" ><p>\n<style type=\"text\/css\" data-created_by=\"avia_inline_auto\" id=\"style-css-av-17wg66n-5bdd58d5a3bf5d1a796e8feac89a555c\">\n.av_font_icon.av-17wg66n-5bdd58d5a3bf5d1a796e8feac89a555c{\ncolor:#017870;\nborder-color:#017870;\n}\n.avia-svg-icon.av-17wg66n-5bdd58d5a3bf5d1a796e8feac89a555c svg:first-child{\nstroke:#017870;\nfill:#017870;\n}\n.av_font_icon.av-17wg66n-5bdd58d5a3bf5d1a796e8feac89a555c .av-icon-char{\nfont-size:15px;\nline-height:15px;\n}\n<\/style>\n<span  class='av_font_icon av-17wg66n-5bdd58d5a3bf5d1a796e8feac89a555c avia_animate_when_visible av-icon-style- avia-icon-pos-left avia-svg-icon avia-font-svg_entypo-fontello avia-icon-animate'><span class='av-icon-char' data-av_svg_icon='5' data-av_iconset='svg_entypo-fontello' ><\/span><\/span> <a href=\"mailto:talkhuff@ucm.es\">talkhuff@ucm.es<\/a><\/p>\n<p><span style=\"line-height: 1.5em;\">\n<style type=\"text\/css\" data-created_by=\"avia_inline_auto\" id=\"style-css-av-476jxr-15667b482313b3f4237689128ef8c28f\">\n.av_font_icon.av-476jxr-15667b482313b3f4237689128ef8c28f{\ncolor:#017870;\nborder-color:#017870;\n}\n.avia-svg-icon.av-476jxr-15667b482313b3f4237689128ef8c28f svg:first-child{\nstroke:#017870;\nfill:#017870;\n}\n.av_font_icon.av-476jxr-15667b482313b3f4237689128ef8c28f .av-icon-char{\nfont-size:15px;\nline-height:15px;\n}\n<\/style>\n<span  class='av_font_icon av-476jxr-15667b482313b3f4237689128ef8c28f avia_animate_when_visible av-icon-style- avia-icon-pos-left avia-svg-icon avia-font-svg_entypo-fontello avia-icon-animate'><span class='av-icon-char' data-av_svg_icon='18' data-av_iconset='svg_entypo-fontello' ><\/span><\/span> \u00a0Facultad de Inform\u00e1tica<\/span><\/p>\n<\/div><\/div><\/section>\n<\/div><\/p><\/div>\n<style type=\"text\/css\" data-created_by=\"avia_inline_auto\" id=\"style-css-av-qmrrqn-1cc1aaa6956fbc7077c3237cb3611467\">\n.flex_column.av-qmrrqn-1cc1aaa6956fbc7077c3237cb3611467{\nborder-radius:0px 0px 0px 0px;\npadding:0px 0px 0px 0px;\n}\n<\/style>\n<div  class='flex_column av-qmrrqn-1cc1aaa6956fbc7077c3237cb3611467 av_one_half  avia-builder-el-13  el_after_av_one_half  avia-builder-el-last  flex_column_div av-zero-column-padding  '     ><p>\n<style type=\"text\/css\" data-created_by=\"avia_inline_auto\" id=\"style-css-av-pos4tb-d444ca4c9a70d14c3d9da697b05a08f5\">\n#top .av-special-heading.av-pos4tb-d444ca4c9a70d14c3d9da697b05a08f5{\npadding-bottom:10px;\n}\nbody .av-special-heading.av-pos4tb-d444ca4c9a70d14c3d9da697b05a08f5 .av-special-heading-tag .heading-char{\nfont-size:25px;\n}\n.av-special-heading.av-pos4tb-d444ca4c9a70d14c3d9da697b05a08f5 .av-subheading{\nfont-size:10px;\n}\n<\/style>\n<div  class='av-special-heading av-pos4tb-d444ca4c9a70d14c3d9da697b05a08f5 av-special-heading-h3  avia-builder-el-14  el_before_av_progress  avia-builder-el-first '><h3 class='av-special-heading-tag '  itemprop=\"headline\"  >Investigaci\u00f3n<\/h3><div class=\"special-heading-border\"><div class=\"special-heading-inner-border\"><\/div><\/div><\/div><br \/>\n\n<style type=\"text\/css\" data-created_by=\"avia_inline_auto\" id=\"style-css-sub-av-odcqrj-ac584b60f62a48789f0850a95a263574\">\n#top .avia-progress-bar-container .avia-progress-bar.av-hym79r-4bfce5d3f4f26e781566f1e37ce5b471 .bar{\nwidth:90%;\nbackground-image: linear-gradient( -45deg, #D7D7D7 25%, #F9F9F9 25%, #F9F9F9 50%, #D7D7D7 50%, #D7D7D7 75%, #F9F9F9 75%, #F9F9F9 );\nbackground-image: linear-gradient( -45deg, #D7D7D7 25%, #F9F9F9 25%, #F9F9F9 50%, #D7D7D7 50%, #D7D7D7 75%, #F9F9F9 75%, #F9F9F9 );\nbackground-color:#D7D7D7;\n}\n#top .avia-progress-bar-container .avia-progress-bar.av-lqllu7-ba28949cdaf67f268953368d13bce8c9 .bar{\nwidth:80%;\n}\n#top .avia-progress-bar-container .avia-progress-bar.av-kkgz2n-5b615df53c2b37f0f589e3f047b0413e .bar{\nwidth:75%;\nbackground-image: linear-gradient( -45deg, #D7D7D7 25%, #F9F9F9 25%, #F9F9F9 50%, #D7D7D7 50%, #D7D7D7 75%, #F9F9F9 75%, #F9F9F9 );\nbackground-image: linear-gradient( -45deg, #D7D7D7 25%, #F9F9F9 25%, #F9F9F9 50%, #D7D7D7 50%, #D7D7D7 75%, #F9F9F9 75%, #F9F9F9 );\nbackground-color:#D7D7D7;\n}\n#top .avia-progress-bar-container .avia-progress-bar.av-jq25hr-aa39f2e70fb648cf899f26188037a3cf .bar{\nwidth:46%;\nbackground-image: linear-gradient( -45deg, #D7D7D7 25%, #F9F9F9 25%, #F9F9F9 50%, #D7D7D7 50%, #D7D7D7 75%, #F9F9F9 75%, #F9F9F9 );\nbackground-image: linear-gradient( -45deg, #D7D7D7 25%, #F9F9F9 25%, #F9F9F9 50%, #D7D7D7 50%, #D7D7D7 75%, #F9F9F9 75%, #F9F9F9 );\nbackground-color:#D7D7D7;\n}\n#top .avia-progress-bar-container .avia-progress-bar.av-mowm8tct-6e61d1b0066e9948633531b1b9ec3db0 .bar{\nwidth:100%;\n}\n<\/style>\n<div  class='avia-progress-bar-container av-odcqrj-ac584b60f62a48789f0850a95a263574 av-striped-bar av-animated-bar avia_animate_when_almost_visible  avia-builder-el-15  el_after_av_heading  avia-builder-el-last '><div class='avia-progress-bar av-hym79r-4bfce5d3f4f26e781566f1e37ce5b471 icon-bar-no silver-bar icon-bar-no'><div class=\"progressbar-title-wrap\"><div class=\"progressbar-icon\"><span class='progressbar-char avia-svg-icon avia-font-svg_entypo-fontello' data-av_svg_icon='' data-av_iconset='svg_entypo-fontello'><\/span><\/div><div class='progressbar-title'>E-Learning<\/div><\/div><div class=\"progress\"><div class=\"bar-outer\"><div class='bar' data-progress='90'><\/div><\/div><\/div><\/div><div class='avia-progress-bar av-lqllu7-ba28949cdaf67f268953368d13bce8c9 icon-bar-no theme-color-bar theme-color-bar icon-bar-no'><div class=\"progressbar-title-wrap\"><div class=\"progressbar-icon\"><span class='progressbar-char avia-iconfont avia-font-entypo-fontello' data-av_icon='\ue800' data-av_iconfont='entypo-fontello' ><\/span><\/div><div class='progressbar-title'>Serious Games<\/div><\/div><div class=\"progress\"><div class=\"bar-outer\"><div class='bar' data-progress='80'><\/div><\/div><\/div><\/div><div class='avia-progress-bar av-kkgz2n-5b615df53c2b37f0f589e3f047b0413e icon-bar-no silver-bar icon-bar-no'><div class=\"progressbar-title-wrap\"><div class=\"progressbar-icon\"><span class='progressbar-char avia-svg-icon avia-font-svg_entypo-fontello' data-av_svg_icon='address' data-av_iconset='svg_entypo-fontello'><svg version=\"1.1\" xmlns=\"http:\/\/www.w3.org\/2000\/svg\" width=\"32\" height=\"32\" viewBox=\"0 0 32 32\" preserveAspectRatio=\"xMidYMid meet\" aria-labelledby='av-svg-title-1' aria-describedby='av-svg-desc-1' role=\"graphics-symbol\">\n<title id='av-svg-title-1'>Address<\/title>\n<desc id='av-svg-desc-1'>Address icon<\/desc>\n<path d=\"M13.632 1.6q0.64 0 0.64 0.64v27.52q0 0.64-0.64 0.64h-1.472q-0.64 0-0.64-0.64v-14.080h-5.632q-0.512 0-0.896-0.192-0.384-0.064-0.832-0.384l-3.84-2.624q-0.32-0.192-0.32-0.512t0.32-0.512l3.84-2.624q0.448-0.32 0.832-0.384 0.256-0.128 0.896-0.128h5.632v-6.080q0-0.64 0.64-0.64h1.472zM31.68 8.256q0.32 0.192 0.32 0.512t-0.32 0.512l-3.776 2.624q-0.704 0.384-0.832 0.384-0.448 0.192-0.896 0.192h-9.664l-1.28-7.36h10.944q0.576 0 0.896 0.128t0.832 0.384z\"><\/path>\n<\/svg><\/span><\/div><div class='progressbar-title'>Game Learning Analytics<\/div><\/div><div class=\"progress\"><div class=\"bar-outer\"><div class='bar' data-progress='75'><\/div><\/div><\/div><\/div><div class='avia-progress-bar av-jq25hr-aa39f2e70fb648cf899f26188037a3cf icon-bar-no silver-bar icon-bar-no'><div class=\"progressbar-title-wrap\"><div class=\"progressbar-icon\"><span class='progressbar-char avia-svg-icon avia-font-svg_entypo-fontello' data-av_svg_icon='address' data-av_iconset='svg_entypo-fontello'><svg version=\"1.1\" xmlns=\"http:\/\/www.w3.org\/2000\/svg\" width=\"32\" height=\"32\" viewBox=\"0 0 32 32\" preserveAspectRatio=\"xMidYMid meet\" aria-labelledby='av-svg-title-2' aria-describedby='av-svg-desc-2' role=\"graphics-symbol\">\n<title id='av-svg-title-2'>Address<\/title>\n<desc id='av-svg-desc-2'>Address icon<\/desc>\n<path d=\"M13.632 1.6q0.64 0 0.64 0.64v27.52q0 0.64-0.64 0.64h-1.472q-0.64 0-0.64-0.64v-14.080h-5.632q-0.512 0-0.896-0.192-0.384-0.064-0.832-0.384l-3.84-2.624q-0.32-0.192-0.32-0.512t0.32-0.512l3.84-2.624q0.448-0.32 0.832-0.384 0.256-0.128 0.896-0.128h5.632v-6.080q0-0.64 0.64-0.64h1.472zM31.68 8.256q0.32 0.192 0.32 0.512t-0.32 0.512l-3.776 2.624q-0.704 0.384-0.832 0.384-0.448 0.192-0.896 0.192h-9.664l-1.28-7.36h10.944q0.576 0 0.896 0.128t0.832 0.384z\"><\/path>\n<\/svg><\/span><\/div><div class='progressbar-title'>Artificial Intelligence<\/div><\/div><div class=\"progress\"><div class=\"bar-outer\"><div class='bar' data-progress='46'><\/div><\/div><\/div><\/div><div class='avia-progress-bar av-mowm8tct-6e61d1b0066e9948633531b1b9ec3db0 icon-bar-no theme-color-bar theme-color-bar icon-bar-no'><div class=\"progressbar-title-wrap\"><div class=\"progressbar-icon\"><span class='progressbar-char avia-svg-icon avia-font-svg_entypo-fontello' data-av_svg_icon='tools' data-av_iconset='svg_entypo-fontello'><svg version=\"1.1\" xmlns=\"http:\/\/www.w3.org\/2000\/svg\" width=\"32\" height=\"32\" viewBox=\"0 0 32 32\" preserveAspectRatio=\"xMidYMid meet\" aria-labelledby='av-svg-title-3' aria-describedby='av-svg-desc-3' role=\"graphics-symbol\">\n<title id='av-svg-title-3'>Tools<\/title>\n<desc id='av-svg-desc-3'>Tools<\/desc>\n<path d=\"M4.96 11.008q-0.256 0.256-0.352 0.704t-0.096 0.8-0.064 0.352q-0.064 0.064-0.544 0.48t-0.608 0.544q-0.512 0.448-0.896-0.128l-2.24-2.432q-0.352-0.384 0.064-0.768 0.064-0.064 0.576-0.448t0.64-0.512q0.192-0.192 0.864-0.192t1.184-0.448q0.448-0.448 0.576-1.216t0.32-0.96q0.064 0 0.288-0.224t0.832-0.704 1.312-0.992q4.288-2.88 5.952-3.072 3.904 0 4.736 0.064 0.384 0-0.256 0.256-3.84 1.664-4.864 2.432-2.56 1.792-1.152 3.648 1.088 1.472 1.216 1.536 0.256 0.256-0.064 0.448-0.064 0.064-1.216 1.12t-1.216 1.12q-0.448 0.256-0.576 0.128-1.344-1.536-2.272-1.92t-2.144 0.384zM14.112 11.84l13.12 15.232q0.576 0.704-0.064 1.216l-1.536 1.344q-0.704 0.448-1.216-0.128l-13.248-15.104q-0.256-0.256 0-0.64l2.304-1.984q0.384-0.256 0.64 0.064zM31.84 5.376q0.512 3.328-0.512 5.312-1.6 2.816-4.928 1.984-1.792-0.384-3.2 1.024l-2.624 2.496-2.176-2.496 2.176-2.24q0.768-0.768 0.992-1.696t0.192-2.080 0.16-1.856q0.384-1.792 4.48-3.584 0.384-0.192 0.576 0.096t0.064 0.48q-0.384 0.384-1.472 2.56-0.448 0.32-0.384 1.12t1.28 1.696q1.856 1.28 3.072-0.704 0.192-0.384 0.832-1.312t0.704-1.056q0.128-0.32 0.416-0.288t0.352 0.544zM4.384 27.264l8.128-7.936 2.432 2.752-7.872 7.744q-0.64 0.64-1.216 0.128l-1.472-1.472q-0.704-0.576 0-1.216z\"><\/path>\n<\/svg><\/span><\/div><div class='progressbar-title'>Gamification in education<\/div><\/div><div class=\"progress\"><div class=\"bar-outer\"><div class='bar' data-progress='100'><\/div><\/div><\/div><\/div><\/div><\/p><\/div><\/div><\/div><\/div><!-- close content main div --><\/div><\/div><div id='about_bio-cv'  class='avia-section av-45gtpr-8941c2351998486be04dc449dd1f8f14 main_color avia-section-default avia-no-shadow  avia-builder-el-16  el_after_av_section  avia-builder-el-last  avia-bg-style-scroll container_wrap sidebar_right'  ><div class='container av-section-cont-open' ><div class='template-page content  av-content-small alpha units'><div class='post-entry post-entry-type-page post-entry-8994'><div class='entry-content-wrapper clearfix'>\n\n<style type=\"text\/css\" data-created_by=\"avia_inline_auto\" id=\"style-css-av-movm9i6k-93216310e29c3346dacffb9bb74e05e2\">\n#top .av-special-heading.av-movm9i6k-93216310e29c3346dacffb9bb74e05e2{\npadding-bottom:0;\n}\nbody .av-special-heading.av-movm9i6k-93216310e29c3346dacffb9bb74e05e2 .av-special-heading-tag .heading-char{\nfont-size:25px;\n}\n.av-special-heading.av-movm9i6k-93216310e29c3346dacffb9bb74e05e2 .av-subheading{\nfont-size:10px;\n}\n<\/style>\n<div  class='av-special-heading av-movm9i6k-93216310e29c3346dacffb9bb74e05e2 av-special-heading-h2  avia-builder-el-17  el_before_av_textblock  avia-builder-el-first '><h2 class='av-special-heading-tag '  itemprop=\"headline\"  >Publicaciones<\/h2><div class=\"special-heading-border\"><div class=\"special-heading-inner-border\"><\/div><\/div><\/div>\n<section  class='av_textblock_section av-39opfz-3c9b19f9507fe6ec057833b7e306a363 '   itemscope=\"itemscope\" itemtype=\"https:\/\/schema.org\/CreativeWork\" ><div class='avia_textblock'  itemprop=\"text\" ><span class=\"pubclass-authors\">Tharife Nabil Al-Khuffash, Julio Santilario-Berthilier, Cristina Alonso-Fern\u00e1ndez, Antonio Calvo-Morata, Baltasar Fern\u00e1ndez-Manj\u00f3n<\/span><span class=\"pubclass-year\"> (2026): <\/span><em><strong><a id=\"single-publication\" class=\"pubclass-link\" href=\"http:\/\/pubman.e-ucm.es\/drafts\/e-UCM_draft_414.pdf\">Toward Inclusive Learning Analytics: A Multi-Profile Approach<\/a><\/strong><\/em>. <span class=\"pubclass-details\">Learning Analytics Summer Institute Spain 2026 (LASI Spain 26). May 6-8 2026, Zamora, Spain.<\/span>\n<\/div><\/section>\n<\/div><\/div><\/div><!-- close content main div --><\/div><\/div><div id='after_section_3'  class='main_color av_default_container_wrap container_wrap sidebar_right'  ><div class='container av-section-cont-open' ><div class='template-page content  av-content-small alpha units'><div class='post-entry post-entry-type-page post-entry-8994'><div class='entry-content-wrapper clearfix'><\/p>\n","protected":false},"excerpt":{"rendered":"","protected":false},"author":2,"featured_media":0,"parent":1152,"menu_order":0,"comment_status":"open","ping_status":"closed","template":"","meta":{"footnotes":""},"class_list":["post-8994","page","type-page","status-publish","hentry"],"_links":{"self":[{"href":"https:\/\/www.e-ucm.es\/es\/wp-json\/wp\/v2\/pages\/8994","targetHints":{"allow":["GET"]}}],"collection":[{"href":"https:\/\/www.e-ucm.es\/es\/wp-json\/wp\/v2\/pages"}],"about":[{"href":"https:\/\/www.e-ucm.es\/es\/wp-json\/wp\/v2\/types\/page"}],"author":[{"embeddable":true,"href":"https:\/\/www.e-ucm.es\/es\/wp-json\/wp\/v2\/users\/2"}],"replies":[{"embeddable":true,"href":"https:\/\/www.e-ucm.es\/es\/wp-json\/wp\/v2\/comments?post=8994"}],"version-history":[{"count":18,"href":"https:\/\/www.e-ucm.es\/es\/wp-json\/wp\/v2\/pages\/8994\/revisions"}],"predecessor-version":[{"id":9076,"href":"https:\/\/www.e-ucm.es\/es\/wp-json\/wp\/v2\/pages\/8994\/revisions\/9076"}],"up":[{"embeddable":true,"href":"https:\/\/www.e-ucm.es\/es\/wp-json\/wp\/v2\/pages\/1152"}],"wp:attachment":[{"href":"https:\/\/www.e-ucm.es\/es\/wp-json\/wp\/v2\/media?parent=8994"}],"curies":[{"name":"wp","href":"https:\/\/api.w.org\/{rel}","templated":true}]}}